{"id":12532,"date":"2025-11-17T15:27:49","date_gmt":"2025-11-17T15:27:49","guid":{"rendered":"https:\/\/biosensual.pl\/?page_id=12532"},"modified":"2025-11-21T18:04:20","modified_gmt":"2025-11-21T18:04:20","slug":"nasza-misja","status":"publish","type":"page","link":"https:\/\/biosensual.pl\/en\/nasza-misja\/","title":{"rendered":"Our mission"},"content":{"rendered":"<div data-elementor-type=\"wp-page\" data-elementor-id=\"12532\" class=\"elementor elementor-12532\" data-elementor-post-type=\"page\">\n\t\t\t\t<div class=\"elementor-element elementor-element-29a4b23 e-flex e-con-boxed e-con e-parent\" data-id=\"29a4b23\" data-element_type=\"container\" data-e-type=\"container\">\n\t\t\t\t\t<div class=\"e-con-inner\">\n\t\t<div class=\"elementor-element elementor-element-2e8b28e e-con-full e-flex e-con e-child\" data-id=\"2e8b28e\" data-element_type=\"container\" data-e-type=\"container\" data-settings=\"{&quot;background_background&quot;:&quot;classic&quot;}\">\n\t\t\t\t<div class=\"elementor-element elementor-element-e3ff309 elementor-widget elementor-widget-heading\" data-id=\"e3ff309\" data-element_type=\"widget\" data-e-type=\"widget\" data-widget_type=\"heading.default\">\n\t\t\t\t<div class=\"elementor-widget-container\">\n\t\t\t\t\t<h2 class=\"elementor-heading-title elementor-size-default\">Our mission<\/h2>\t\t\t\t<\/div>\n\t\t\t\t<\/div>\n\t\t\t\t<\/div>\n\t\t<div class=\"elementor-element elementor-element-e1b1c3c e-con-full e-flex e-con e-child\" data-id=\"e1b1c3c\" data-element_type=\"container\" data-e-type=\"container\">\n\t\t\t\t<div class=\"elementor-element elementor-element-3a6343c elementor-widget elementor-widget-image\" data-id=\"3a6343c\" data-element_type=\"widget\" data-e-type=\"widget\" data-widget_type=\"image.default\">\n\t\t\t\t<div class=\"elementor-widget-container\">\n\t\t\t\t\t\t\t\t\t\t\t\t\t\t\t<img fetchpriority=\"high\" decoding=\"async\" width=\"1024\" height=\"683\" src=\"https:\/\/biosensual.pl\/wp-content\/uploads\/2025\/11\/ART_3148-1-1-1024x683.webp\" class=\"attachment-large size-large wp-image-12852\" alt=\"Nasza misja\" srcset=\"https:\/\/biosensual.pl\/wp-content\/uploads\/2025\/11\/ART_3148-1-1-1024x683.webp 1024w, https:\/\/biosensual.pl\/wp-content\/uploads\/2025\/11\/ART_3148-1-1-300x200.webp 300w, https:\/\/biosensual.pl\/wp-content\/uploads\/2025\/11\/ART_3148-1-1-768x513.webp 768w, https:\/\/biosensual.pl\/wp-content\/uploads\/2025\/11\/ART_3148-1-1-1536x1025.webp 1536w, https:\/\/biosensual.pl\/wp-content\/uploads\/2025\/11\/ART_3148-1-1-2048x1367.webp 2048w, https:\/\/biosensual.pl\/wp-content\/uploads\/2025\/11\/ART_3148-1-1-18x12.webp 18w, https:\/\/biosensual.pl\/wp-content\/uploads\/2025\/11\/ART_3148-1-1-600x400.webp 600w\" sizes=\"(max-width: 1024px) 100vw, 1024px\" \/>\t\t\t\t\t\t\t\t\t\t\t\t\t\t\t<\/div>\n\t\t\t\t<\/div>\n\t\t\t\t<\/div>\n\t\t\t\t\t<\/div>\n\t\t\t\t<\/div>\n\t\t<div class=\"elementor-element elementor-element-f83bb0f e-flex e-con-boxed e-con e-parent\" data-id=\"f83bb0f\" data-element_type=\"container\" data-e-type=\"container\">\n\t\t\t\t\t<div class=\"e-con-inner\">\n\t\t<div class=\"elementor-element elementor-element-6a23a73 e-con-full e-flex e-con e-child\" data-id=\"6a23a73\" data-element_type=\"container\" data-e-type=\"container\">\n\t\t\t\t<div class=\"elementor-element elementor-element-5b2ea08 elementor-widget elementor-widget-heading\" data-id=\"5b2ea08\" data-element_type=\"widget\" data-e-type=\"widget\" data-widget_type=\"heading.default\">\n\t\t\t\t<div class=\"elementor-widget-container\">\n\t\t\t\t\t<h3 class=\"elementor-heading-title elementor-size-default\">Candles that ignite emotions<\/h3>\t\t\t\t<\/div>\n\t\t\t\t<\/div>\n\t\t\t\t<div class=\"elementor-element elementor-element-b999de5 elementor-widget elementor-widget-text-editor\" data-id=\"b999de5\" data-element_type=\"widget\" data-e-type=\"widget\" data-widget_type=\"text-editor.default\">\n\t\t\t\t<div class=\"elementor-widget-container\">\n\t\t\t\t\t\t\t\t\t<p>Our mission is to ignite positive emotions in people's homes and hearts through natural, hand-crafted aromatherapy candles. Each candle is created with love and passion, using pure essential oils to fill a space with a beautiful, natural scent and to serve as a warm massage oil.<\/p>\t\t\t\t\t\t\t\t<\/div>\n\t\t\t\t<\/div>\n\t\t\t\t<\/div>\n\t\t<div class=\"elementor-element elementor-element-67fd33e e-con-full e-flex e-con e-child\" data-id=\"67fd33e\" data-element_type=\"container\" data-e-type=\"container\">\n\t\t\t\t<div class=\"elementor-element elementor-element-b7ab9d3 elementor-widget elementor-widget-button\" data-id=\"b7ab9d3\" data-element_type=\"widget\" data-e-type=\"widget\" data-widget_type=\"button.default\">\n\t\t\t\t<div class=\"elementor-widget-container\">\n\t\t\t\t\t\t\t\t\t<div class=\"elementor-button-wrapper\">\n\t\t\t\t\t<a class=\"elementor-button elementor-button-link elementor-size-sm elementor-animation-shrink\" href=\"https:\/\/biosensual.pl\/en\/#sklep\">\n\t\t\t\t\t\t<span class=\"elementor-button-content-wrapper\">\n\t\t\t\t\t\t\t\t\t<span class=\"elementor-button-text\">View our products<\/span>\n\t\t\t\t\t<\/span>\n\t\t\t\t\t<\/a>\n\t\t\t\t<\/div>\n\t\t\t\t\t\t\t\t<\/div>\n\t\t\t\t<\/div>\n\t\t\t\t<\/div>\n\t\t\t\t\t<\/div>\n\t\t\t\t<\/div>\n\t\t<div class=\"elementor-element elementor-element-7018943 e-flex e-con-boxed e-con e-parent\" data-id=\"7018943\" data-element_type=\"container\" data-e-type=\"container\">\n\t\t\t\t\t<div class=\"e-con-inner\">\n\t\t<div class=\"elementor-element elementor-element-55817d4 e-con-full e-flex e-con e-child\" data-id=\"55817d4\" data-element_type=\"container\" data-e-type=\"container\">\n\t\t\t\t<div class=\"elementor-element elementor-element-4998cdb elementor-widget elementor-widget-image\" data-id=\"4998cdb\" data-element_type=\"widget\" data-e-type=\"widget\" data-widget_type=\"image.default\">\n\t\t\t\t<div class=\"elementor-widget-container\">\n\t\t\t\t\t\t\t\t\t\t\t\t\t\t\t<img decoding=\"async\" width=\"612\" height=\"840\" src=\"https:\/\/biosensual.pl\/wp-content\/uploads\/2025\/11\/IMG-20251027-WA0009-e1763549818885.webp\" class=\"attachment-full size-full wp-image-12850\" alt=\"Naturalny zapach\" srcset=\"https:\/\/biosensual.pl\/wp-content\/uploads\/2025\/11\/IMG-20251027-WA0009-e1763549818885.webp 612w, https:\/\/biosensual.pl\/wp-content\/uploads\/2025\/11\/IMG-20251027-WA0009-e1763549818885-219x300.webp 219w, https:\/\/biosensual.pl\/wp-content\/uploads\/2025\/11\/IMG-20251027-WA0009-e1763549818885-9x12.webp 9w, https:\/\/biosensual.pl\/wp-content\/uploads\/2025\/11\/IMG-20251027-WA0009-e1763549818885-600x824.webp 600w\" sizes=\"(max-width: 612px) 100vw, 612px\" \/>\t\t\t\t\t\t\t\t\t\t\t\t\t\t\t<\/div>\n\t\t\t\t<\/div>\n\t\t\t\t<\/div>\n\t\t<div class=\"elementor-element elementor-element-c64cc9c e-con-full e-flex e-con e-child\" data-id=\"c64cc9c\" data-element_type=\"container\" data-e-type=\"container\">\n\t\t\t\t<div class=\"elementor-element elementor-element-5aaaf1f elementor-widget elementor-widget-heading\" data-id=\"5aaaf1f\" data-element_type=\"widget\" data-e-type=\"widget\" data-widget_type=\"heading.default\">\n\t\t\t\t<div class=\"elementor-widget-container\">\n\t\t\t\t\t<h3 class=\"elementor-heading-title elementor-size-default\">Natural fragrance. <br>A warm touch. <br>True proximity.<\/h3>\t\t\t\t<\/div>\n\t\t\t\t<\/div>\n\t\t\t\t<div class=\"elementor-element elementor-element-47d4a29 elementor-widget elementor-widget-text-editor\" data-id=\"47d4a29\" data-element_type=\"widget\" data-e-type=\"widget\" data-widget_type=\"text-editor.default\">\n\t\t\t\t<div class=\"elementor-widget-container\">\n\t\t\t\t\t\t\t\t\t<p>We believe that scent, touch and closeness have the power to connect people, build bonds and create moments full of harmony. That is why our proprietary fragrances not only nurture the body and senses, but also inspire the sharing of warmth, love and joy.<\/p>\t\t\t\t\t\t\t\t<\/div>\n\t\t\t\t<\/div>\n\t\t\t\t<\/div>\n\t\t\t\t\t<\/div>\n\t\t\t\t<\/div>\n\t\t<div class=\"elementor-element elementor-element-fb72740 e-flex e-con-boxed e-con e-parent\" data-id=\"fb72740\" data-element_type=\"container\" data-e-type=\"container\" data-settings=\"{&quot;background_background&quot;:&quot;classic&quot;}\">\n\t\t\t\t\t<div class=\"e-con-inner\">\n\t\t\t\t<div class=\"elementor-element elementor-element-dfbdc1d elementor-widget elementor-widget-heading\" data-id=\"dfbdc1d\" data-element_type=\"widget\" data-e-type=\"widget\" data-widget_type=\"heading.default\">\n\t\t\t\t<div class=\"elementor-widget-container\">\n\t\t\t\t\t<h3 class=\"elementor-heading-title elementor-size-default\">More than a candle - a ritual of intimacy<\/h3>\t\t\t\t<\/div>\n\t\t\t\t<\/div>\n\t\t\t\t<div class=\"elementor-element elementor-element-1948317 elementor-widget elementor-widget-text-editor\" data-id=\"1948317\" data-element_type=\"widget\" data-e-type=\"widget\" data-widget_type=\"text-editor.default\">\n\t\t\t\t<div class=\"elementor-widget-container\">\n\t\t\t\t\t\t\t\t\t<p>We create candles that are more than a product - they are a ritual, an invitation to stop, breathe and experience deeper presence with yourself and your loved ones.<\/p>\t\t\t\t\t\t\t\t<\/div>\n\t\t\t\t<\/div>\n\t\t\t\t\t<\/div>\n\t\t\t\t<\/div>\n\t\t<div class=\"elementor-element elementor-element-c6936bc e-flex e-con-boxed e-con e-parent\" data-id=\"c6936bc\" data-element_type=\"container\" data-e-type=\"container\">\n\t\t\t\t\t<div class=\"e-con-inner\">\n\t\t<div class=\"elementor-element elementor-element-0d32b61 e-con-full e-flex e-con e-child\" data-id=\"0d32b61\" data-element_type=\"container\" data-e-type=\"container\">\n\t\t\t\t<div class=\"elementor-element elementor-element-8647d32 elementor-widget elementor-widget-heading\" data-id=\"8647d32\" data-element_type=\"widget\" data-e-type=\"widget\" data-widget_type=\"heading.default\">\n\t\t\t\t<div class=\"elementor-widget-container\">\n\t\t\t\t\t<h3 class=\"elementor-heading-title elementor-size-default\">A fragrance that combines<\/h3>\t\t\t\t<\/div>\n\t\t\t\t<\/div>\n\t\t\t\t<div class=\"elementor-element elementor-element-8f49714 elementor-widget__width-initial elementor-widget elementor-widget-text-editor\" data-id=\"8f49714\" data-element_type=\"widget\" data-e-type=\"widget\" data-widget_type=\"text-editor.default\">\n\t\t\t\t<div class=\"elementor-widget-container\">\n\t\t\t\t\t\t\t\t\t<p>We create candles that combine scent, touch and emotion - to inspire closeness, love and harmony in everyday life.<\/p>\t\t\t\t\t\t\t\t<\/div>\n\t\t\t\t<\/div>\n\t\t\t\t<div class=\"elementor-element elementor-element-820f2dc elementor-align-left elementor-widget elementor-widget-button\" data-id=\"820f2dc\" data-element_type=\"widget\" data-e-type=\"widget\" data-widget_type=\"button.default\">\n\t\t\t\t<div class=\"elementor-widget-container\">\n\t\t\t\t\t\t\t\t\t<div class=\"elementor-button-wrapper\">\n\t\t\t\t\t<a class=\"elementor-button elementor-button-link elementor-size-sm elementor-animation-shrink\" href=\"https:\/\/biosensual.pl\/en\/#sklep\">\n\t\t\t\t\t\t<span class=\"elementor-button-content-wrapper\">\n\t\t\t\t\t\t\t\t\t<span class=\"elementor-button-text\">View our products<\/span>\n\t\t\t\t\t<\/span>\n\t\t\t\t\t<\/a>\n\t\t\t\t<\/div>\n\t\t\t\t\t\t\t\t<\/div>\n\t\t\t\t<\/div>\n\t\t\t\t<\/div>\n\t\t<div class=\"elementor-element elementor-element-14cf25b e-con-full e-flex e-con e-child\" data-id=\"14cf25b\" data-element_type=\"container\" data-e-type=\"container\">\n\t\t\t\t<div class=\"elementor-element elementor-element-d871e51 elementor-widget elementor-widget-image\" data-id=\"d871e51\" data-element_type=\"widget\" data-e-type=\"widget\" data-widget_type=\"image.default\">\n\t\t\t\t<div class=\"elementor-widget-container\">\n\t\t\t\t\t\t\t\t\t\t\t\t\t\t\t<img decoding=\"async\" width=\"864\" height=\"1184\" src=\"https:\/\/biosensual.pl\/wp-content\/uploads\/2025\/11\/IMG-20251103-WA0000.webp\" class=\"attachment-full size-full wp-image-12848\" alt=\"Zapach, kt\u00f3ry \u0142\u0105czy\" srcset=\"https:\/\/biosensual.pl\/wp-content\/uploads\/2025\/11\/IMG-20251103-WA0000.webp 864w, https:\/\/biosensual.pl\/wp-content\/uploads\/2025\/11\/IMG-20251103-WA0000-219x300.webp 219w, https:\/\/biosensual.pl\/wp-content\/uploads\/2025\/11\/IMG-20251103-WA0000-747x1024.webp 747w, https:\/\/biosensual.pl\/wp-content\/uploads\/2025\/11\/IMG-20251103-WA0000-768x1052.webp 768w, https:\/\/biosensual.pl\/wp-content\/uploads\/2025\/11\/IMG-20251103-WA0000-9x12.webp 9w, https:\/\/biosensual.pl\/wp-content\/uploads\/2025\/11\/IMG-20251103-WA0000-600x822.webp 600w\" sizes=\"(max-width: 864px) 100vw, 864px\" \/>\t\t\t\t\t\t\t\t\t\t\t\t\t\t\t<\/div>\n\t\t\t\t<\/div>\n\t\t\t\t<\/div>\n\t\t\t\t\t<\/div>\n\t\t\t\t<\/div>\n\t\t\t\t<\/div>","protected":false},"excerpt":{"rendered":"<p>Nasza misja \u015awiece, kt\u00f3re rozpalaj\u0105 emocje Nasz\u0105 misj\u0105 jest\u00a0rozpalanie pozytywnych emocji\u00a0w domach i sercach ludzi poprzez naturalne, r\u0119cznie tworzone \u015bwiece aromaterapeutyczne. Ka\u017cda \u015bwieca powstaje z mi\u0142o\u015bci i pasji, z czystych olejk\u00f3w eterycznych, aby wype\u0142nia\u0107 przestrze\u0144 pi\u0119knym, naturalnym zapachem oraz s\u0142u\u017cy\u0107 jako ciep\u0142y olejek do masa\u017cu. Zobacz nasze produkty Naturalny zapach. Ciep\u0142y dotyk. Prawdziwa blisko\u015b\u0107. Wierzymy, [&hellip;]<\/p>\n","protected":false},"author":4,"featured_media":12852,"parent":0,"menu_order":0,"comment_status":"closed","ping_status":"closed","template":"elementor_header_footer","meta":{"footnotes":""},"class_list":["post-12532","page","type-page","status-publish","has-post-thumbnail","hentry"],"blocksy_meta":[],"_links":{"self":[{"href":"https:\/\/biosensual.pl\/en\/wp-json\/wp\/v2\/pages\/12532","targetHints":{"allow":["GET"]}}],"collection":[{"href":"https:\/\/biosensual.pl\/en\/wp-json\/wp\/v2\/pages"}],"about":[{"href":"https:\/\/biosensual.pl\/en\/wp-json\/wp\/v2\/types\/page"}],"author":[{"embeddable":true,"href":"https:\/\/biosensual.pl\/en\/wp-json\/wp\/v2\/users\/4"}],"replies":[{"embeddable":true,"href":"https:\/\/biosensual.pl\/en\/wp-json\/wp\/v2\/comments?post=12532"}],"version-history":[{"count":37,"href":"https:\/\/biosensual.pl\/en\/wp-json\/wp\/v2\/pages\/12532\/revisions"}],"predecessor-version":[{"id":13242,"href":"https:\/\/biosensual.pl\/en\/wp-json\/wp\/v2\/pages\/12532\/revisions\/13242"}],"wp:featuredmedia":[{"embeddable":true,"href":"https:\/\/biosensual.pl\/en\/wp-json\/wp\/v2\/media\/12852"}],"wp:attachment":[{"href":"https:\/\/biosensual.pl\/en\/wp-json\/wp\/v2\/media?parent=12532"}],"curies":[{"name":"wp","href":"https:\/\/api.w.org\/{rel}","templated":true}]}}