{"id":12542,"date":"2025-11-17T15:31:41","date_gmt":"2025-11-17T15:31:41","guid":{"rendered":"https:\/\/biosensual.pl\/?page_id=12542"},"modified":"2025-11-21T17:40:39","modified_gmt":"2025-11-21T17:40:39","slug":"polityka-prywatnosci-i-dostepnosc","status":"publish","type":"page","link":"https:\/\/biosensual.pl\/en\/polityka-prywatnosci-i-dostepnosc\/","title":{"rendered":"Privacy and accessibility policy"},"content":{"rendered":"<div data-elementor-type=\"wp-page\" data-elementor-id=\"12542\" class=\"elementor elementor-12542\" data-elementor-post-type=\"page\">\n\t\t\t\t<div class=\"elementor-element elementor-element-e00fcd9 e-flex e-con-boxed e-con e-parent\" data-id=\"e00fcd9\" data-element_type=\"container\" data-e-type=\"container\">\n\t\t\t\t\t<div class=\"e-con-inner\">\n\t\t\t\t<div class=\"elementor-element elementor-element-d87691e elementor-widget elementor-widget-heading\" data-id=\"d87691e\" data-element_type=\"widget\" data-e-type=\"widget\" data-widget_type=\"heading.default\">\n\t\t\t\t<div class=\"elementor-widget-container\">\n\t\t\t\t\t<h2 class=\"elementor-heading-title elementor-size-default\">Privacy policy<\/h2>\t\t\t\t<\/div>\n\t\t\t\t<\/div>\n\t\t\t\t<div class=\"elementor-element elementor-element-3592f8c elementor-widget elementor-widget-heading\" data-id=\"3592f8c\" data-element_type=\"widget\" data-e-type=\"widget\" data-widget_type=\"heading.default\">\n\t\t\t\t<div class=\"elementor-widget-container\">\n\t\t\t\t\t<h3 class=\"elementor-heading-title elementor-size-default\">1. General information<\/h3>\t\t\t\t<\/div>\n\t\t\t\t<\/div>\n\t\t\t\t<div class=\"elementor-element elementor-element-63962db elementor-widget elementor-widget-text-editor\" data-id=\"63962db\" data-element_type=\"widget\" data-e-type=\"widget\" data-widget_type=\"text-editor.default\">\n\t\t\t\t<div class=\"elementor-widget-container\">\n\t\t\t\t\t\t\t\t\t<ol><li>This policy applies to the Website, operating under the url:\u00a0<b>biosensual.co.uk<\/b><\/li><li>The service operator and personal data administrator is: Sinsere sp. z o.o.; Tytusa Cha\u0142ubi\u0144skiego Street 9\/2; 02-094 Warsaw<\/li><li>Operator's e-mail contact address: monika@biosensual.pl<\/li><li>The Operator is the Administrator of your personal data with regard to the data you voluntarily provide on the Website.<\/li><li>The Service uses personal data for the following purposes:<ul><li>Handling of enquiries via the form<\/li><li>Preparation, packaging, dispatch of goods<\/li><li>Provision of the services requested<\/li><li>Presentation of an offer or information<\/li><\/ul><\/li><li>The Service performs functions to obtain information about users and their behaviour in the following ways:<ol><li>Through the data voluntarily entered in the forms, which are entered into the Operator's systems.<\/li><li>By storing cookies (so-called \u201ecookies\u201d) on end devices.<\/li><\/ol><\/li><\/ol>\t\t\t\t\t\t\t\t<\/div>\n\t\t\t\t<\/div>\n\t\t\t\t<div class=\"elementor-element elementor-element-b407e1f elementor-widget elementor-widget-heading\" data-id=\"b407e1f\" data-element_type=\"widget\" data-e-type=\"widget\" data-widget_type=\"heading.default\">\n\t\t\t\t<div class=\"elementor-widget-container\">\n\t\t\t\t\t<h3 class=\"elementor-heading-title elementor-size-default\">2. Selected data protection methods used by the Operator<\/h3>\t\t\t\t<\/div>\n\t\t\t\t<\/div>\n\t\t\t\t<div class=\"elementor-element elementor-element-17c68d6 elementor-widget elementor-widget-text-editor\" data-id=\"17c68d6\" data-element_type=\"widget\" data-e-type=\"widget\" data-widget_type=\"text-editor.default\">\n\t\t\t\t<div class=\"elementor-widget-container\">\n\t\t\t\t\t\t\t\t\t<ol><li>The login and personal data entry sites are protected in the transmission layer (SSL certificate). This ensures that the personal and login data entered on the site are encrypted on the user's computer and can only be read on the target server.<\/li><\/ol>\t\t\t\t\t\t\t\t<\/div>\n\t\t\t\t<\/div>\n\t\t\t\t<div class=\"elementor-element elementor-element-d086415 elementor-widget elementor-widget-heading\" data-id=\"d086415\" data-element_type=\"widget\" data-e-type=\"widget\" data-widget_type=\"heading.default\">\n\t\t\t\t<div class=\"elementor-widget-container\">\n\t\t\t\t\t<h3 class=\"elementor-heading-title elementor-size-default\">3. Hosting<\/h3>\t\t\t\t<\/div>\n\t\t\t\t<\/div>\n\t\t\t\t<div class=\"elementor-element elementor-element-d65d0b3 elementor-widget elementor-widget-text-editor\" data-id=\"d65d0b3\" data-element_type=\"widget\" data-e-type=\"widget\" data-widget_type=\"text-editor.default\">\n\t\t\t\t<div class=\"elementor-widget-container\">\n\t\t\t\t\t\t\t\t\t<ol><li>The website is hosted (technically maintained) on the servers of the operator: home.pl<\/li><li>The hosting company keeps logs at server level to ensure technical reliability. The logs may include:<ul><li>resources specified by a URL identifier (addresses of the requested resources - pages, files),<\/li><li>the timing of the enquiry,<\/li><li>time of sending the reply,<\/li><li>the name of the client station - identification via the HTTP protocol,<\/li><li>information about errors that occurred during the execution of HTTP transactions,<\/li><li>the URL of a page previously visited by the user (referer link), in the event of a link to the Website,<\/li><li>information about the user's browser,<\/li><li>IP address information,<\/li><li>diagnostic information related to the process of self-ordering services via registrars on the website,<\/li><li>information related to the handling of e-mails addressed to and sent by the Operator.<\/li><\/ul><\/li><\/ol>\t\t\t\t\t\t\t\t<\/div>\n\t\t\t\t<\/div>\n\t\t\t\t<div class=\"elementor-element elementor-element-2a4271f elementor-widget elementor-widget-heading\" data-id=\"2a4271f\" data-element_type=\"widget\" data-e-type=\"widget\" data-widget_type=\"heading.default\">\n\t\t\t\t<div class=\"elementor-widget-container\">\n\t\t\t\t\t<h3 class=\"elementor-heading-title elementor-size-default\">4. Your rights and additional information on how your data will be used<\/h3>\t\t\t\t<\/div>\n\t\t\t\t<\/div>\n\t\t\t\t<div class=\"elementor-element elementor-element-01984ee elementor-widget elementor-widget-text-editor\" data-id=\"01984ee\" data-element_type=\"widget\" data-e-type=\"widget\" data-widget_type=\"text-editor.default\">\n\t\t\t\t<div class=\"elementor-widget-container\">\n\t\t\t\t\t\t\t\t\t<ol><li>In certain situations, the Administrator has the right to transfer your personal data to other recipients if this is necessary for the performance of a contract concluded with you or for the fulfilment of obligations incumbent on the Administrator. This applies to such groups of recipients:<ul><li>hosting company on a delegated basis<\/li><li>couriers<\/li><li>postal operators<\/li><li>payment operators<\/li><li>authorised employees and associates who use the data in order to fulfil the purpose of the website<\/li><li>companies providing marketing services to the Administrator<\/li><\/ul><\/li><li>Your personal data processed by the Administrator for no longer than is necessary for the performance of the related activities defined by separate regulations (e.g. on accounting). With regard to marketing data, data will not be processed for longer than 3 years.<\/li><li>You have the right to request from the Administrator:<ul><li>access to personal data concerning you,<\/li><li>their rectification,<\/li><li>deletions,<\/li><li>limitation of processing,<\/li><li>and data portability.<\/li><\/ul><\/li><li>You have the right to object, in respect of the processing indicated in paragraph 3.2, to the processing of personal data for the purposes of the legitimate interests pursued by the Controller, including profiling, with the right to object not being exercisable where there are valid legitimate grounds for the processing which override your interests, rights and freedoms, in particular the establishment, assertion or defence of claims.<\/li><li>The Administrator's actions may be complained about to the President of the Office for Personal Data Protection, ul. Stawki 2, 00-193 Warsaw.<\/li><li>The provision of personal data is voluntary, but necessary for the operation of the Service.<\/li><li>Automated decision-making, including profiling, may be undertaken in relation to you for the purpose of providing services under the contract concluded and for the purpose of direct marketing by the Administrator.<\/li><li>Personal data is not transferred from third countries within the meaning of data protection legislation. This means that we do not send them outside the European Union.<\/li><\/ol>\t\t\t\t\t\t\t\t<\/div>\n\t\t\t\t<\/div>\n\t\t\t\t<div class=\"elementor-element elementor-element-03e890c elementor-widget elementor-widget-heading\" data-id=\"03e890c\" data-element_type=\"widget\" data-e-type=\"widget\" data-widget_type=\"heading.default\">\n\t\t\t\t<div class=\"elementor-widget-container\">\n\t\t\t\t\t<h3 class=\"elementor-heading-title elementor-size-default\">5. information on the forms<\/h3>\t\t\t\t<\/div>\n\t\t\t\t<\/div>\n\t\t\t\t<div class=\"elementor-element elementor-element-8e765e7 elementor-widget elementor-widget-text-editor\" data-id=\"8e765e7\" data-element_type=\"widget\" data-e-type=\"widget\" data-widget_type=\"text-editor.default\">\n\t\t\t\t<div class=\"elementor-widget-container\">\n\t\t\t\t\t\t\t\t\t<ol><li>The service collects information voluntarily provided by the user, including personal data where provided.<\/li><li>The service can save information about the connection parameters (time stamp, IP address).<\/li><li>The website may, in some cases, store information to help link the data in the form to the e-mail address of the user completing the form. In this case, the user's e-mail address appears inside the url of the page containing the form.<\/li><li>The data provided in the form is processed for the purpose resulting from the function of the specific form, e.g. to process a service request or sales contact, registration of services, etc. Each time, the context and description of the form clearly informs you what it is used for.<\/li><\/ol>\t\t\t\t\t\t\t\t<\/div>\n\t\t\t\t<\/div>\n\t\t\t\t<div class=\"elementor-element elementor-element-92e4e25 elementor-widget elementor-widget-heading\" data-id=\"92e4e25\" data-element_type=\"widget\" data-e-type=\"widget\" data-widget_type=\"heading.default\">\n\t\t\t\t<div class=\"elementor-widget-container\">\n\t\t\t\t\t<h3 class=\"elementor-heading-title elementor-size-default\">6 Administrator logs<\/h3>\t\t\t\t<\/div>\n\t\t\t\t<\/div>\n\t\t\t\t<div class=\"elementor-element elementor-element-92c5ada elementor-widget elementor-widget-text-editor\" data-id=\"92c5ada\" data-element_type=\"widget\" data-e-type=\"widget\" data-widget_type=\"text-editor.default\">\n\t\t\t\t<div class=\"elementor-widget-container\">\n\t\t\t\t\t\t\t\t\t<ol><li>User behaviour information on the website may be subject to logging. This data is used for the administration of the website.<\/li><\/ol>\t\t\t\t\t\t\t\t<\/div>\n\t\t\t\t<\/div>\n\t\t\t\t<div class=\"elementor-element elementor-element-b130592 elementor-widget elementor-widget-heading\" data-id=\"b130592\" data-element_type=\"widget\" data-e-type=\"widget\" data-widget_type=\"heading.default\">\n\t\t\t\t<div class=\"elementor-widget-container\">\n\t\t\t\t\t<h3 class=\"elementor-heading-title elementor-size-default\">7 Relevant marketing techniques<\/h3>\t\t\t\t<\/div>\n\t\t\t\t<\/div>\n\t\t\t\t<div class=\"elementor-element elementor-element-b329eb7 elementor-widget elementor-widget-text-editor\" data-id=\"b329eb7\" data-element_type=\"widget\" data-e-type=\"widget\" data-widget_type=\"text-editor.default\">\n\t\t\t\t<div class=\"elementor-widget-container\">\n\t\t\t\t\t\t\t\t\t<ol><li>The operator uses statistical analysis of website traffic via Google Analytics (Google Inc., based in the USA). The operator does not transmit personal data to the operator of this service, only anonymised information. The service is based on the use of cookies on the user's terminal device. With regard to the information on user preferences collected by the Google advertising network, the user can view and edit the information resulting from cookies using the following tool: https:\/\/www.google.com\/ads\/preferences\/.<\/li><li>The operator uses the Facebook pixel. This technology ensures that Facebook (Facebook Inc., USA) knows that a person registered with it is using the Website. The Operator does not transmit any additional personal data to Facebook. The service is based on the use of cookies on the user's terminal device.<\/li><\/ol>\t\t\t\t\t\t\t\t<\/div>\n\t\t\t\t<\/div>\n\t\t\t\t<div class=\"elementor-element elementor-element-daef7a1 elementor-widget elementor-widget-heading\" data-id=\"daef7a1\" data-element_type=\"widget\" data-e-type=\"widget\" data-widget_type=\"heading.default\">\n\t\t\t\t<div class=\"elementor-widget-container\">\n\t\t\t\t\t<h3 class=\"elementor-heading-title elementor-size-default\">8 Information on cookies<\/h3>\t\t\t\t<\/div>\n\t\t\t\t<\/div>\n\t\t\t\t<div class=\"elementor-element elementor-element-541725b elementor-widget elementor-widget-text-editor\" data-id=\"541725b\" data-element_type=\"widget\" data-e-type=\"widget\" data-widget_type=\"text-editor.default\">\n\t\t\t\t<div class=\"elementor-widget-container\">\n\t\t\t\t\t\t\t\t\t<ol><li>The website uses cookies.<\/li><li>Cookies (so-called \u201ecookies\u201d) are IT data, in particular text files, which are stored in the Service User's terminal equipment and are intended for use on the Website. Cookies usually contain the name of the website they come from, the time they are stored on the terminal equipment and a unique number.<\/li><li>The entity placing cookies on the Service User's terminal equipment and gaining access to them is the Service Operator.<\/li><li>Cookies are used for the following purposes:<ol><li>maintaining a session of the Website user (after logging in), thanks to which the user does not have to re-enter his\/her login and password on each subpage of the Website;<\/li><li>to achieve the objectives set out above under \u201eEssential marketing techniques\u201d;<\/li><\/ol><\/li><li>The Website uses two main types of cookies: \u201esession\u201d (session cookies) and \u201epermanent\u201d (persistent cookies). \u201eSession\u201d cookies are temporary files that are stored on the User's terminal equipment until they log off, leave the website or switch off the software (web browser). \u201ePersistent\u201d cookies are stored on the User's terminal equipment for the time specified in the parameters of the cookies or until they are deleted by the User.<\/li><li>Web browsing software (web browser) usually allows cookies to be stored on the User's terminal device by default. Users of the Website may change their settings in this respect. The Internet browser makes it possible to delete cookies. It is also possible to automatically block cookies For details, please refer to the help or documentation of your Internet browser.<\/li><li>Restrictions on the use of cookies may affect some of the functionality available on the Website.<\/li><li>Cookies placed in the Service User's terminal equipment may also be used by entities cooperating with the Service Operator, in particular companies: Google (Google Inc. based in the USA), Facebook (Facebook Inc. based in the USA), Twitter (Twitter Inc. based in the USA).<\/li><\/ol>\t\t\t\t\t\t\t\t<\/div>\n\t\t\t\t<\/div>\n\t\t\t\t<div class=\"elementor-element elementor-element-99c44f4 elementor-widget elementor-widget-heading\" data-id=\"99c44f4\" data-element_type=\"widget\" data-e-type=\"widget\" data-widget_type=\"heading.default\">\n\t\t\t\t<div class=\"elementor-widget-container\">\n\t\t\t\t\t<h3 class=\"elementor-heading-title elementor-size-default\">9. cookie management - how to give and withdraw consent in practice?<\/h3>\t\t\t\t<\/div>\n\t\t\t\t<\/div>\n\t\t\t\t<div class=\"elementor-element elementor-element-ba77fd7 elementor-widget elementor-widget-text-editor\" data-id=\"ba77fd7\" data-element_type=\"widget\" data-e-type=\"widget\" data-widget_type=\"text-editor.default\">\n\t\t\t\t<div class=\"elementor-widget-container\">\n\t\t\t\t\t\t\t\t\t<ol><li>If you do not wish to receive cookies, you can change your browser settings. We stipulate that disabling cookies that are essential for authentication processes, security, maintaining user preferences may make it difficult, and in extreme cases may make it impossible, to use the websites<\/li><li>To manage your cookie settings, select the web browser you are using from the list below and follow the instructions:<ul><li><a href=\"https:\/\/support.microsoft.com\/pl-pl\/help\/10607\/microsoft-edge-view-delete-browser-history\" target=\"_blank\" rel=\"noopener\">Edge<\/a><\/li><li><a href=\"https:\/\/support.microsoft.com\/pl-pl\/help\/278835\/how-to-delete-cookie-files-in-internet-explorer\" target=\"_blank\" rel=\"noopener\">Internet Explorer<\/a><\/li><li><a href=\"http:\/\/support.google.com\/chrome\/bin\/answer.py?hl=pl&amp;answer=95647\" target=\"_blank\" rel=\"noopener\">Chrome<\/a><\/li><li><a href=\"http:\/\/support.apple.com\/kb\/PH5042\" target=\"_blank\" rel=\"noopener\">Safari<\/a><\/li><li><a href=\"http:\/\/support.mozilla.org\/pl\/kb\/W%C5%82%C4%85czanie%20i%20wy%C5%82%C4%85czanie%20obs%C5%82ugi%20ciasteczek\" target=\"_blank\" rel=\"noopener\">Firefox<\/a><\/li><li><a href=\"http:\/\/help.opera.com\/Windows\/12.10\/pl\/cookies.html\" target=\"_blank\" rel=\"noopener\">Opera<\/a><\/li><\/ul><p>Mobile devices:<\/p><ul><li><a href=\"http:\/\/support.google.com\/chrome\/bin\/answer.py?hl=pl&amp;answer=95647\" target=\"_blank\" rel=\"noopener\">Android<\/a><\/li><li><a href=\"http:\/\/support.apple.com\/kb\/HT1677?viewlocale=pl_PL\" target=\"_blank\" rel=\"noopener\">Safari (iOS)<\/a><\/li><li><a href=\"http:\/\/www.windowsphone.com\/pl-pl\/how-to\/wp7\/web\/changing-privacy-and-other-browser-settings\" target=\"_blank\" rel=\"noopener\">Windows Phone<\/a><\/li><\/ul><\/li><\/ol>\t\t\t\t\t\t\t\t<\/div>\n\t\t\t\t<\/div>\n\t\t\t\t\t<\/div>\n\t\t\t\t<\/div>\n\t\t<div class=\"elementor-element elementor-element-34cf374 e-flex e-con-boxed e-con e-parent\" data-id=\"34cf374\" data-element_type=\"container\" data-e-type=\"container\">\n\t\t\t\t\t<div class=\"e-con-inner\">\n\t\t\t\t<div class=\"elementor-element elementor-element-3c3b704 elementor-widget elementor-widget-heading\" data-id=\"3c3b704\" data-element_type=\"widget\" data-e-type=\"widget\" data-widget_type=\"heading.default\">\n\t\t\t\t<div class=\"elementor-widget-container\">\n\t\t\t\t\t<h2 class=\"elementor-heading-title elementor-size-default\">Digital accessibility\n<\/h2>\t\t\t\t<\/div>\n\t\t\t\t<\/div>\n\t\t\t\t<div class=\"elementor-element elementor-element-8b1290e elementor-widget elementor-widget-text-editor\" data-id=\"8b1290e\" data-element_type=\"widget\" data-e-type=\"widget\" data-widget_type=\"text-editor.default\">\n\t\t\t\t<div class=\"elementor-widget-container\">\n\t\t\t\t\t\t\t\t\t<p><span style=\"font-weight: 400;\">Our aim is to provide the best possible access to the content of our website for all users, including people with disabilities.<\/span><\/p><p><span style=\"font-weight: 400;\">We have endeavoured to make the website compliant with the Web Content Accessibility Guidelines (WCAG) 2.1 at AA level. The site has been designed to allow access via keyboard, screen readers and using different screen resolutions.<\/span><\/p><p><span style=\"font-weight: 400;\">If you encounter any accessibility problems or have suggestions for improvement - please write to us. We will be happy to make the necessary changes.<\/span><\/p><p><span style=\"font-weight: 400;\">Contact for availability: monika@biosensual.pl<\/span><\/p><p><span style=\"font-weight: 400;\">Last update: November 2025.<\/span><\/p>\t\t\t\t\t\t\t\t<\/div>\n\t\t\t\t<\/div>\n\t\t\t\t\t<\/div>\n\t\t\t\t<\/div>\n\t\t\t\t<\/div>","protected":false},"excerpt":{"rendered":"<p>Polityka prywatno\u015bci 1. Informacje og\u00f3lne Niniejsza polityka dotyczy Serwisu www, funkcjonuj\u0105cego pod adresem url:\u00a0biosensual.pl Operatorem serwisu oraz Administratorem danych osobowych jest: Sinsere sp. z o.o.; ul. Tytusa Cha\u0142ubi\u0144skiego 9\/2; 02-094 Warszawa Adres kontaktowy poczty elektronicznej operatora: monika@biosensual.pl Operator jest Administratorem Twoich danych osobowych w odniesieniu do danych podanych dobrowolnie w Serwisie. Serwis wykorzystuje dane osobowe [&hellip;]<\/p>\n","protected":false},"author":4,"featured_media":0,"parent":0,"menu_order":0,"comment_status":"closed","ping_status":"closed","template":"elementor_header_footer","meta":{"footnotes":""},"class_list":["post-12542","page","type-page","status-publish","hentry"],"blocksy_meta":[],"_links":{"self":[{"href":"https:\/\/biosensual.pl\/en\/wp-json\/wp\/v2\/pages\/12542","targetHints":{"allow":["GET"]}}],"collection":[{"href":"https:\/\/biosensual.pl\/en\/wp-json\/wp\/v2\/pages"}],"about":[{"href":"https:\/\/biosensual.pl\/en\/wp-json\/wp\/v2\/types\/page"}],"author":[{"embeddable":true,"href":"https:\/\/biosensual.pl\/en\/wp-json\/wp\/v2\/users\/4"}],"replies":[{"embeddable":true,"href":"https:\/\/biosensual.pl\/en\/wp-json\/wp\/v2\/comments?post=12542"}],"version-history":[{"count":4,"href":"https:\/\/biosensual.pl\/en\/wp-json\/wp\/v2\/pages\/12542\/revisions"}],"predecessor-version":[{"id":13040,"href":"https:\/\/biosensual.pl\/en\/wp-json\/wp\/v2\/pages\/12542\/revisions\/13040"}],"wp:attachment":[{"href":"https:\/\/biosensual.pl\/en\/wp-json\/wp\/v2\/media?parent=12542"}],"curies":[{"name":"wp","href":"https:\/\/api.w.org\/{rel}","templated":true}]}}