{"id":600,"date":"2023-12-12T01:18:50","date_gmt":"2023-12-12T01:18:50","guid":{"rendered":"http:\/\/nowy.biosensual.eu\/?page_id=600"},"modified":"2025-11-21T17:39:26","modified_gmt":"2025-11-21T17:39:26","slug":"sklep","status":"publish","type":"page","link":"https:\/\/biosensual.pl\/en\/sklep\/","title":{"rendered":"Shop"},"content":{"rendered":"\t\t<div data-elementor-type=\"wp-page\" data-elementor-id=\"600\" class=\"elementor elementor-600\" data-elementor-post-type=\"page\">\n\t\t\t\t<div class=\"elementor-element elementor-element-3810ac8 e-con-full e-flex e-con e-parent\" data-id=\"3810ac8\" data-element_type=\"container\" data-e-type=\"container\" data-settings=\"{&quot;background_background&quot;:&quot;classic&quot;}\">\n\t\t<div class=\"elementor-element elementor-element-1cc333c e-con-full e-flex e-con e-child\" data-id=\"1cc333c\" data-element_type=\"container\" data-e-type=\"container\" data-settings=\"{&quot;sticky&quot;:&quot;top&quot;,&quot;sticky_on&quot;:[&quot;desktop&quot;],&quot;sticky_offset&quot;:30,&quot;background_background&quot;:&quot;classic&quot;,&quot;sticky_effects_offset&quot;:0,&quot;sticky_anchor_link_offset&quot;:0}\">\n\t\t\t\t<\/div>\n\t\t<div class=\"elementor-element elementor-element-f49e4ba e-con-full e-flex e-con e-child\" data-id=\"f49e4ba\" data-element_type=\"container\" data-e-type=\"container\">\n\t\t\t\t<\/div>\n\t\t\t\t<\/div>\n\t\t\t\t<\/div>\n\t\t","protected":false},"excerpt":{"rendered":"<p>Kategorie Nowo\u015bci Bogactwo Las Motywacja Prawda \u015awiat\u0142o &#8211; bezzapachowa Wdzi\u0119czno\u015b\u0107 PROMOCJE Bestsellery \u015awiece \u015awiece w szkle u\u017cytkowym \u015awiece w kolorze \u015awiece w ceramice Zestawy prezentowe \u015awiece na specjalne okazje Olejki eteryczne Akcesoria Naturalna piel\u0119gnacja KOMPOZYCJE ZAPACHOWE Afrodyzuje Anty Stres B\u0142ogo\u015b\u0107 Dobrobyt Energia Euforia Harmonia Koncentracja Lato Bez Komar\u00f3w M\u0105dro\u015b\u0107 Magiczny Czas Mi\u0142o\u015b\u0107 Nadzieja Obfito\u015b\u0107 On [&hellip;]<\/p>\n","protected":false},"author":1,"featured_media":0,"parent":0,"menu_order":0,"comment_status":"closed","ping_status":"closed","template":"elementor_header_footer","meta":{"footnotes":""},"class_list":["post-600","page","type-page","status-publish","hentry"],"blocksy_meta":[],"_links":{"self":[{"href":"https:\/\/biosensual.pl\/en\/wp-json\/wp\/v2\/pages\/600","targetHints":{"allow":["GET"]}}],"collection":[{"href":"https:\/\/biosensual.pl\/en\/wp-json\/wp\/v2\/pages"}],"about":[{"href":"https:\/\/biosensual.pl\/en\/wp-json\/wp\/v2\/types\/page"}],"author":[{"embeddable":true,"href":"https:\/\/biosensual.pl\/en\/wp-json\/wp\/v2\/users\/1"}],"replies":[{"embeddable":true,"href":"https:\/\/biosensual.pl\/en\/wp-json\/wp\/v2\/comments?post=600"}],"version-history":[{"count":79,"href":"https:\/\/biosensual.pl\/en\/wp-json\/wp\/v2\/pages\/600\/revisions"}],"predecessor-version":[{"id":12105,"href":"https:\/\/biosensual.pl\/en\/wp-json\/wp\/v2\/pages\/600\/revisions\/12105"}],"wp:attachment":[{"href":"https:\/\/biosensual.pl\/en\/wp-json\/wp\/v2\/media?parent=600"}],"curies":[{"name":"wp","href":"https:\/\/api.w.org\/{rel}","templated":true}]}}