{"id":7,"date":"2023-12-11T22:50:51","date_gmt":"2023-12-11T22:50:51","guid":{"rendered":"http:\/\/nowy.biosensual.eu\/index.php\/koszyk\/"},"modified":"2025-11-21T10:15:49","modified_gmt":"2025-11-21T10:15:49","slug":"koszyk","status":"publish","type":"page","link":"https:\/\/biosensual.pl\/en\/koszyk\/","title":{"rendered":"Basket"},"content":{"rendered":"<div data-elementor-type=\"wp-page\" data-elementor-id=\"7\" class=\"elementor elementor-7\" data-elementor-post-type=\"page\">\n\t\t\t\t<div class=\"elementor-element elementor-element-8061a2f e-con-full e-flex e-con e-parent\" data-id=\"8061a2f\" data-element_type=\"container\" data-e-type=\"container\">\n\t\t\t\t<\/div>\n\t\t\t\t<\/div>","protected":false},"excerpt":{"rendered":"<p>Usu\u0144 Miniatura Produkt Cena Ilo\u015b\u0107 Kwota &times; ANTY STRES &#8211; Ceramika Rodzaj: Ceramika 149,00&nbsp;&#122;&#322; ilo\u015b\u0107 ANTY STRES &#8211; Ceramika 149,00&nbsp;&#122;&#322; &times; U\u0141ATWIA ODDYCHANIE &#8211; Ceramika Rodzaj: Ceramika 149,00&nbsp;&#122;&#322; ilo\u015b\u0107 U\u0141ATWIA ODDYCHANIE &#8211; Ceramika 149,00&nbsp;&#122;&#322; Zastosuj kupon Suma koszyka Kwota 298,00&nbsp;&#122;&#322; Wysy\u0142ka Kurier (Bezp\u0142atnie) Kurier Zero Waste (Bezp\u0142atnie) Kurier (za pobraniem) (Bezp\u0142atnie) Kurier Zero Waste (za [&hellip;]<\/p>\n","protected":false},"author":1,"featured_media":0,"parent":0,"menu_order":0,"comment_status":"closed","ping_status":"closed","template":"","meta":{"footnotes":""},"class_list":["post-7","page","type-page","status-publish","hentry"],"blocksy_meta":[],"_links":{"self":[{"href":"https:\/\/biosensual.pl\/en\/wp-json\/wp\/v2\/pages\/7","targetHints":{"allow":["GET"]}}],"collection":[{"href":"https:\/\/biosensual.pl\/en\/wp-json\/wp\/v2\/pages"}],"about":[{"href":"https:\/\/biosensual.pl\/en\/wp-json\/wp\/v2\/types\/page"}],"author":[{"embeddable":true,"href":"https:\/\/biosensual.pl\/en\/wp-json\/wp\/v2\/users\/1"}],"replies":[{"embeddable":true,"href":"https:\/\/biosensual.pl\/en\/wp-json\/wp\/v2\/comments?post=7"}],"version-history":[{"count":18,"href":"https:\/\/biosensual.pl\/en\/wp-json\/wp\/v2\/pages\/7\/revisions"}],"predecessor-version":[{"id":13090,"href":"https:\/\/biosensual.pl\/en\/wp-json\/wp\/v2\/pages\/7\/revisions\/13090"}],"wp:attachment":[{"href":"https:\/\/biosensual.pl\/en\/wp-json\/wp\/v2\/media?parent=7"}],"curies":[{"name":"wp","href":"https:\/\/api.w.org\/{rel}","templated":true}]}}