{"id":10010,"date":"2023-12-13T23:45:05","date_gmt":"2023-12-13T23:45:05","guid":{"rendered":"http:\/\/nowy.biosensual.eu\/?post_type=product&#038;p=10010"},"modified":"2026-03-26T12:50:33","modified_gmt":"2026-03-26T12:50:33","slug":"blogosc-wanilia-lawenda-grejpfrut-cytryna","status":"publish","type":"product","link":"https:\/\/biosensual.pl\/en\/product\/blogosc-wanilia-lawenda-grejpfrut-cytryna\/","title":{"rendered":"BLISS"},"content":{"rendered":"<p>Natural candle for aromatherapy, massage and body care<br \/>\nBliss (Vanilla, Lavender, Grapefruit, Lemon)<\/p>\n<p>You can enjoy and share your favourite Biosensual aroma composition anywhere in your home - kitchen, living room, bathroom or bedroom. Take it with you to work and place it in the location of your choice. Light the wick and let the releasing aromas contained inside the candle create a pleasant atmosphere. Inhale the best of the natural essential oils. Let us introduce you to the world of health aromatherapy. Our candles can also be used without hesitation for relaxing massages of selected parts and the whole body. Your aromatic journey begins here....<\/p>\n<p>Essential oils contained:<\/p>\n<p>VANILLA<\/p>\n<p>Hypoallergenic fragrance composition, distinguished by its characteristic sweet scent. Combined with the ethereal effect of natural essential oils, it helps to relieve nervous tension, relax and unwind.<\/p>\n<p>LAWENDA<\/p>\n<p>The most popular essential oil. Only natural with a beautiful sensual fragrance. Eliminates headaches and migraine pains, lifts mood levels in a state of depression, increased stress, sleep problem and insomnia, irritability, tantrums. Reduces levels of microbial air pollution (destroys viruses). Eliminates nausea and vomiting reflexes has a normalising effect on the hormonal state contributes to improving the ability to focus attention and memory. Antiseptic; has strong antibacterial properties.<\/p>\n<p>GREJPFRUT<\/p>\n<p>Tonic, antidepressant obtained from grapefruit peels by pressing. Supports treatments for obesity problems and during rehab treatments. Fresh, refreshing fragrance.<\/p>\n<p>LEMON<\/p>\n<p>Improves mood by supporting positive emotions. Energises and refreshes the mind. Improves concentration levels. Supports the body's natural balance. Nurtures and brightens the skin. Disinfects and purifies. Cleanses and neutralises odours.<\/p>\n<p>Ingredients\/Ingredients<\/p>\n<p>Hydrogenated vegetable oil, Prunus Amygdalus Dulcis (Sweet Almond) Oil Cymbopogon flexuoosus tea oil, Lavandula angustifolia tea oil, Limonene, Linalool, Geraniol.<\/p>","protected":false},"excerpt":{"rendered":"<p><strong>Zas\u0142ugujesz na chwil\u0119 dla siebie, koj\u0105cy spok\u00f3j, czas na medytacj\u0119 przy aromacie naturalnych olejk\u00f3w, kt\u00f3re mo\u017cna wmasowa\u0107 w sk\u00f3r\u0119.<\/strong><\/p>","protected":false},"featured_media":268,"template":"","meta":[],"product_brand":[],"product_cat":[184,450],"product_tag":[201,202,258,263,256,267,254,265,262,217,260,264,255,257,268,229,261,259,266],"class_list":{"0":"post-10010","1":"product","2":"type-product","3":"status-publish","4":"has-post-thumbnail","6":"product_cat-swiece","7":"product_cat-swiece-wg-kompozycji-zapachowej","8":"product_tag-aromaterapia","9":"product_tag-biosensual","10":"product_tag-ekoprodukty","11":"product_tag-masazterapeutyczny","12":"product_tag-masazzapachowy","13":"product_tag-naturalnapielegnacja","14":"product_tag-naturalneswiece","15":"product_tag-odpoczynek","16":"product_tag-olejkidomasazu","17":"product_tag-olejkieteryczne","18":"product_tag-olejkinaturalne","19":"product_tag-pielegnacjaciala","20":"product_tag-relaksacja","21":"product_tag-spawdomu","22":"product_tag-swiecedomasazu","23":"product_tag-wellness","24":"product_tag-wspomaganierelaksu","25":"product_tag-zdrowieiuroda","26":"product_tag-zrownowazonystylzycia","28":"first","29":"instock","30":"shipping-taxable","31":"purchasable","32":"product-type-variable"},"_links":{"self":[{"href":"https:\/\/biosensual.pl\/en\/wp-json\/wp\/v2\/product\/10010","targetHints":{"allow":["GET"]}}],"collection":[{"href":"https:\/\/biosensual.pl\/en\/wp-json\/wp\/v2\/product"}],"about":[{"href":"https:\/\/biosensual.pl\/en\/wp-json\/wp\/v2\/types\/product"}],"version-history":[{"count":3,"href":"https:\/\/biosensual.pl\/en\/wp-json\/wp\/v2\/product\/10010\/revisions"}],"predecessor-version":[{"id":13171,"href":"https:\/\/biosensual.pl\/en\/wp-json\/wp\/v2\/product\/10010\/revisions\/13171"}],"wp:featuredmedia":[{"embeddable":true,"href":"https:\/\/biosensual.pl\/en\/wp-json\/wp\/v2\/media\/268"}],"wp:attachment":[{"href":"https:\/\/biosensual.pl\/en\/wp-json\/wp\/v2\/media?parent=10010"}],"wp:term":[{"taxonomy":"product_brand","embeddable":true,"href":"https:\/\/biosensual.pl\/en\/wp-json\/wp\/v2\/product_brand?post=10010"},{"taxonomy":"product_cat","embeddable":true,"href":"https:\/\/biosensual.pl\/en\/wp-json\/wp\/v2\/product_cat?post=10010"},{"taxonomy":"product_tag","embeddable":true,"href":"https:\/\/biosensual.pl\/en\/wp-json\/wp\/v2\/product_tag?post=10010"}],"curies":[{"name":"wp","href":"https:\/\/api.w.org\/{rel}","templated":true}]}}