{"id":10026,"date":"2023-12-13T23:45:07","date_gmt":"2023-12-13T23:45:07","guid":{"rendered":"http:\/\/nowy.biosensual.eu\/?post_type=product&#038;p=10026"},"modified":"2026-03-26T12:08:11","modified_gmt":"2026-03-26T12:08:11","slug":"harmonia-geranium-limeta-cytryna","status":"publish","type":"product","link":"https:\/\/biosensual.pl\/en\/product\/harmonia-geranium-limeta-cytryna\/","title":{"rendered":"HARMONY"},"content":{"rendered":"<p>Natural candle for aromatherapy, massage and body care<br \/>\nHARMONY<\/p>\n<p>&nbsp;<\/p>\n<p>(Geranium, Lime, Lemon)<br \/>\nYou can enjoy and share your favourite Biosensual aroma composition anywhere in your home - kitchen, living room, bathroom or bedroom. Take it with you to work and place it in the location of your choice. Light the wick and let the releasing aromas contained inside the candle create a pleasant atmosphere. Inhale the best of the natural essential oils. Let us introduce you to the world of health aromatherapy. Our candles can also be used without hesitation for relaxing massages of selected parts and the whole body. Your aromatic journey begins here....<\/p>\n<p>Essential oils contained:<br \/>\nGERANIUM<\/p>\n<p>When applied to the skin, it promotes better detoxification of the body. It also has antiseptic, astringent and anti-acne properties. Alleviates depressive states, nervous tension, anxiety and related sexual disorders. Alleviates sexual disorders, volatile emotional states. It has a beautiful herbal and floral fragrance.<br \/>\nLIMETA<\/p>\n<p>It has stimulating and refreshing properties. Fresh sweet citrus fragrance. Improves mood and well-being. Removes fatigue and energises. Relieves headaches. Has antimicrobial and brightening effects. Supports the treatment of upper respiratory tract conditions, sore throats and colds (relieves pain, including emotional pain).<\/p>\n<p>LEMON<\/p>\n<p>Improves mood by supporting positive emotions. Energises and refreshes the mind. Improves concentration levels. Supports the body's natural balance. Nurtures and brightens the skin. Disinfects and purifies. Cleanses and neutralises odours.<\/p>\n<p>Ingredients\/Ingredients<\/p>\n<p>Hydrogenated vegetable oil, Prunus Amygdalus Dulcis (Sweet Almond) Oil, Pelargonium graveolens flower oil, Citrus aurantifolia oil, Citrus Medica Limonum Peel Oil, Limonene, Citral, Linalool.<\/p>","protected":false},"excerpt":{"rendered":"<p><span style=\"color: #623413;\"><strong>Zamiast chodzi\u0107 w ciemno\u015bci rozpal, \u015bwita\u0142o, kt\u00f3re wprowadzi do Twojego otoczenia pok\u00f3j, kt\u00f3ry odczuje Twoja sk\u00f3ra, gdy ciep\u0142ym olejkiem ze \u015bwiecy wybalsamujesz cia\u0142o.<\/strong><\/span><\/p>","protected":false},"featured_media":300,"template":"","meta":[],"product_brand":[],"product_cat":[184,450],"product_tag":[],"class_list":{"0":"post-10026","1":"product","2":"type-product","3":"status-publish","4":"has-post-thumbnail","6":"product_cat-swiece","7":"product_cat-swiece-wg-kompozycji-zapachowej","9":"first","10":"instock","11":"shipping-taxable","12":"purchasable","13":"product-type-variable"},"_links":{"self":[{"href":"https:\/\/biosensual.pl\/en\/wp-json\/wp\/v2\/product\/10026","targetHints":{"allow":["GET"]}}],"collection":[{"href":"https:\/\/biosensual.pl\/en\/wp-json\/wp\/v2\/product"}],"about":[{"href":"https:\/\/biosensual.pl\/en\/wp-json\/wp\/v2\/types\/product"}],"version-history":[{"count":3,"href":"https:\/\/biosensual.pl\/en\/wp-json\/wp\/v2\/product\/10026\/revisions"}],"predecessor-version":[{"id":13164,"href":"https:\/\/biosensual.pl\/en\/wp-json\/wp\/v2\/product\/10026\/revisions\/13164"}],"wp:featuredmedia":[{"embeddable":true,"href":"https:\/\/biosensual.pl\/en\/wp-json\/wp\/v2\/media\/300"}],"wp:attachment":[{"href":"https:\/\/biosensual.pl\/en\/wp-json\/wp\/v2\/media?parent=10026"}],"wp:term":[{"taxonomy":"product_brand","embeddable":true,"href":"https:\/\/biosensual.pl\/en\/wp-json\/wp\/v2\/product_brand?post=10026"},{"taxonomy":"product_cat","embeddable":true,"href":"https:\/\/biosensual.pl\/en\/wp-json\/wp\/v2\/product_cat?post=10026"},{"taxonomy":"product_tag","embeddable":true,"href":"https:\/\/biosensual.pl\/en\/wp-json\/wp\/v2\/product_tag?post=10026"}],"curies":[{"name":"wp","href":"https:\/\/api.w.org\/{rel}","templated":true}]}}