{"id":10063,"date":"2023-12-13T23:45:26","date_gmt":"2023-12-13T23:45:26","guid":{"rendered":"http:\/\/nowy.biosensual.eu\/?post_type=product&#038;p=10063"},"modified":"2026-03-25T12:22:20","modified_gmt":"2026-03-25T12:22:20","slug":"lawendowe-maslo-do-ciala-omega-3-6-9-120g","status":"publish","type":"product","link":"https:\/\/biosensual.pl\/en\/product\/lawendowe-maslo-do-ciala-omega-3-6-9-120g\/","title":{"rendered":"Lavender body butter Omega 3-6-9 120g"},"content":{"rendered":"<p>100% natural care with a unique formulation of unsaturated fatty acids, thanks to which, when used regularly, the product firms the body, soothes irritations, strengthens the skin's protective functions, supports the production of collagen and elastin, does not clog sebaceous glands, helps care for problematic skin prone to allergies, dandruff and psoriasis. Accelerates the healing of inflammation. Protects the hydrolipid mantle against water escape from the epidermis. For use at any age and on any skin type.<\/p>\n<p>It does not leave an oily film on the skin.<\/p>\n<p>Active substances:<\/p>\n<p>Perilla oil (soothing and antioxidant effect, softens, smoothes and firms the skin)<\/p>\n<p>Natural vitamin E (delays skin ageing and improves its appearance)<\/p>\n<p>Coconut butter (smooths and firms sagging skin, adding radiance)<\/p>\n<p>Macadamia nut oil (moisturising and soothing effect on irritation)Babassu nut oil<\/p>\n<p>Castor seed oil (protective and anti-inflammatory)<\/p>\n<p>Lavender essential oil (has antibacterial and anti-inflammatory effects)<\/p>\n<p>&nbsp;<\/p>\n<p>&nbsp;<\/p>\n<p>Ingredients (INCI): Caprylic\/Capric Triglyceride,Aqua,Isoamyl Cocoate,Orbignya Oleifera Seed Oil,Cocos Nucifera (Coconut) Oil,Macadamia Ternifolia Seed Oil,Acacia Decurrens\/Jojoba\/Sunflower Seed Wax Polyglyceryl-3 Esters,Squalane,Glyceryl Stearate,Glyceryl Dibehenate,Perilla Ocymoides Seed Oil,Hydrogenated Castor Oil,Tocopherol (mixed),Beta-Sitosterol,Squalene,Parfum,Dehydroacetic Acid,Benzyl Alcohol<\/p>","protected":false},"excerpt":{"rendered":"<p>100% naturalna piel\u0119gnacja z unikaln\u0105 receptur\u0105 nienasyconych kwas\u00f3w t\u0142uszczowych, dzi\u0119ki kt\u00f3rym regularnie stosowany preparat uj\u0119drnia cia\u0142o, \u0142agodzi podra\u017cnienia, wzmacnia funkcje ochronne sk\u00f3ry, wspomaga wytwarzanie kolagenu i elastyny, nie zatyka gruczo\u0142\u00f3w \u0142ojowych, pomaga w piel\u0119gnacji sk\u00f3ry problematycznej, sk\u0142onnej do alergii, \u0142upie\u017cu i \u0142uszczycy. Przy\u015bpiesza gojenie si\u0119 stan\u00f3w zapalnych. Zabezpiecza p\u0142aszcz hydrolipidowy przed ucieczk\u0105 wody z nask\u00f3rka. [&hellip;]<\/p>\n","protected":false},"featured_media":9229,"template":"","meta":[],"product_brand":[],"product_cat":[448],"product_tag":[],"class_list":{"0":"post-10063","1":"product","2":"type-product","3":"status-publish","4":"has-post-thumbnail","6":"product_cat-kosmetyki","8":"first","9":"instock","10":"shipping-taxable","11":"purchasable","12":"product-type-simple"},"_links":{"self":[{"href":"https:\/\/biosensual.pl\/en\/wp-json\/wp\/v2\/product\/10063","targetHints":{"allow":["GET"]}}],"collection":[{"href":"https:\/\/biosensual.pl\/en\/wp-json\/wp\/v2\/product"}],"about":[{"href":"https:\/\/biosensual.pl\/en\/wp-json\/wp\/v2\/types\/product"}],"version-history":[{"count":1,"href":"https:\/\/biosensual.pl\/en\/wp-json\/wp\/v2\/product\/10063\/revisions"}],"predecessor-version":[{"id":12658,"href":"https:\/\/biosensual.pl\/en\/wp-json\/wp\/v2\/product\/10063\/revisions\/12658"}],"wp:featuredmedia":[{"embeddable":true,"href":"https:\/\/biosensual.pl\/en\/wp-json\/wp\/v2\/media\/9229"}],"wp:attachment":[{"href":"https:\/\/biosensual.pl\/en\/wp-json\/wp\/v2\/media?parent=10063"}],"wp:term":[{"taxonomy":"product_brand","embeddable":true,"href":"https:\/\/biosensual.pl\/en\/wp-json\/wp\/v2\/product_brand?post=10063"},{"taxonomy":"product_cat","embeddable":true,"href":"https:\/\/biosensual.pl\/en\/wp-json\/wp\/v2\/product_cat?post=10063"},{"taxonomy":"product_tag","embeddable":true,"href":"https:\/\/biosensual.pl\/en\/wp-json\/wp\/v2\/product_tag?post=10063"}],"curies":[{"name":"wp","href":"https:\/\/api.w.org\/{rel}","templated":true}]}}