{"id":10078,"date":"2023-12-13T23:45:29","date_gmt":"2023-12-13T23:45:29","guid":{"rendered":"http:\/\/nowy.biosensual.eu\/?post_type=product&#038;p=10078"},"modified":"2025-11-21T15:17:25","modified_gmt":"2025-11-21T15:17:25","slug":"zestaw-slubny","status":"publish","type":"product","link":"https:\/\/biosensual.pl\/en\/product\/zestaw-slubny\/","title":{"rendered":"Set of chalices with engraving for a wedding gift"},"content":{"rendered":"<p><strong>Set of chalices with engraving for a wedding gift<\/strong><\/p>\n<p>Natural candle for aromatherapy, massage and body care<\/p>\n<p>Instead of flowers, why not give your loved ones a special gift of a massage candle engraved with the date and names to remind them of this important event?<\/p>\n<p>Choice of 5 fragrances:<br \/>\nLOVE<br \/>\nBLISS<br \/>\nHAPPY TIME<br \/>\nONA<br \/>\nON<\/p>\n<p>IMPORTANT!<br \/>\nIn the annotation to your order write the text of the engraving e.g. Tomasz &amp; Anna 20.08.2022<br \/>\nWe can additionally pack the candle in a charming matching bag - at a cost of \u00a310\/pc.<br \/>\nIn addition - as part of the purchase of occasional candles (On the occasion of a wedding), you can send us back the engraved cups after burning and we will fill them with beautiful aromas again!<\/p>\n<p>INGREDIENTS:<\/p>\n<p>Hydrogenated Vegetable Oil, pogostemon cablin leaf oil, pinus sylvestris oil, Cananga Odorata Flower Oil, Eugenol, Farnesol, Limonene, Linalool, Geraniol, Citronellol, Citral,<\/p>\n<p>Benzyl Salicylate, Benzyl Benzoate, Benzyl Alcohol.<\/p>","protected":false},"excerpt":{"rendered":"<p><span style=\"color: #623413;\"><strong>Wyj\u0105tkowy prezent dla pary m\u0142odej, o kt\u00f3rym d\u0142ugo nie zapomn\u0105!<\/strong><\/span><\/p>","protected":false},"featured_media":11642,"template":"","meta":[],"product_brand":[],"product_cat":[184,449,451],"product_tag":[227,201,337,223,224,294,336,271],"class_list":{"0":"post-10078","1":"product","2":"type-product","3":"status-publish","4":"has-post-thumbnail","6":"product_cat-swiece","7":"product_cat-swiece-wg-okazji","8":"product_cat-zestawy-swiec","9":"product_tag-100-natural","10":"product_tag-aromaterapia","11":"product_tag-handmade-in-poland","12":"product_tag-masaz","13":"product_tag-olejki-eteryczne","14":"product_tag-prezent","15":"product_tag-slub","16":"product_tag-wosk-roslinny","18":"first","19":"instock","20":"shipping-taxable","21":"purchasable","22":"product-type-variable"},"_links":{"self":[{"href":"https:\/\/biosensual.pl\/en\/wp-json\/wp\/v2\/product\/10078","targetHints":{"allow":["GET"]}}],"collection":[{"href":"https:\/\/biosensual.pl\/en\/wp-json\/wp\/v2\/product"}],"about":[{"href":"https:\/\/biosensual.pl\/en\/wp-json\/wp\/v2\/types\/product"}],"version-history":[{"count":4,"href":"https:\/\/biosensual.pl\/en\/wp-json\/wp\/v2\/product\/10078\/revisions"}],"predecessor-version":[{"id":13153,"href":"https:\/\/biosensual.pl\/en\/wp-json\/wp\/v2\/product\/10078\/revisions\/13153"}],"wp:featuredmedia":[{"embeddable":true,"href":"https:\/\/biosensual.pl\/en\/wp-json\/wp\/v2\/media\/11642"}],"wp:attachment":[{"href":"https:\/\/biosensual.pl\/en\/wp-json\/wp\/v2\/media?parent=10078"}],"wp:term":[{"taxonomy":"product_brand","embeddable":true,"href":"https:\/\/biosensual.pl\/en\/wp-json\/wp\/v2\/product_brand?post=10078"},{"taxonomy":"product_cat","embeddable":true,"href":"https:\/\/biosensual.pl\/en\/wp-json\/wp\/v2\/product_cat?post=10078"},{"taxonomy":"product_tag","embeddable":true,"href":"https:\/\/biosensual.pl\/en\/wp-json\/wp\/v2\/product_tag?post=10078"}],"curies":[{"name":"wp","href":"https:\/\/api.w.org\/{rel}","templated":true}]}}