{"id":10163,"date":"2023-12-13T23:46:03","date_gmt":"2023-12-13T23:46:03","guid":{"rendered":"http:\/\/nowy.biosensual.eu\/?post_type=product&#038;p=10163"},"modified":"2025-11-21T15:11:05","modified_gmt":"2025-11-21T15:11:05","slug":"naturalny-olejek-eteryczny-kompozycja-nadzieja-10ml","status":"publish","type":"product","link":"https:\/\/biosensual.pl\/en\/product\/naturalny-olejek-eteryczny-kompozycja-nadzieja-10ml\/","title":{"rendered":"Natural essential oil Hope composition 10ml"},"content":{"rendered":"<p>**Hope - Biosensual Essential Oil**.<\/p>\n<p>Biosensual's \u201eHope\u201d essential oil combines the warm, enveloping aromas of vanilla, invigorating bergamot and mystical frankincense to create an extraordinary blend that stimulates you to find inner strength and faith in a better tomorrow. Inject a note of optimism and hope into your life with this unique oil.<\/p>\n<p>**Properties of Essential Oils:**.<\/p>\n<p>1. **Vanilla:**<br \/>\n- Warm and enveloping: Vanilla is a fragrance that is associated with cosiness and warmth, adding a sense of security and comfort.<br \/>\n- Supports relaxation: Its sweet aroma has a relaxing effect, helping to reduce stress, tension and anxiety.<br \/>\n- Improves mood: vanilla has antidepressant properties that can help to improve mood and add positive energy.<\/p>\n<p>2. **Bergamot<br \/>\n- Refreshes and stimulates: Bergamot is a refreshing citrus fragrance that energises and invigorates the senses, improving mood and adding positive energy.<br \/>\n- Reduces stress: Its fresh aroma has a calming effect, helping to reduce stress, anxiety and nervous tension.<br \/>\n- Supports concentration: Bergamot can help improve concentration, focus and mental performance.<\/p>\n<p>3. **Academy of the Law:**.<br \/>\n- Inspiring and calming: Frankincense is a fragrance that is associated with spiritual introspection and contemplation, helping to deepen meditation and reflection.<br \/>\n- Strengthens faith: Its mystical aroma can help build inner strength, faith and hope, reinforcing the belief in possibility.<br \/>\n- Energy cleansing: Frankincense also has cleansing and protective properties that help to remove negative energies and attract positive energy.<\/p>\n<p>**Application:**.<\/p>\n<p>- Add a few drops of oil to an aromatherapy fireplace or diffuser to spread an enveloping fragrance throughout your home or office, encouraging hope and optimism.<br \/>\n- Create your own room spray by adding a few drops of oil to the spray water and spraying it around you to lift your mood and boost your confidence for a better tomorrow.<br \/>\n- Dilute the oil in a carrier such as coconut oil and use to massage the body to relieve muscle tension and provide a feeling of relaxation and calm.<br \/>\n- Add a few drops to a hot bath to relax and unwind, while boosting confidence in yourself and your future.<\/p>\n<p>**Summary:**.<\/p>\n<p>Biosensual's \u201eHope\u201d essential oil is not only a fragrance blend, but also a source of inner strength and optimism. Thanks to the carefully selected essential oils, you can find hope for a better tomorrow and self-confidence that will help you overcome any obstacles and achieve your goals<\/p>\n<p>Ingredients\/Ingredients:<\/p>\n<p>Helianthus annus (sunflower oil) vanilla plantifolia (vanilla oil), Boswellia Serrata Oil, Limonene, Citrus Aurantium Bergamia Fruit Oil, Linalol, Citral.<\/p>","protected":false},"excerpt":{"rendered":"<p>**Nadzieja &#8211; Olejek Eteryczny Biosensual** Olejek eteryczny Biosensual &#8222;Nadzieja&#8221; to po\u0142\u0105czenie ciep\u0142ych, otulaj\u0105cych aromat\u00f3w wanilii, orze\u017awiaj\u0105cej bergamotki i mistycznego kadzid\u0142owca, kt\u00f3re tworz\u0105 niezwyk\u0142\u0105 mieszank\u0119, pobudzaj\u0105c\u0105 do odnalezienia wewn\u0119trznej si\u0142y i wiary w lepsze jutro. Wprowad\u017a do swojego \u017cycia nut\u0119 optymizmu i nadziei dzi\u0119ki temu wyj\u0105tkowemu olejkowi. **W\u0142a\u015bciwo\u015bci Olejk\u00f3w Eterycznych:** 1. **Wanilia:** &#8211; Ciep\u0142y i otulaj\u0105cy: [&hellip;]<\/p>\n","protected":false},"featured_media":536,"template":"","meta":[],"product_brand":[],"product_cat":[192,453],"product_tag":[201,235,233,239,241,247,236,230,243,224,240,237,234,232,242,238,214,229,246,244,231,245],"class_list":{"0":"post-10163","1":"product","2":"type-product","3":"status-publish","4":"has-post-thumbnail","6":"product_cat-olejki-eteryczne","7":"product_cat-olejki-wg-kompozycji-zapachowej","8":"product_tag-aromaterapia","9":"product_tag-aromatoterapia","10":"product_tag-energia","11":"product_tag-esencje-roslinne","12":"product_tag-harmonia","13":"product_tag-kosmetyki-naturalne","14":"product_tag-mieszaniny-zapachowe","15":"product_tag-naturalne-olejki","16":"product_tag-odprezenie","17":"product_tag-olejki-eteryczne","18":"product_tag-olejki-naturalne","19":"product_tag-olejki-roslinne","20":"product_tag-orzezwienie","21":"product_tag-relaks","22":"product_tag-rownowaga","23":"product_tag-terapia-zapachowa","24":"product_tag-ukojenie","25":"product_tag-wellness","26":"product_tag-wellness-naturalne","27":"product_tag-witalnosc","28":"product_tag-zdrowie-i-uroda","29":"product_tag-zmysly","31":"first","32":"instock","33":"shipping-taxable","34":"purchasable","35":"product-type-simple"},"_links":{"self":[{"href":"https:\/\/biosensual.pl\/en\/wp-json\/wp\/v2\/product\/10163","targetHints":{"allow":["GET"]}}],"collection":[{"href":"https:\/\/biosensual.pl\/en\/wp-json\/wp\/v2\/product"}],"about":[{"href":"https:\/\/biosensual.pl\/en\/wp-json\/wp\/v2\/types\/product"}],"version-history":[{"count":3,"href":"https:\/\/biosensual.pl\/en\/wp-json\/wp\/v2\/product\/10163\/revisions"}],"predecessor-version":[{"id":13147,"href":"https:\/\/biosensual.pl\/en\/wp-json\/wp\/v2\/product\/10163\/revisions\/13147"}],"wp:featuredmedia":[{"embeddable":true,"href":"https:\/\/biosensual.pl\/en\/wp-json\/wp\/v2\/media\/536"}],"wp:attachment":[{"href":"https:\/\/biosensual.pl\/en\/wp-json\/wp\/v2\/media?parent=10163"}],"wp:term":[{"taxonomy":"product_brand","embeddable":true,"href":"https:\/\/biosensual.pl\/en\/wp-json\/wp\/v2\/product_brand?post=10163"},{"taxonomy":"product_cat","embeddable":true,"href":"https:\/\/biosensual.pl\/en\/wp-json\/wp\/v2\/product_cat?post=10163"},{"taxonomy":"product_tag","embeddable":true,"href":"https:\/\/biosensual.pl\/en\/wp-json\/wp\/v2\/product_tag?post=10163"}],"curies":[{"name":"wp","href":"https:\/\/api.w.org\/{rel}","templated":true}]}}