{"id":10174,"date":"2023-12-13T23:46:05","date_gmt":"2023-12-13T23:46:05","guid":{"rendered":"http:\/\/nowy.biosensual.eu\/?post_type=product&#038;p=10174"},"modified":"2025-11-17T16:48:28","modified_gmt":"2025-11-17T16:48:28","slug":"naturalny-olejek-eteryczny-kompozycja-afrodyzjuje-10ml","status":"publish","type":"product","link":"https:\/\/biosensual.pl\/en\/product\/naturalny-olejek-eteryczny-kompozycja-afrodyzjuje-10ml\/","title":{"rendered":"Natural essential oil Aphrodisiac Composition 10ml"},"content":{"rendered":"<p>Effect of natural essential oils<\/p>\n<p>They exhibit antioxidant, antiviral and antifungal activities.<\/p>\n<p>APPLICATION<\/p>\n<p>Sauna<\/p>\n<p>Add 6-8 drops of oil to a litre of water and pour this mixture over the hot stones.<\/p>\n<p>Massage<\/p>\n<p>Mix 1-2 drops with 1 tablespoon of base oil, massage into skin<\/p>\n<p>Inhalation<\/p>\n<p>Pour 5-7 drops into a pan of warm water and inhale the rising vapour for 5-10 minutes<\/p>\n<p>Bathing<\/p>\n<p>Pour 5-7 drops into the bath under the stream of warm water, bath time with essential oils - up to 15 minutes<\/p>\n<p>Aromatisation<\/p>\n<p>Pour 3-5 drops into a pot of warm water\/air humidifier or scented fireplace<\/p>\n<p>WARNINGS AND CAUTIONS<\/p>\n<p>The oil has a strong effect, it is essential to dilute it before use according to the application.<\/p>\n<p>Keep out of the reach of children. May cause sensitisation by direct skin contact. Do not use during pregnancy, by nursing mothers, children under 5 years of age. Avoid contact with eyes and mucous membranes. Do not use orally. If swallowed, seek medical advice immediately, showing packaging. Do not allow liquid to spill on painted, plastic and similar surfaces - may cause damage.<\/p>\n<p>&nbsp;<\/p>\n<p>Ingredients\/Ingredients:<\/p>\n<p>Pinus Sylvestris Oil, Pogostemon Cablin Oil, Cananga Odorata Flower Oil, Limonene, Citral, Linalool.<\/p>","protected":false},"excerpt":{"rendered":"<p>Dzia\u0142anie naturalnych olejk\u00f3w eterycznych Wykazuj\u0105 dzia\u0142ania antyoksydacyjne, przeciwwirusowe i przeciwgrzybicze. ZASTOSOWANIE Sauna Doda\u0107 6-8 kropli olejku do litra wody i t\u0105 mieszank\u0105 polewa\u0107 rozgrzane kamienie Masa\u017c 1-2 krople zamiesza\u0107 z 1 \u0142y\u017ck\u0105 oleju bazowego, wmasowa\u0107 w sk\u00f3r\u0119 Inhalacja Wla\u0107 5-7 kropli do naczynia z ciep\u0142\u0105 wod\u0105 i wdycha\u0107 unosz\u0105c\u0105 si\u0119 par\u0119 przez 5-10 minut K\u0105piel [&hellip;]<\/p>\n","protected":false},"featured_media":561,"template":"","meta":[],"product_brand":[],"product_cat":[192,453],"product_tag":[],"class_list":{"0":"post-10174","1":"product","2":"type-product","3":"status-publish","4":"has-post-thumbnail","6":"product_cat-olejki-eteryczne","7":"product_cat-olejki-wg-kompozycji-zapachowej","9":"first","10":"instock","11":"shipping-taxable","12":"purchasable","13":"product-type-simple"},"_links":{"self":[{"href":"https:\/\/biosensual.pl\/en\/wp-json\/wp\/v2\/product\/10174","targetHints":{"allow":["GET"]}}],"collection":[{"href":"https:\/\/biosensual.pl\/en\/wp-json\/wp\/v2\/product"}],"about":[{"href":"https:\/\/biosensual.pl\/en\/wp-json\/wp\/v2\/types\/product"}],"version-history":[{"count":1,"href":"https:\/\/biosensual.pl\/en\/wp-json\/wp\/v2\/product\/10174\/revisions"}],"predecessor-version":[{"id":12619,"href":"https:\/\/biosensual.pl\/en\/wp-json\/wp\/v2\/product\/10174\/revisions\/12619"}],"wp:featuredmedia":[{"embeddable":true,"href":"https:\/\/biosensual.pl\/en\/wp-json\/wp\/v2\/media\/561"}],"wp:attachment":[{"href":"https:\/\/biosensual.pl\/en\/wp-json\/wp\/v2\/media?parent=10174"}],"wp:term":[{"taxonomy":"product_brand","embeddable":true,"href":"https:\/\/biosensual.pl\/en\/wp-json\/wp\/v2\/product_brand?post=10174"},{"taxonomy":"product_cat","embeddable":true,"href":"https:\/\/biosensual.pl\/en\/wp-json\/wp\/v2\/product_cat?post=10174"},{"taxonomy":"product_tag","embeddable":true,"href":"https:\/\/biosensual.pl\/en\/wp-json\/wp\/v2\/product_tag?post=10174"}],"curies":[{"name":"wp","href":"https:\/\/api.w.org\/{rel}","templated":true}]}}