{"id":10204,"date":"2023-12-13T23:46:15","date_gmt":"2023-12-13T23:46:15","guid":{"rendered":"http:\/\/nowy.biosensual.eu\/?post_type=product&#038;p=10204"},"modified":"2026-03-26T11:52:52","modified_gmt":"2026-03-26T11:52:52","slug":"swiatlo-swieca-bezzapachowa","status":"publish","type":"product","link":"https:\/\/biosensual.pl\/en\/product\/swiatlo-swieca-bezzapachowa\/","title":{"rendered":"LIGHT - Unscented candle"},"content":{"rendered":"<p>Natural candle for aromatherapy, massage and body care<\/p>\n<p><strong>Light<\/strong><\/p>\n<p>You can enjoy and share your favourite Biosensual aroma composition anywhere in your home - kitchen, living room, bathroom or bedroom. Take it with you to work and place it in the location of your choice. Light the wick and let the releasing aromas contained inside the candle create a pleasant atmosphere. Inhale the best of the natural essential oils. Let us introduce you to the world of health aromatherapy. Our candles can also be used without hesitation for relaxing massages of selected parts and the whole body. Your aromatic journey begins here....<\/p>\n<p>\ud83c\udf43<\/p>\n<p>**Natural Wax for a Sustainable Lifestyle:**.<br \/>\nCreated from pure plant waxes, our candles are an exceptional choice for those who desire harmony with nature. Without the use of paraffin or other artificial ingredients, our products stay true to the idea of ecology, bringing the brightness of natural light into your home.<\/p>\n<p>\ud83d\udc9a **Ecological Light Source:**.<br \/>\nPlant-based waxes, obtained from renewable sources, make our candles not only a source of light, but also a step towards a greener lifestyle. By burning our candles, you are choosing a sustainable product while taking care of the environment.<\/p>\n<p>\ud83d\udd25 ** Long Burning Time and Even Melting:**.<br \/>\nYou will experience the magic of long, even burning, which makes our candles accompany you for hours. The gentle, warm flame will create an atmosphere of relaxation and peace in your home.<\/p>\n<p>\ud83c\udf3b **Create an Intimate Climate with Our Plant Wax Candles:**.<\/p>\n<p>Whether it's a romantic dinner, a relaxing evening with a book or a moment of meditation, our candles are the perfect addition to any special moment, giving it a unique and intimate feel.<\/p>\n<p>Join our community of people who choose harmony with nature. Choose our Plant Wax Blend Candles and bring natural light into your home to illuminate both your space and your heart. It's time to restore balance with the help of nature! \ud83c\udf1f\ud83c\udf40<\/p>","protected":false},"excerpt":{"rendered":"<p>Naturalna \u015bwieca do aromaterapii, masa\u017cu i piel\u0119gnacji cia\u0142a \u015awiat\u0142o Swoj\u0105 ulubion\u0105 kompozycj\u0105 aromat\u00f3w Biosensual mo\u017cesz delektowa\u0107 i dzieli\u0107 si\u0119 w dowolnym miejscu Twojego domu \u2013 kuchni, salonie, \u0142azience czy sypialni. Zabierz j\u0105 ze sob\u0105 do pracy i postaw w wybranym miejscu. Zapal knot i pozw\u00f3l, aby uwalniaj\u0105ce si\u0119 aromaty zawarte wewn\u0105trz \u015bwiecy tworzy\u0142y przyjemn\u0105 atmosfer\u0119. [&hellip;]<\/p>\n","protected":false},"featured_media":590,"template":"","meta":[],"product_brand":[],"product_cat":[184,450],"product_tag":[201,218,220,219],"class_list":{"0":"post-10204","1":"product","2":"type-product","3":"status-publish","4":"has-post-thumbnail","6":"product_cat-swiece","7":"product_cat-swiece-wg-kompozycji-zapachowej","8":"product_tag-aromaterapia","9":"product_tag-swiatlo","10":"product_tag-swieca-do-masazu","11":"product_tag-swiece-naturalne","13":"first","14":"instock","15":"sale","16":"shipping-taxable","17":"purchasable","18":"product-type-variable"},"_links":{"self":[{"href":"https:\/\/biosensual.pl\/en\/wp-json\/wp\/v2\/product\/10204","targetHints":{"allow":["GET"]}}],"collection":[{"href":"https:\/\/biosensual.pl\/en\/wp-json\/wp\/v2\/product"}],"about":[{"href":"https:\/\/biosensual.pl\/en\/wp-json\/wp\/v2\/types\/product"}],"version-history":[{"count":6,"href":"https:\/\/biosensual.pl\/en\/wp-json\/wp\/v2\/product\/10204\/revisions"}],"predecessor-version":[{"id":13136,"href":"https:\/\/biosensual.pl\/en\/wp-json\/wp\/v2\/product\/10204\/revisions\/13136"}],"wp:featuredmedia":[{"embeddable":true,"href":"https:\/\/biosensual.pl\/en\/wp-json\/wp\/v2\/media\/590"}],"wp:attachment":[{"href":"https:\/\/biosensual.pl\/en\/wp-json\/wp\/v2\/media?parent=10204"}],"wp:term":[{"taxonomy":"product_brand","embeddable":true,"href":"https:\/\/biosensual.pl\/en\/wp-json\/wp\/v2\/product_brand?post=10204"},{"taxonomy":"product_cat","embeddable":true,"href":"https:\/\/biosensual.pl\/en\/wp-json\/wp\/v2\/product_cat?post=10204"},{"taxonomy":"product_tag","embeddable":true,"href":"https:\/\/biosensual.pl\/en\/wp-json\/wp\/v2\/product_tag?post=10204"}],"curies":[{"name":"wp","href":"https:\/\/api.w.org\/{rel}","templated":true}]}}