{"id":11464,"date":"2024-05-13T09:21:27","date_gmt":"2024-05-13T09:21:27","guid":{"rendered":"https:\/\/biosensual.pl\/?post_type=product&#038;p=11464"},"modified":"2026-02-24T10:34:56","modified_gmt":"2026-02-24T10:34:56","slug":"swieca-w-kielichu-dziekuje","status":"publish","type":"product","link":"https:\/\/biosensual.pl\/en\/product\/swieca-w-kielichu-dziekuje\/","title":{"rendered":"Candle in a chalice Thank you"},"content":{"rendered":"<h2 data-start=\"241\" data-end=\"339\">\u015awieca w kielichu \u201eDzi\u0119kuj\u0119\u201d \u2013 naturalna \u015bwieca do masa\u017cu na wyj\u0105tkowe podzi\u0119kowanie<\/h2>\n<p data-start=\"341\" data-end=\"587\">Szukasz eleganckiego i symbolicznego prezentu, kt\u00f3ry wyrazi wdzi\u0119czno\u015b\u0107 w wyj\u0105tkowy spos\u00f3b? <strong data-start=\"433\" data-end=\"486\">\u015awieca Biosensual w kielichu z napisem \u201eDzi\u0119kuj\u0119\u201d<\/strong> to naturalna \u015bwieca do masa\u017cu i aromaterapii, stworzona jako wyj\u0105tkowy <strong data-start=\"558\" data-end=\"586\">prezent na podzi\u0119kowanie<\/strong>.<\/p>\n<p data-start=\"589\" data-end=\"854\">Po\u0142\u0105czenie wosku ro\u015blinnego oraz starannie dobranych olejk\u00f3w eterycznych sprawia, \u017ce \u015bwieca nie tylko pi\u0119knie pachnie, ale tak\u017ce wspiera relaks, redukcj\u0119 stresu i popraw\u0119 samopoczucia. To wi\u0119cej ni\u017c \u015bwieca zapachowa \u2013 to rytua\u0142 odpr\u0119\u017cenia i chwila tylko dla siebie.<\/p>\n<h3 data-start=\"861\" data-end=\"927\">Naturalna \u015bwieca z olejkami eterycznymi \u2013 aromaterapia i masa\u017c<\/h3>\n<p data-start=\"929\" data-end=\"1085\">Podczas palenia wosk zamienia si\u0119 w ciep\u0142y, delikatny olejek, kt\u00f3ry mo\u017cna wykorzysta\u0107 do relaksacyjnego masa\u017cu. Aromaterapeutyczne dzia\u0142anie \u015bwiecy wspiera:<\/p>\n<p data-start=\"1087\" data-end=\"1220\">\u2714 relaksacj\u0119 i redukcj\u0119 stresu<br data-start=\"1117\" data-end=\"1120\" \/>\u2714 popraw\u0119 nastroju<br data-start=\"1138\" data-end=\"1141\" \/>\u2714 wyciszenie przed snem<br data-start=\"1164\" data-end=\"1167\" \/>\u2714 budowanie spokojnej, harmonijnej atmosfery w domu<\/p>\n<p data-start=\"1222\" data-end=\"1353\">Naturalne olejki eteryczne oddzia\u0142uj\u0105 na zmys\u0142y poprzez uk\u0142ad limbiczny, pomagaj\u0105c osi\u0105gn\u0105\u0107 stan g\u0142\u0119bokiego odpr\u0119\u017cenia i r\u00f3wnowagi.<\/p>\n<h3 data-start=\"1360\" data-end=\"1429\">Elegancka \u015bwieca w kielichu \u2013 gotowy prezent z napisem \u201eDzi\u0119kuj\u0119\u201d<\/h3>\n<p data-start=\"1431\" data-end=\"1733\">\u015awieca umieszczona jest w eleganckim kielichu, kt\u00f3ry podkre\u015bla jej wyj\u0105tkowy charakter i tworzy ciep\u0142y, nastrojowy klimat. Ca\u0142o\u015b\u0107 zapakowana jest w ozdobn\u0105, limitowan\u0105 tub\u0119 w pastelowych kolorach z napisem <strong data-start=\"1637\" data-end=\"1651\">\u201eDzi\u0119kuj\u0119\u201d<\/strong> \u2013 dzi\u0119ki temu jest to gotowy, stylowy prezent bez potrzeby dodatkowego pakowania.<\/p>\n<p data-start=\"1735\" data-end=\"1762\">Idealnie sprawdzi si\u0119 jako:<\/p>\n<ul data-start=\"1763\" data-end=\"1930\">\n<li data-start=\"1763\" data-end=\"1789\">\n<p data-start=\"1765\" data-end=\"1789\">prezent dla nauczyciela,<\/p>\n<\/li>\n<li data-start=\"1790\" data-end=\"1819\">\n<p data-start=\"1792\" data-end=\"1819\">podzi\u0119kowanie dla rodzic\u00f3w,<\/p>\n<\/li>\n<li data-start=\"1820\" data-end=\"1845\">\n<p data-start=\"1822\" data-end=\"1845\">prezent dla \u015bwiadkowej,<\/p>\n<\/li>\n<li data-start=\"1846\" data-end=\"1876\">\n<p data-start=\"1848\" data-end=\"1876\">upominek dla bliskiej osoby,<\/p>\n<\/li>\n<li data-start=\"1877\" data-end=\"1930\">\n<p data-start=\"1879\" data-end=\"1930\">elegancki prezent biznesowy z wyrazem wdzi\u0119czno\u015bci<\/p>\n<\/li>\n<\/ul>\n<p>&nbsp;<\/p>\n<p>Podaruj co\u015b wi\u0119cej ni\u017c zwyk\u0142y upominek. Wybierz <strong data-start=\"1985\" data-end=\"2033\">naturaln\u0105 \u015bwiec\u0119 Biosensual na podzi\u0119kowanie<\/strong>, kt\u00f3ra \u0142\u0105czy aromaterapi\u0119, relaks i pi\u0119kny symbol wdzi\u0119czno\u015bci.<\/p>","protected":false},"excerpt":{"rendered":"<p>Idealnie wyra\u017ca wdzi\u0119czno\u015b\u0107 i dba\u0142o\u015b\u0107 o szczeg\u00f3\u0142y.<\/p>","protected":false},"featured_media":11460,"template":"","meta":[],"product_brand":[],"product_cat":[184,449],"product_tag":[275,291,290,280,277,201,284,287,286,273,283,285,223,270,278,282,281,224,274,232,279,200,288,219,276,229,271,289,272],"class_list":{"0":"post-11464","1":"product","2":"type-product","3":"status-publish","4":"has-post-thumbnail","6":"product_cat-swiece","7":"product_cat-swiece-wg-okazji","8":"product_tag-aromaterapeutyczna-swieca","9":"product_tag-aromaterapeutyczne-przyjemnosci","10":"product_tag-aromaterapeutyczny-odpoczynek","11":"product_tag-aromaterapeutyczny-produkt","12":"product_tag-aromaterapeutyczny-relaks","13":"product_tag-aromaterapia","14":"product_tag-bioswieca","15":"product_tag-certyfikat-organiczny","16":"product_tag-certyfikowana-ekoswieca","17":"product_tag-ekologiczne","18":"product_tag-ekologiczne-swiece","19":"product_tag-ekoswieca","20":"product_tag-masaz","21":"product_tag-naturalna","22":"product_tag-naturalne-masazowe","23":"product_tag-odstresowanie","24":"product_tag-olejki-do-aromaterapii","25":"product_tag-olejki-eteryczne","26":"product_tag-organiczne-produkty","27":"product_tag-relaks","28":"product_tag-roslinne-woski","29":"product_tag-swieca","30":"product_tag-swiece-na-zdrowie","31":"product_tag-swiece-naturalne","32":"product_tag-swieczki-zapachowe","33":"product_tag-wellness","34":"product_tag-wosk-roslinny","35":"product_tag-zapach","36":"product_tag-zdrowie","38":"first","39":"instock","40":"shipping-taxable","41":"purchasable","42":"product-type-variable"},"_links":{"self":[{"href":"https:\/\/biosensual.pl\/en\/wp-json\/wp\/v2\/product\/11464","targetHints":{"allow":["GET"]}}],"collection":[{"href":"https:\/\/biosensual.pl\/en\/wp-json\/wp\/v2\/product"}],"about":[{"href":"https:\/\/biosensual.pl\/en\/wp-json\/wp\/v2\/types\/product"}],"version-history":[{"count":3,"href":"https:\/\/biosensual.pl\/en\/wp-json\/wp\/v2\/product\/11464\/revisions"}],"predecessor-version":[{"id":13439,"href":"https:\/\/biosensual.pl\/en\/wp-json\/wp\/v2\/product\/11464\/revisions\/13439"}],"wp:featuredmedia":[{"embeddable":true,"href":"https:\/\/biosensual.pl\/en\/wp-json\/wp\/v2\/media\/11460"}],"wp:attachment":[{"href":"https:\/\/biosensual.pl\/en\/wp-json\/wp\/v2\/media?parent=11464"}],"wp:term":[{"taxonomy":"product_brand","embeddable":true,"href":"https:\/\/biosensual.pl\/en\/wp-json\/wp\/v2\/product_brand?post=11464"},{"taxonomy":"product_cat","embeddable":true,"href":"https:\/\/biosensual.pl\/en\/wp-json\/wp\/v2\/product_cat?post=11464"},{"taxonomy":"product_tag","embeddable":true,"href":"https:\/\/biosensual.pl\/en\/wp-json\/wp\/v2\/product_tag?post=11464"}],"curies":[{"name":"wp","href":"https:\/\/api.w.org\/{rel}","templated":true}]}}