{"id":11588,"date":"2024-05-13T09:40:15","date_gmt":"2024-05-13T09:40:15","guid":{"rendered":"https:\/\/biosensual.pl\/?post_type=product&#038;p=11588"},"modified":"2026-02-24T10:20:37","modified_gmt":"2026-02-24T10:20:37","slug":"swieca-w-kielichu-z-okazji-slubu2","status":"publish","type":"product","link":"https:\/\/biosensual.pl\/en\/product\/swieca-w-kielichu-z-okazji-slubu2\/","title":{"rendered":"Wedding Candle in a Chalice"},"content":{"rendered":"<h2 data-start=\"243\" data-end=\"328\">\u015awieca do masa\u017cu w kielichu \u201eMi\u0142o\u015b\u0107 w Ogniu\u201d \u2013 romantyczny prezent \u015blubny w eleganckiej tubie<\/h2>\n<p data-start=\"330\" data-end=\"566\">Szukasz wyj\u0105tkowego pomys\u0142u na <strong data-start=\"361\" data-end=\"379\">prezent \u015blubny<\/strong> ? \u015awieca do masa\u017cu \u201eMi\u0142o\u015b\u0107 w Ogniu\u201d to zmys\u0142owe po\u0142\u0105czenie aromaterapii, relaksu i elegancji.<\/p>\n<p data-start=\"568\" data-end=\"920\">Ta <strong data-start=\"571\" data-end=\"621\">naturalna \u015bwieca sojowa z olejkami eterycznymi<\/strong> zosta\u0142a stworzona z my\u015bl\u0105 o blisko\u015bci i wsp\u00f3lnych chwilach. Podczas palenia wosk ro\u015blinny zamienia si\u0119 w ciep\u0142y, delikatny olejek, kt\u00f3ry doskonale sprawdzi si\u0119 do relaksacyjnego masa\u017cu. To nie tylko \u015bwieca zapachowa, ale tak\u017ce spos\u00f3b na budowanie intymnej atmosfery i odpr\u0119\u017cenie po wyj\u0105tkowym dniu.<\/p>\n<h3 data-start=\"922\" data-end=\"973\">Zmys\u0142owa \u015bwieca w eleganckiej tubie prezentowej<\/h3>\n<p data-start=\"975\" data-end=\"1100\">\u015awieca \u201eMi\u0142o\u015b\u0107 w Ogniu\u201d zapakowana jest w pi\u0119kn\u0105, okazjonaln\u0105 tub\u0119, kt\u00f3ra podkre\u015bla jej wyj\u0105tkowy charakter. Tuba prezentowa:<\/p>\n<ul data-start=\"1101\" data-end=\"1220\">\n<li data-start=\"1101\" data-end=\"1117\">\n<p data-start=\"1103\" data-end=\"1117\">chroni \u015bwiec\u0119,<\/p>\n<\/li>\n<li data-start=\"1118\" data-end=\"1148\">\n<p data-start=\"1120\" data-end=\"1148\">nadaje jej luksusowy wygl\u0105d,<\/p>\n<\/li>\n<li data-start=\"1149\" data-end=\"1220\">\n<p data-start=\"1151\" data-end=\"1220\">mo\u017ce zosta\u0107 zachowana jako pami\u0105tka \u015blubu lub symbol wsp\u00f3lnych chwil.<\/p>\n<\/li>\n<\/ul>\n<p data-start=\"1222\" data-end=\"1309\">To gotowy <strong data-start=\"1232\" data-end=\"1268\">elegancki prezent dla nowo\u017ce\u0144c\u00f3w<\/strong>, kt\u00f3ry nie wymaga dodatkowego pakowania.<\/p>\n<h3 data-start=\"1311\" data-end=\"1345\">Naturalny sk\u0142ad i aromaterapia<\/h3>\n<p data-start=\"1347\" data-end=\"1450\">\u015awieca zosta\u0142a wykonana z mieszanki wosk\u00f3w ro\u015blinnych oraz naturalnych olejk\u00f3w eterycznych. Jej zapach:<\/p>\n<ul data-start=\"1451\" data-end=\"1534\">\n<li data-start=\"1451\" data-end=\"1481\">\n<p data-start=\"1453\" data-end=\"1481\">wprowadza atmosfer\u0119 spokoju,<\/p>\n<\/li>\n<li data-start=\"1482\" data-end=\"1501\">\n<p data-start=\"1484\" data-end=\"1501\">\u0142agodzi napi\u0119cie,<\/p>\n<\/li>\n<li data-start=\"1502\" data-end=\"1534\">\n<p data-start=\"1504\" data-end=\"1534\">sprzyja relaksowi i blisko\u015bci.<\/p>\n<\/li>\n<\/ul>\n<p data-start=\"1536\" data-end=\"1672\">Podaruj \u015bwiec\u0119, kt\u00f3ra stanie si\u0119 symbolem mi\u0142o\u015bci, zaufania i jedno\u015bci. Niech ka\u017cde jej zapalenie b\u0119dzie now\u0105 ods\u0142on\u0105 wsp\u00f3lnej historii.<\/p>\n<p>&nbsp;<\/p>","protected":false},"excerpt":{"rendered":"<p>Mi\u0142o\u015b\u0107 w Ogniu<\/p>","protected":false},"featured_media":11459,"template":"","meta":[],"product_brand":[],"product_cat":[184,449],"product_tag":[227,201,209,223,224,211],"class_list":{"0":"post-11588","1":"product","2":"type-product","3":"status-publish","4":"has-post-thumbnail","6":"product_cat-swiece","7":"product_cat-swiece-wg-okazji","8":"product_tag-100-natural","9":"product_tag-aromaterapia","10":"product_tag-handmade","11":"product_tag-masaz","12":"product_tag-olejki-eteryczne","13":"product_tag-swiece","15":"first","16":"instock","17":"shipping-taxable","18":"purchasable","19":"product-type-variable"},"_links":{"self":[{"href":"https:\/\/biosensual.pl\/en\/wp-json\/wp\/v2\/product\/11588","targetHints":{"allow":["GET"]}}],"collection":[{"href":"https:\/\/biosensual.pl\/en\/wp-json\/wp\/v2\/product"}],"about":[{"href":"https:\/\/biosensual.pl\/en\/wp-json\/wp\/v2\/types\/product"}],"version-history":[{"count":3,"href":"https:\/\/biosensual.pl\/en\/wp-json\/wp\/v2\/product\/11588\/revisions"}],"predecessor-version":[{"id":13437,"href":"https:\/\/biosensual.pl\/en\/wp-json\/wp\/v2\/product\/11588\/revisions\/13437"}],"wp:featuredmedia":[{"embeddable":true,"href":"https:\/\/biosensual.pl\/en\/wp-json\/wp\/v2\/media\/11459"}],"wp:attachment":[{"href":"https:\/\/biosensual.pl\/en\/wp-json\/wp\/v2\/media?parent=11588"}],"wp:term":[{"taxonomy":"product_brand","embeddable":true,"href":"https:\/\/biosensual.pl\/en\/wp-json\/wp\/v2\/product_brand?post=11588"},{"taxonomy":"product_cat","embeddable":true,"href":"https:\/\/biosensual.pl\/en\/wp-json\/wp\/v2\/product_cat?post=11588"},{"taxonomy":"product_tag","embeddable":true,"href":"https:\/\/biosensual.pl\/en\/wp-json\/wp\/v2\/product_tag?post=11588"}],"curies":[{"name":"wp","href":"https:\/\/api.w.org\/{rel}","templated":true}]}}