{"id":12689,"date":"2025-11-18T11:26:06","date_gmt":"2025-11-18T11:26:06","guid":{"rendered":"https:\/\/biosensual.pl\/?post_type=product&#038;p=12689"},"modified":"2025-11-18T11:26:08","modified_gmt":"2025-11-18T11:26:08","slug":"aromaterapia-dla-zdrowia-ebook","status":"publish","type":"product","link":"https:\/\/biosensual.pl\/en\/product\/aromaterapia-dla-zdrowia-ebook\/","title":{"rendered":"Aromatherapy for health (ebook)"},"content":{"rendered":"<p><strong>Aromatherapy for health: 50 recipes for natural immune support<\/strong><\/p>\n<p>Discover natural methods of health prevention with the help of aromatherapy!<br \/>\nThis unique ebook is <strong>over 100 pages of knowledge and inspiration,<\/strong> that will help you take care of your immunity<br \/>\nYours and that of the whole family in a natural, effective way.<\/p>\n<p><strong>What will you find inside?<\/strong><br \/>\n- 50 tried and tested recipes for inhalations, ointments, infusions and rubs to strengthen the body<br \/>\nand protect against viruses, bacteria and fungi<br \/>\n- practical tips on how to select essential oils and use them for daily prevention<br \/>\nHealth<br \/>\n- examples of applications for adults and children - a natural first-aid kit for the whole family<\/p>\n<p><strong>Why is it worth it?<\/strong><br \/>\nAromatherapy is the secret to health and immunity - a way to cut down naturally<br \/>\nillness, relieve symptoms and strengthen the body every day.<\/p>\n<p><strong>How can you purchase an e-book?<\/strong><\/p>\n<p>1 | Email:\u00a0<a href=\"mailto:monika@biosensual.pl\" target=\"_blank\" rel=\"noopener\">monika@biosensual.pl<\/a> and enter the e-mail address to which you would like me to send the e-book and your payment confirmation. Enter your invoice details if you need to receive such a document.<\/p>\n<p>2 | Pay by Blik to tel. +48 698989282 with your e-mail address and invoice details in the payment title if you need them.<\/p>\n<p>You will receive the e-book asap, within 10h at the latest, most often it is 1h.<\/p>","protected":false},"excerpt":{"rendered":"<p>Zainwestuj w zdrowie \u2013 pobierz ebook \u201eAromaterapia dla zdrowia\u201d i stw\u00f3rz w\u0142asn\u0105 domow\u0105 aptek\u0119<br \/>\nju\u017c dzi\u015b!<\/p>","protected":false},"featured_media":12692,"template":"","meta":[],"product_brand":[],"product_cat":[447],"product_tag":[],"class_list":{"0":"post-12689","1":"product","2":"type-product","3":"status-publish","4":"has-post-thumbnail","6":"product_cat-produkty-cyfrowe","8":"first","9":"instock","10":"virtual","11":"purchasable","12":"product-type-simple"},"_links":{"self":[{"href":"https:\/\/biosensual.pl\/en\/wp-json\/wp\/v2\/product\/12689","targetHints":{"allow":["GET"]}}],"collection":[{"href":"https:\/\/biosensual.pl\/en\/wp-json\/wp\/v2\/product"}],"about":[{"href":"https:\/\/biosensual.pl\/en\/wp-json\/wp\/v2\/types\/product"}],"version-history":[{"count":1,"href":"https:\/\/biosensual.pl\/en\/wp-json\/wp\/v2\/product\/12689\/revisions"}],"predecessor-version":[{"id":12694,"href":"https:\/\/biosensual.pl\/en\/wp-json\/wp\/v2\/product\/12689\/revisions\/12694"}],"wp:featuredmedia":[{"embeddable":true,"href":"https:\/\/biosensual.pl\/en\/wp-json\/wp\/v2\/media\/12692"}],"wp:attachment":[{"href":"https:\/\/biosensual.pl\/en\/wp-json\/wp\/v2\/media?parent=12689"}],"wp:term":[{"taxonomy":"product_brand","embeddable":true,"href":"https:\/\/biosensual.pl\/en\/wp-json\/wp\/v2\/product_brand?post=12689"},{"taxonomy":"product_cat","embeddable":true,"href":"https:\/\/biosensual.pl\/en\/wp-json\/wp\/v2\/product_cat?post=12689"},{"taxonomy":"product_tag","embeddable":true,"href":"https:\/\/biosensual.pl\/en\/wp-json\/wp\/v2\/product_tag?post=12689"}],"curies":[{"name":"wp","href":"https:\/\/api.w.org\/{rel}","templated":true}]}}