{"id":12697,"date":"2025-11-18T11:35:29","date_gmt":"2025-11-18T11:35:29","guid":{"rendered":"https:\/\/biosensual.pl\/?post_type=product&#038;p=12697"},"modified":"2025-11-18T11:37:34","modified_gmt":"2025-11-18T11:37:34","slug":"aromaterapia-dla-domu-ebook","status":"publish","type":"product","link":"https:\/\/biosensual.pl\/en\/product\/aromaterapia-dla-domu-ebook\/","title":{"rendered":"Aromatherapy for the home (ebook)"},"content":{"rendered":"<p><strong>How can you purchase an e-book?<\/strong><\/p>\n<p>1 | Email:\u00a0<a href=\"mailto:monika@biosensual.pl\" target=\"_blank\" rel=\"noopener\">monika@biosensual.pl<\/a> and enter the e-mail address to which you would like me to send the e-book and your payment confirmation. Enter your invoice details if you need to receive such a document.<\/p>\n<p>2 | Pay by Blik to tel. +48 698989282 with your e-mail address and invoice details in the payment title if you need them.<\/p>\n<p>You will receive the e-book asap, within 10h at the latest, most often it is 1h.<\/p>","protected":false},"excerpt":{"rendered":"<p>50 przepis\u00f3w na naturalne \u015brodki czysto\u015bci.<\/p>","protected":false},"featured_media":12691,"template":"","meta":[],"product_brand":[],"product_cat":[447],"product_tag":[],"class_list":{"0":"post-12697","1":"product","2":"type-product","3":"status-publish","4":"has-post-thumbnail","6":"product_cat-produkty-cyfrowe","8":"first","9":"instock","10":"virtual","11":"purchasable","12":"product-type-simple"},"_links":{"self":[{"href":"https:\/\/biosensual.pl\/en\/wp-json\/wp\/v2\/product\/12697","targetHints":{"allow":["GET"]}}],"collection":[{"href":"https:\/\/biosensual.pl\/en\/wp-json\/wp\/v2\/product"}],"about":[{"href":"https:\/\/biosensual.pl\/en\/wp-json\/wp\/v2\/types\/product"}],"version-history":[{"count":2,"href":"https:\/\/biosensual.pl\/en\/wp-json\/wp\/v2\/product\/12697\/revisions"}],"predecessor-version":[{"id":12700,"href":"https:\/\/biosensual.pl\/en\/wp-json\/wp\/v2\/product\/12697\/revisions\/12700"}],"wp:featuredmedia":[{"embeddable":true,"href":"https:\/\/biosensual.pl\/en\/wp-json\/wp\/v2\/media\/12691"}],"wp:attachment":[{"href":"https:\/\/biosensual.pl\/en\/wp-json\/wp\/v2\/media?parent=12697"}],"wp:term":[{"taxonomy":"product_brand","embeddable":true,"href":"https:\/\/biosensual.pl\/en\/wp-json\/wp\/v2\/product_brand?post=12697"},{"taxonomy":"product_cat","embeddable":true,"href":"https:\/\/biosensual.pl\/en\/wp-json\/wp\/v2\/product_cat?post=12697"},{"taxonomy":"product_tag","embeddable":true,"href":"https:\/\/biosensual.pl\/en\/wp-json\/wp\/v2\/product_tag?post=12697"}],"curies":[{"name":"wp","href":"https:\/\/api.w.org\/{rel}","templated":true}]}}