{"id":13342,"date":"2025-12-17T15:31:08","date_gmt":"2025-12-17T15:31:08","guid":{"rendered":"https:\/\/biosensual.pl\/?post_type=product&#038;p=13342"},"modified":"2025-12-17T15:37:19","modified_gmt":"2025-12-17T15:37:19","slug":"zestaw-aromaterapia-dla-zdrowia","status":"publish","type":"product","link":"https:\/\/biosensual.pl\/en\/product\/zestaw-aromaterapia-dla-zdrowia\/","title":{"rendered":"AROMATERAPY FOR HEALTH kit"},"content":{"rendered":"<p><span style=\"font-weight: 400;\">Explore the kit <\/span><b>\u201eAromatherapy for Health\u201d.\u201d<\/b><span style=\"font-weight: 400;\"> five 100% natural essential oils to help you create home blends to support immunity, respiration and daily balance. It's a simple step towards living closer to nature: less chemicals in the home, more health-conscious prevention for you and your loved ones.<\/span><\/p>\n<p><span style=\"font-weight: 400;\">Use the oils in this kit to compose your own preparations: <\/span><b>inhalations, diffuser mixtures, rubbing solutions, aromatherapy baths or natural home ointments<\/b><span style=\"font-weight: 400;\">. The recipes can be found in our ebook <\/span><b>\u201eAromatherapy for Health\u201d.\u201d<\/b><span style=\"font-weight: 400;\">. They will save you time, money and teach you how to support your body naturally especially during the autumn and winter season.<\/span><\/p>\n<p><b>Attention:<\/b><span style=\"font-weight: 400;\"> Aromatherapy supports prevention and well-being, but is not a substitute for medical consultation or treatment. For chronic illnesses, pregnancy and children, use oils as recommended by a specialist.<\/span><\/p>\n<p>&nbsp;<\/p>\n<p><b>What will you find in the kit?<\/b><\/p>\n<p><b>Peppermint oil (Mentha Piperita)<\/b><\/p>\n<p><span style=\"font-weight: 400;\">Fresh, cooling and cleansing. Mint promotes breathing comfort, helps to \u201erefresh the head\u201d and helps to recover from a busy day. Great for inhalations and neck and temple blends.<\/span><\/p>\n<p><b>Ideal for:<\/b><span style=\"font-weight: 400;\"> vapour inhalation, roll-on temples, diffusion for breath clarity.<\/span><\/p>\n<p><b>Geranium oil (Pelargonium Graveolens)<\/b><\/p>\n<p><span style=\"font-weight: 400;\">Floral, delicately sweet and soothing to the emotions. Geranium supports hormonal harmony and mood, has a calming, enveloping effect and helps you return to inner peace. It is also a great oil for skincare blends.<\/span><\/p>\n<p><b>Ideal for:<\/b><span style=\"font-weight: 400;\"> relaxation massage, aromatherapy bath, diffuser for a good night's sleep.<\/span><\/p>\n<p><b>Sage oil (Salvia Officinalis)<\/b><\/p>\n<p><span style=\"font-weight: 400;\">Herbal, deep, \u201ecleansing\u201d. Sage is associated with balance, immune support and comfort during periods of weakness. In aromatherapy, it is valued for its tonic and stabilising effects.<\/span><\/p>\n<p><b>Ideal for:<\/b><span style=\"font-weight: 400;\"> prophylactic diffusion, herbal baths, regeneration support mixtures.<\/span><\/p>\n<p><b>Tea Tree Oil (Tea Tree \/ Melaleuca Alternifolia)<\/b><\/p>\n<p><span style=\"font-weight: 400;\">Powerful, expressive and one of the most well-known oils in home prevention. Tea Tree is prized for its cleansing and antimicrobial support properties. It is \u201enature's first aid kit\u201d in a bottle.<\/span><\/p>\n<p><b>Ideal for:<\/b><span style=\"font-weight: 400;\"> rubbing solutions, diffusion during the infectious season, home skin care mixtures.\u00a0<\/span><\/p>\n<p><b>Eucalyptus oil (Eucalyptus Globulus\/Radiata)<\/b><\/p>\n<p><span style=\"font-weight: 400;\">Cool, fresh, breathable. Eucalyptus promotes airway patency and gives a \u201edeep breath\u201d feeling. Often chosen for inhalation and diffusion during colds.<\/span><\/p>\n<p><b>Ideal for:<\/b><span style=\"font-weight: 400;\"> inhalations, a diffuser to purify the air, homemade chest lotions.<\/span><\/p>\n<p>&nbsp;<\/p>\n<p><b>Why choose \u201eAromatherapy for Health\u201d?<\/b><\/p>\n<ul>\n<li style=\"font-weight: 400;\" aria-level=\"1\"><span style=\"font-weight: 400;\">You create your own <\/span><b>natural blends for immunity and well-being<\/b><span style=\"font-weight: 400;\">.<\/span><\/li>\n<li style=\"font-weight: 400;\" aria-level=\"1\"><span style=\"font-weight: 400;\">You limit <\/span><b>chemotherapy and overmedication without the need<\/b><span style=\"font-weight: 400;\"> in everyday life.<\/span><\/li>\n<li style=\"font-weight: 400;\" aria-level=\"1\"><span style=\"font-weight: 400;\">You support the body in a preventive way - before a crisis occurs.<\/span><\/li>\n<li style=\"font-weight: 400;\" aria-level=\"1\"><span style=\"font-weight: 400;\">You clean the air in your home and take care of the <\/span><b>healthy microclimate<\/b><span style=\"font-weight: 400;\">.<\/span><\/li>\n<li style=\"font-weight: 400;\" aria-level=\"1\"><span style=\"font-weight: 400;\">You build a home routine that helps to maintain energy, calmness and vitality.<\/span><\/li>\n<li style=\"font-weight: 400;\" aria-level=\"1\">You are turning a house into a <b>an oasis of health and longevity<\/b><span>.<\/span><\/li>\n<\/ul>","protected":false},"excerpt":{"rendered":"<p>Poznaj zestaw \u201eAromaterapia dla zdrowia\u201d pi\u0119\u0107 100% naturalnych olejk\u00f3w eterycznych, kt\u00f3re pomog\u0105 Ci stworzy\u0107 domowe mieszanki wspieraj\u0105ce odporno\u015b\u0107, oddech i codzienn\u0105 r\u00f3wnowag\u0119. To prosty krok w stron\u0119 \u017cycia bli\u017cej natury: mniej chemii w domu, wi\u0119cej \u015bwiadomej profilaktyki zdrowia dla Ciebie i Twoich bliskich. Olejki z tego zestawu s\u0142u\u017c\u0105 do komponowania w\u0142asnych preparat\u00f3w: inhalacji, mieszanek do [&hellip;]<\/p>\n","protected":false},"featured_media":13345,"template":"","meta":[],"product_brand":[],"product_cat":[454,192],"product_tag":[],"class_list":{"0":"post-13342","1":"product","2":"type-product","3":"status-publish","4":"has-post-thumbnail","6":"product_cat-zestawy-olejkow","7":"product_cat-olejki-eteryczne","9":"first","10":"instock","11":"shipping-taxable","12":"purchasable","13":"product-type-simple"},"_links":{"self":[{"href":"https:\/\/biosensual.pl\/en\/wp-json\/wp\/v2\/product\/13342","targetHints":{"allow":["GET"]}}],"collection":[{"href":"https:\/\/biosensual.pl\/en\/wp-json\/wp\/v2\/product"}],"about":[{"href":"https:\/\/biosensual.pl\/en\/wp-json\/wp\/v2\/types\/product"}],"version-history":[{"count":3,"href":"https:\/\/biosensual.pl\/en\/wp-json\/wp\/v2\/product\/13342\/revisions"}],"predecessor-version":[{"id":13353,"href":"https:\/\/biosensual.pl\/en\/wp-json\/wp\/v2\/product\/13342\/revisions\/13353"}],"wp:featuredmedia":[{"embeddable":true,"href":"https:\/\/biosensual.pl\/en\/wp-json\/wp\/v2\/media\/13345"}],"wp:attachment":[{"href":"https:\/\/biosensual.pl\/en\/wp-json\/wp\/v2\/media?parent=13342"}],"wp:term":[{"taxonomy":"product_brand","embeddable":true,"href":"https:\/\/biosensual.pl\/en\/wp-json\/wp\/v2\/product_brand?post=13342"},{"taxonomy":"product_cat","embeddable":true,"href":"https:\/\/biosensual.pl\/en\/wp-json\/wp\/v2\/product_cat?post=13342"},{"taxonomy":"product_tag","embeddable":true,"href":"https:\/\/biosensual.pl\/en\/wp-json\/wp\/v2\/product_tag?post=13342"}],"curies":[{"name":"wp","href":"https:\/\/api.w.org\/{rel}","templated":true}]}}