{"id":13348,"date":"2025-12-17T15:34:26","date_gmt":"2025-12-17T15:34:26","guid":{"rendered":"https:\/\/biosensual.pl\/?post_type=product&#038;p=13348"},"modified":"2025-12-17T15:35:43","modified_gmt":"2025-12-17T15:35:43","slug":"zestaw-aromaterapia-dla-domu","status":"publish","type":"product","link":"https:\/\/biosensual.pl\/en\/product\/zestaw-aromaterapia-dla-domu\/","title":{"rendered":"Home AROMATERAPY Kit"},"content":{"rendered":"<p><span style=\"font-weight: 400;\">Explore the kit <\/span><b>\u201eAromatherapy for the home\u201d.\u201d<\/b><span style=\"font-weight: 400;\">: five 100% natural essential oils to help you create your own effective <\/span><b>natural cleaning products<\/b><span style=\"font-weight: 400;\">. They will help you reduce the chemicals in your home, keep your family healthy and clean faster, cheaper and safer. You will find recipes for homemade detergents in our ebook <\/span><i><span style=\"font-weight: 400;\">\u201eAromatherapy for the home\u201d.\u201d<\/span><\/i><span style=\"font-weight: 400;\">.<\/span><\/p>\n<p><span style=\"font-weight: 400;\">It is nature encapsulated in concentrates created to protect against pathogens, while filling interiors with a fresh, clean scent. Regular use of oils in cleaning helps to reduce <\/span><b>mould and fungi in the house<\/b><span style=\"font-weight: 400;\">, neutralise unpleasant odours, promote kitchen and bathroom hygiene and deter uninvited \u201etenants\u201d.<\/span><\/p>\n<p>&nbsp;<\/p>\n<p><b>What will you find in the kit?<\/b><\/p>\n<p><b>Pine oil 5ml (Pinus Sylvestris)<\/b><\/p>\n<p><span style=\"font-weight: 400;\">A fresh, woodsy, cleansing fragrance. Pine acts as a natural \u201eair freshener\u201d and is great for <\/span><b>cleaning floors, bathrooms and toilets<\/b><span style=\"font-weight: 400;\">. It helps neutralise odours, promotes surface hygiene and gives you a feeling of cleanliness like after a walk in the woods.<\/span><\/p>\n<p><b>Ideal for:<\/b><span style=\"font-weight: 400;\"> floor cleaner, bathroom spray, home freshener.<\/span><\/p>\n<p><b>Clove oil 5ml (Syzygium Aromaticum)<\/b><\/p>\n<p><span style=\"font-weight: 400;\">Warm, spicy and very intense. This is one of the most powerful cleaning oils - prized for its antiseptic and protective properties. It helps to naturally support the fight against unwanted micro-organisms and is brilliant as an ingredient in blends against \u201eworms\u201d.<\/span><\/p>\n<p><b>Ideal for:<\/b><span style=\"font-weight: 400;\"> preparations for the kitchen, mould remedies, household insect repellent mixtures.<\/span><\/p>\n<p><b>Peppermint oil 5ml (Mentha Piperita)<\/b><\/p>\n<p><span style=\"font-weight: 400;\">Cool, refreshing, \u201ementhol\u201d. Great for refreshing a space, helping to remove heavy odours and giving household detergents a fresh effect. Mint is also one of the favourite oils for insect repellent blends.<\/span><\/p>\n<p><b>Ideal for:<\/b><span style=\"font-weight: 400;\"> glass and countertop spray, odour neutraliser, fridge and bin cleaner.<\/span><\/p>\n<p><b>Lemon oil 5ml (Citrus Limon)<\/b><\/p>\n<p><span style=\"font-weight: 400;\">Pure, energetic lemon, a classic <\/span><b>natural cleaning<\/b><span style=\"font-weight: 400;\">. It has a refreshing effect, helps dissolve grease, gives a shine and leaves your home smelling fresh. It is a must-have for the kitchen.<\/span><\/p>\n<p><b>Ideal for:<\/b><span style=\"font-weight: 400;\"> dishwashing liquid, kitchen degreaser, furniture and steel cleaner.<\/span><\/p>\n<p><b>Spruce oil 5ml (Picea Abies)<\/b><\/p>\n<p><span style=\"font-weight: 400;\">A deep, resinous, forest aroma. Spruce promotes air purity and gives a unique feeling of \u201ebreathing nature\u201d in the home. It has a similar effect to pine in cleaning blends and brings a more balsamic note.<\/span><\/p>\n<p><b>Ideal for:<\/b><span style=\"font-weight: 400;\"> floor cleaner, bathroom spray, diffuser after cleaning.<\/span><\/p>\n<p>&nbsp;<\/p>\n<p><b>Why is it worth it?<\/b><\/p>\n<ul>\n<li style=\"font-weight: 400;\" aria-level=\"1\"><span style=\"font-weight: 400;\">You create your own <\/span><b>natural cleaning products made from essential oils<\/b><span style=\"font-weight: 400;\">.<\/span><\/li>\n<li style=\"font-weight: 400;\" aria-level=\"1\"><span style=\"font-weight: 400;\">You limit <\/span><b>chemical detergents<\/b><span style=\"font-weight: 400;\"> at home.<\/span><\/li>\n<li style=\"font-weight: 400;\" aria-level=\"1\"><span style=\"font-weight: 400;\">Cleaning <\/span><b>healthy, effective and affordable<\/b><span style=\"font-weight: 400;\">.<\/span><\/li>\n<li style=\"font-weight: 400;\" aria-level=\"1\"><span style=\"font-weight: 400;\">You promote hygiene without aggressive substances.<\/span><\/li>\n<li style=\"font-weight: 400;\" aria-level=\"1\"><span style=\"font-weight: 400;\">You gain a beautiful, natural fragrance throughout your home.<\/span><\/li>\n<li style=\"font-weight: 400;\" aria-level=\"1\"><span style=\"font-weight: 400;\">By taking care of cleanliness, you are helping to reduce <\/span><b>fungi, mould and unwanted insects<\/b><span style=\"font-weight: 400;\"> in a natural way.<\/span><\/li>\n<\/ul>","protected":false},"excerpt":{"rendered":"<p>Poznaj zestaw \u201eAromaterapia dla domu\u201d: pi\u0119\u0107 100% naturalnych olejk\u00f3w eterycznych, kt\u00f3re pomog\u0105 Ci stworzy\u0107 w\u0142asne, skuteczne naturalne \u015brodki czysto\u015bci. Dzi\u0119ki nim ograniczysz chemi\u0119 w domu, zadbasz o zdrowie rodziny i posprz\u0105tasz szybciej, taniej i bezpieczniej. Przepisy na domowe detergenty znajdziesz w naszym ebooku \u201eAromaterapia dla domu\u201d. To natura zamkni\u0119ta w koncentratach stworzona, by chroni\u0107 przed [&hellip;]<\/p>\n","protected":false},"featured_media":13343,"template":"","meta":[],"product_brand":[],"product_cat":[454,192],"product_tag":[],"class_list":{"0":"post-13348","1":"product","2":"type-product","3":"status-publish","4":"has-post-thumbnail","6":"product_cat-zestawy-olejkow","7":"product_cat-olejki-eteryczne","9":"first","10":"instock","11":"shipping-taxable","12":"purchasable","13":"product-type-simple"},"_links":{"self":[{"href":"https:\/\/biosensual.pl\/en\/wp-json\/wp\/v2\/product\/13348","targetHints":{"allow":["GET"]}}],"collection":[{"href":"https:\/\/biosensual.pl\/en\/wp-json\/wp\/v2\/product"}],"about":[{"href":"https:\/\/biosensual.pl\/en\/wp-json\/wp\/v2\/types\/product"}],"version-history":[{"count":4,"href":"https:\/\/biosensual.pl\/en\/wp-json\/wp\/v2\/product\/13348\/revisions"}],"predecessor-version":[{"id":13352,"href":"https:\/\/biosensual.pl\/en\/wp-json\/wp\/v2\/product\/13348\/revisions\/13352"}],"wp:featuredmedia":[{"embeddable":true,"href":"https:\/\/biosensual.pl\/en\/wp-json\/wp\/v2\/media\/13343"}],"wp:attachment":[{"href":"https:\/\/biosensual.pl\/en\/wp-json\/wp\/v2\/media?parent=13348"}],"wp:term":[{"taxonomy":"product_brand","embeddable":true,"href":"https:\/\/biosensual.pl\/en\/wp-json\/wp\/v2\/product_brand?post=13348"},{"taxonomy":"product_cat","embeddable":true,"href":"https:\/\/biosensual.pl\/en\/wp-json\/wp\/v2\/product_cat?post=13348"},{"taxonomy":"product_tag","embeddable":true,"href":"https:\/\/biosensual.pl\/en\/wp-json\/wp\/v2\/product_tag?post=13348"}],"curies":[{"name":"wp","href":"https:\/\/api.w.org\/{rel}","templated":true}]}}