{"id":13354,"date":"2025-12-17T15:40:44","date_gmt":"2025-12-17T15:40:44","guid":{"rendered":"https:\/\/biosensual.pl\/?post_type=product&#038;p=13354"},"modified":"2025-12-17T15:40:45","modified_gmt":"2025-12-17T15:40:45","slug":"zestaw-aromaterapia-dla-urody","status":"publish","type":"product","link":"https:\/\/biosensual.pl\/en\/product\/zestaw-aromaterapia-dla-urody\/","title":{"rendered":"AROMATERAPY FOR BEAUTY set"},"content":{"rendered":"<p><span style=\"font-weight: 400;\">Explore the kit <\/span><b>\u201eAromatherapy for beauty\u201d.\u201d<\/b><span style=\"font-weight: 400;\"> - five carefully selected 100% natural essential oils to help you create your own homemade beauty products for face, body and hair. They are the perfect choice for women who want to <\/span><b>reduce the chemicals in your cosmetics<\/b><span style=\"font-weight: 400;\">, get back to nature and take care of your beauty in a conscious, safe and effective way.<\/span><\/p>\n<p><span style=\"font-weight: 400;\">The oils in the kit are used to compose <\/span><b>serums, body butters, massage oils, tonics, scalp rubs or bath mixes<\/b><span style=\"font-weight: 400;\">. You can find recipes for homemade recipes in our ebook <\/span><b>\u201eAromatherapy for beauty\u201d.\u201d<\/b><span style=\"font-weight: 400;\">. They will save you time and money and, above all, give you back control over what you put on your skin.<\/span><\/p>\n<p><b>Attention:<\/b><span style=\"font-weight: 400;\"> Essential oils are very concentrated plant extracts always dilute them in a base oil and do an allergy test. In pregnancy and in children, use after consultation with a specialist.<\/span><\/p>\n<p>&nbsp;<\/p>\n<p><b>What will you find in the kit?<\/b><\/p>\n<p><b>Tea Tree Oil (Tea Tree \/ Melaleuca Alternifolia)<\/b><\/p>\n<p><span style=\"font-weight: 400;\">A natural \u201emust have\u201d for problematic skin care. Tea Tree is prized for its cleansing and balancing properties, which is why it is great in formulas for combination, oily and imperfection-prone skin.<\/span><\/p>\n<p><b>Ideal for:<\/b><span style=\"font-weight: 400;\"> Spot blends, DIY toners, acne skin care, foot care.<\/span><\/p>\n<p><b>Rosemary oil (Rosmarinus Officinalis)<\/b><\/p>\n<p><span style=\"font-weight: 400;\">Energising, herbal oil to support skin microcirculation. Lovingly used in hair and scalp care - ideal for homemade strengthening rubs and cosmetics to stimulate skin regeneration.<\/span><\/p>\n<p><b>Ideal for:<\/b><span style=\"font-weight: 400;\"> hair growth rubs, scalp massages, firming body oils.<\/span><\/p>\n<p><b>Orange oil (Citrus Sinensis)<\/b><\/p>\n<p><span style=\"font-weight: 400;\">A sunny, joyful fragrance that acts as a natural \u201ebeauty booster\u201d. Orange brings freshness and lightness to skincare, supports skin radiance and is perfect for anti-stress rituals that make a real difference to your appearance.<\/span><\/p>\n<p><b>Ideal for:<\/b><span style=\"font-weight: 400;\"> sugar scrubs, body oils, aromatherapy baths, mood-enhancing blends.<\/span><\/p>\n<p><b>Frankincense oil (Frankincense \/ Boswellia Carterii)<\/b><\/p>\n<p><span style=\"font-weight: 400;\">One of the most luxurious essences in beauty aromatherapy. Frankincense promotes regeneration and mature skin care, and is loved in anti-aging formulas and emotional calming rituals to help the skin regain its balance.<\/span><\/p>\n<p><b>Ideal for:<\/b><span style=\"font-weight: 400;\"> Anti-ageing serums, DIY creams, Gua Sha facial massage, evening beauty rituals.<\/span><\/p>\n<p><b>Lavender oil (Lavandula Angustifolia)<\/b><\/p>\n<p><span style=\"font-weight: 400;\">The most versatile soothing, harmonising and gentle skincare oil. Lavender supports the comfort of sensitive skin, helps calm redness and is ideal for evening care and relaxation.<\/span><\/p>\n<p><b>Ideal for:<\/b><span style=\"font-weight: 400;\"> after-bath oils, cosmetics for sensitive skin, facial mists, home spa.<\/span><\/p>\n<p>&nbsp;<\/p>\n<p><b>Why choose \u201eAromatherapy for beauty\u201d?<\/b><\/p>\n<ul>\n<li style=\"font-weight: 400;\" aria-level=\"1\"><span style=\"font-weight: 400;\">You create your own <\/span><b>DIY natural cosmetics with essential oils<\/b><span style=\"font-weight: 400;\">.<\/span><\/li>\n<li style=\"font-weight: 400;\" aria-level=\"1\"><span style=\"font-weight: 400;\">You limit synthetic preservatives, silicones and unnecessary fillers.<\/span><\/li>\n<li style=\"font-weight: 400;\" aria-level=\"1\"><span style=\"font-weight: 400;\">You support the skin in a holistic way: <\/span><b>care + emotions + ritual<\/b><span style=\"font-weight: 400;\">.<\/span><\/li>\n<li style=\"font-weight: 400;\" aria-level=\"1\"><span style=\"font-weight: 400;\">Slow down the ageing process naturally with a systematic, plant-based routine.<\/span><\/li>\n<li style=\"font-weight: 400;\" aria-level=\"1\"><span style=\"font-weight: 400;\">You save money because one oil gives you multiple formulations.<\/span><\/li>\n<li style=\"font-weight: 400;\" aria-level=\"1\"><span style=\"font-weight: 400;\">You build your <\/span><b>home beauty and longevity laboratory<\/b><span style=\"font-weight: 400;\">.<\/span><\/li>\n<\/ul>\n<p>&nbsp;<\/p>\n<p><span style=\"font-weight: 400;\">Nature created essential oils as plant-based protective concentrates - so that we don't have to burden our skin with artificial ingredients every day. Start minimalist, effective skincare with a heart.<\/span><\/p>","protected":false},"excerpt":{"rendered":"<p>Poznaj zestaw \u201eAromaterapia dla urody\u201d \u2013 pi\u0119\u0107 starannie dobranych, 100% naturalnych olejk\u00f3w eterycznych, kt\u00f3re pomog\u0105 Ci stworzy\u0107 w\u0142asne, domowe kosmetyki do piel\u0119gnacji twarzy, cia\u0142a i w\u0142os\u00f3w. To idealny wyb\u00f3r dla kobiet, kt\u00f3re chc\u0105 zredukowa\u0107 chemi\u0119 w kosmetyczce, wr\u00f3ci\u0107 do natury i piel\u0119gnowa\u0107 urod\u0119 w spos\u00f3b \u015bwiadomy, bezpieczny i skuteczny. Olejki z zestawu s\u0142u\u017c\u0105 do komponowania [&hellip;]<\/p>\n","protected":false},"featured_media":13344,"template":"","meta":[],"product_brand":[],"product_cat":[454,192],"product_tag":[],"class_list":{"0":"post-13354","1":"product","2":"type-product","3":"status-publish","4":"has-post-thumbnail","6":"product_cat-zestawy-olejkow","7":"product_cat-olejki-eteryczne","9":"first","10":"instock","11":"shipping-taxable","12":"purchasable","13":"product-type-simple"},"_links":{"self":[{"href":"https:\/\/biosensual.pl\/en\/wp-json\/wp\/v2\/product\/13354","targetHints":{"allow":["GET"]}}],"collection":[{"href":"https:\/\/biosensual.pl\/en\/wp-json\/wp\/v2\/product"}],"about":[{"href":"https:\/\/biosensual.pl\/en\/wp-json\/wp\/v2\/types\/product"}],"version-history":[{"count":1,"href":"https:\/\/biosensual.pl\/en\/wp-json\/wp\/v2\/product\/13354\/revisions"}],"predecessor-version":[{"id":13355,"href":"https:\/\/biosensual.pl\/en\/wp-json\/wp\/v2\/product\/13354\/revisions\/13355"}],"wp:featuredmedia":[{"embeddable":true,"href":"https:\/\/biosensual.pl\/en\/wp-json\/wp\/v2\/media\/13344"}],"wp:attachment":[{"href":"https:\/\/biosensual.pl\/en\/wp-json\/wp\/v2\/media?parent=13354"}],"wp:term":[{"taxonomy":"product_brand","embeddable":true,"href":"https:\/\/biosensual.pl\/en\/wp-json\/wp\/v2\/product_brand?post=13354"},{"taxonomy":"product_cat","embeddable":true,"href":"https:\/\/biosensual.pl\/en\/wp-json\/wp\/v2\/product_cat?post=13354"},{"taxonomy":"product_tag","embeddable":true,"href":"https:\/\/biosensual.pl\/en\/wp-json\/wp\/v2\/product_tag?post=13354"}],"curies":[{"name":"wp","href":"https:\/\/api.w.org\/{rel}","templated":true}]}}