{"id":13411,"date":"2026-02-17T13:09:14","date_gmt":"2026-02-17T13:09:14","guid":{"rendered":"https:\/\/biosensual.pl\/?post_type=product&#038;p=13411"},"modified":"2026-03-26T11:48:17","modified_gmt":"2026-03-26T11:48:17","slug":"swiety-spokoj","status":"publish","type":"product","link":"https:\/\/biosensual.pl\/en\/product\/swiety-spokoj\/","title":{"rendered":"\u015aWI\u0118TY SPOK\u00d3J"},"content":{"rendered":"<h3 data-start=\"103\" data-end=\"148\">\u015awieca zapachowa do aromaterapii i masa\u017cu \u015aWI\u0118TY SPOK\u00d3J \u2013 Imbir &amp; Grejpfrut<\/h3>\n<p data-start=\"187\" data-end=\"438\">Naturalna \u015bwieca zapachowa z olejkami eterycznymi imbiru i grejpfruta, stworzona do aromaterapii, relaksu oraz masa\u017cu cia\u0142a. To idealna \u015bwieca do domu \u2013 do sypialni, salonu, \u0142azienki czy przestrzeni pracy, gdy potrzebujesz r\u00f3wnowagi i \u015bwie\u017cej energii.<\/p>\n<p data-start=\"440\" data-end=\"669\">Zapal j\u0105, aby stworzy\u0107 atmosfer\u0119 wyciszenia i lekko\u015bci. Ciep\u0142y, rozgrzewaj\u0105cy imbir \u0142\u0105czy si\u0119 z orze\u017awiaj\u0105c\u0105 nut\u0105 grejpfruta, tworz\u0105c kompozycj\u0119, kt\u00f3ra pobudza zmys\u0142y i jednocze\u015bnie pomaga roz\u0142adowa\u0107 napi\u0119cie po intensywnym dniu.<\/p>\n<p data-start=\"671\" data-end=\"856\"><strong>\u015awieca Biosensual \u201e\u015aWI\u0118TY SPOK\u00d3J\u201d<\/strong> mo\u017ce by\u0107 r\u00f3wnie\u017c u\u017cywana jako \u015bwieca do masa\u017cu \u2013 po rozpuszczeniu wosk zamienia si\u0119 w ciep\u0142y, aromatyczny olejek do piel\u0119gnacji wybranych partii cia\u0142a.<\/p>\n<h3 data-start=\"863\" data-end=\"896\">Kompozycja olejk\u00f3w eterycznych:<\/h3>\n<h4 data-start=\"898\" data-end=\"929\">Imbir (Zingiber Officinale)<\/h4>\n<ul data-start=\"930\" data-end=\"1049\">\n<li data-start=\"930\" data-end=\"971\">\n<p data-start=\"932\" data-end=\"971\">dzia\u0142a rozgrzewaj\u0105co i energetyzuj\u0105co<\/p>\n<\/li>\n<li data-start=\"972\" data-end=\"1011\">\n<p data-start=\"974\" data-end=\"1011\">pomaga zredukowa\u0107 uczucie zm\u0119czenia<\/p>\n<\/li>\n<li data-start=\"1012\" data-end=\"1049\">\n<p data-start=\"1014\" data-end=\"1049\">pobudza zmys\u0142y i dodaje \u015bwie\u017co\u015bci<\/p>\n<\/li>\n<\/ul>\n<h4 data-start=\"1051\" data-end=\"1081\">Grejpfrut (Citrus Grandis)<\/h4>\n<ul data-start=\"1082\" data-end=\"1174\">\n<li data-start=\"1082\" data-end=\"1105\">\n<p data-start=\"1084\" data-end=\"1105\">tonizuje i od\u015bwie\u017ca<\/p>\n<\/li>\n<li data-start=\"1106\" data-end=\"1126\">\n<p data-start=\"1108\" data-end=\"1126\">poprawia nastr\u00f3j<\/p>\n<\/li>\n<li data-start=\"1127\" data-end=\"1174\">\n<p data-start=\"1129\" data-end=\"1174\">wnosi lekki, cytrusowy, orze\u017awiaj\u0105cy aromat<\/p>\n<\/li>\n<\/ul>\n<h3 data-start=\"1181\" data-end=\"1224\">Dlaczego warto wybra\u0107 \u015bwiec\u0119 Biosensual?<\/h3>\n<ul data-start=\"1226\" data-end=\"1431\">\n<li data-start=\"1226\" data-end=\"1269\">\n<p data-start=\"1228\" data-end=\"1269\">naturalna \u015bwieca z olejkami eterycznymi<\/p>\n<\/li>\n<li data-start=\"1270\" data-end=\"1311\">\n<p data-start=\"1272\" data-end=\"1311\">\u015bwieca do aromaterapii i masa\u017cu cia\u0142a<\/p>\n<\/li>\n<li data-start=\"1312\" data-end=\"1365\">\n<p data-start=\"1314\" data-end=\"1365\">\u015bwie\u017cy, energetyzuj\u0105cy zapach imbiru i grejpfruta<\/p>\n<\/li>\n<li data-start=\"1366\" data-end=\"1408\">\n<p data-start=\"1368\" data-end=\"1408\">do domu, gabinetu, przestrzeni relaksu<\/p>\n<\/li>\n<li data-start=\"1409\" data-end=\"1431\">\n<p data-start=\"1411\" data-end=\"1431\">idealna na prezent<\/p>\n<\/li>\n<\/ul>\n<h3 data-start=\"1438\" data-end=\"1460\">Sk\u0142ad \/ Ingredients<\/h3>\n<p data-start=\"1462\" data-end=\"1638\">Hydrogenated Vegetable Oil, Prunus Amygdalus Dulcis (Sweet Almond) Oil, Citrus Grandis (Grapefruit) Peel Oil, Zingiber Officinale (Ginger) Root Oil, Limonene, Citral, Linalool.<\/p>","protected":false},"excerpt":{"rendered":"<p data-start=\"95\" data-end=\"366\"><strong data-start=\"95\" data-end=\"132\">\u015awieca Biosensual \u201e\u015aWI\u0118TY SPOK\u00d3J\u201d<\/strong>\u00a0 to rytua\u0142 wyciszenia i odzyskania r\u00f3wnowagi. Stworzona, aby otuli\u0107 Ci\u0119 ciep\u0142em i \u015bwie\u017c\u0105 energi\u0105 po dniu pe\u0142nym napi\u0119\u0107. Zapal j\u0105, gdy potrzebujesz oddechu, klarowno\u015bci i chwili tylko dla siebie.<\/p>\n<p data-start=\"368\" data-end=\"478\">Kompozycja olejk\u00f3w eterycznych z <strong data-start=\"401\" data-end=\"424\">imbiru i grejpfruta<\/strong> dzia\u0142a jednocze\u015bnie rozgrzewaj\u0105co i energetyzuj\u0105co.<\/p>\n<p data-start=\"480\" data-end=\"666\"><strong data-start=\"480\" data-end=\"489\">Imbir<\/strong> pobudza zmys\u0142y, dodaje \u015bwie\u017co\u015bci, \u0142agodzi zm\u0119czenie i pomaga uwolni\u0107 napi\u0119cie.<br data-start=\"568\" data-end=\"571\" \/><strong data-start=\"571\" data-end=\"584\">Grejpfrut<\/strong> tonizuje, poprawia nastr\u00f3j i wnosi lekko\u015b\u0107 swoim \u015bwie\u017cym, orze\u017awiaj\u0105cym aromatem.<\/p>\n<p data-start=\"668\" data-end=\"783\" data-is-last-node=\"\" data-is-only-node=\"\">To zapach, kt\u00f3ry przywraca balans mi\u0119dzy spokojem a energi\u0105 \u2014 dok\u0142adnie wtedy, gdy najbardziej tego potrzebujesz.<\/p>","protected":false},"featured_media":13416,"template":"","meta":[],"product_brand":[],"product_cat":[184,450],"product_tag":[201,202,247,223,267,217,264,232,257,292,268,271,231],"class_list":{"0":"post-13411","1":"product","2":"type-product","3":"status-publish","4":"has-post-thumbnail","6":"product_cat-swiece","7":"product_cat-swiece-wg-kompozycji-zapachowej","8":"product_tag-aromaterapia","9":"product_tag-biosensual","10":"product_tag-kosmetyki-naturalne","11":"product_tag-masaz","12":"product_tag-naturalnapielegnacja","13":"product_tag-olejkieteryczne","14":"product_tag-pielegnacjaciala","15":"product_tag-relaks","16":"product_tag-spawdomu","17":"product_tag-swieca-naturalna","18":"product_tag-swiecedomasazu","19":"product_tag-wosk-roslinny","20":"product_tag-zdrowie-i-uroda","22":"first","23":"instock","24":"shipping-taxable","25":"purchasable","26":"product-type-variable","27":"has-default-attributes"},"_links":{"self":[{"href":"https:\/\/biosensual.pl\/en\/wp-json\/wp\/v2\/product\/13411","targetHints":{"allow":["GET"]}}],"collection":[{"href":"https:\/\/biosensual.pl\/en\/wp-json\/wp\/v2\/product"}],"about":[{"href":"https:\/\/biosensual.pl\/en\/wp-json\/wp\/v2\/types\/product"}],"version-history":[{"count":4,"href":"https:\/\/biosensual.pl\/en\/wp-json\/wp\/v2\/product\/13411\/revisions"}],"predecessor-version":[{"id":13510,"href":"https:\/\/biosensual.pl\/en\/wp-json\/wp\/v2\/product\/13411\/revisions\/13510"}],"wp:featuredmedia":[{"embeddable":true,"href":"https:\/\/biosensual.pl\/en\/wp-json\/wp\/v2\/media\/13416"}],"wp:attachment":[{"href":"https:\/\/biosensual.pl\/en\/wp-json\/wp\/v2\/media?parent=13411"}],"wp:term":[{"taxonomy":"product_brand","embeddable":true,"href":"https:\/\/biosensual.pl\/en\/wp-json\/wp\/v2\/product_brand?post=13411"},{"taxonomy":"product_cat","embeddable":true,"href":"https:\/\/biosensual.pl\/en\/wp-json\/wp\/v2\/product_cat?post=13411"},{"taxonomy":"product_tag","embeddable":true,"href":"https:\/\/biosensual.pl\/en\/wp-json\/wp\/v2\/product_tag?post=13411"}],"curies":[{"name":"wp","href":"https:\/\/api.w.org\/{rel}","templated":true}]}}