{"id":14091,"date":"2026-04-17T07:12:02","date_gmt":"2026-04-17T07:12:02","guid":{"rendered":"https:\/\/biosensual.pl\/?post_type=product&#038;p=14091"},"modified":"2026-04-17T07:12:03","modified_gmt":"2026-04-17T07:12:03","slug":"swieca-intencyjna-kochanej-mamie","status":"publish","type":"product","link":"https:\/\/biosensual.pl\/en\/product\/swieca-intencyjna-kochanej-mamie\/","title":{"rendered":"\u015awieca intencyjna \u201eKochanej Mamie\u201d"},"content":{"rendered":"<h2 data-start=\"335\" data-end=\"527\">\u015awieca intencyjna \u201eKochanej Mamie\u201d<\/h2>\n<p data-start=\"335\" data-end=\"527\">Szukasz wyj\u0105tkowego prezentu dla mamy, kt\u00f3ry b\u0119dzie nie tylko pi\u0119kny, ale te\u017c pe\u0142en znaczenia? \u015awieca intencyjna \u201eKochanej Mamie\u201d to subtelny spos\u00f3b, by wyrazi\u0107 mi\u0142o\u015b\u0107, wdzi\u0119czno\u015b\u0107 i blisko\u015b\u0107.<\/p>\n<p data-start=\"529\" data-end=\"882\">Ta naturalna \u015bwieca zapachowa zosta\u0142a stworzona z wysokiej jako\u015bci wosku, dzi\u0119ki czemu pali si\u0119 r\u00f3wnomiernie i d\u0142ugo, otulaj\u0105c przestrze\u0144 delikatnym aromatem. Elegancki szklany s\u0142oik oraz romantyczna etykieta sprawiaj\u0105, \u017ce \u015bwieca idealnie sprawdzi si\u0119 jako prezent na Dzie\u0144 Matki, imieniny, urodziny lub bez okazji \u2013 po prostu, by powiedzie\u0107 \u201edzi\u0119kuj\u0119\u201d.<\/p>\n<p data-start=\"884\" data-end=\"1073\">\u015awieca intencyjna to nie tylko dekoracja \u2013 to tak\u017ce chwila zatrzymania, relaksu i dobrej energii. Mo\u017ce towarzyszy\u0107 codziennym rytua\u0142om, wieczornemu wyciszeniu lub momentom tylko dla siebie.<\/p>\n<p data-start=\"1075\" data-end=\"1111\"><strong data-start=\"1075\" data-end=\"1111\">Dlaczego warto wybra\u0107 t\u0119 \u015bwiec\u0119:<\/strong><\/p>\n<ul data-start=\"1112\" data-end=\"1304\">\n<li data-section-id=\"pfsymm\" data-start=\"1112\" data-end=\"1130\">naturalny wosk<\/li>\n<li data-section-id=\"999zai\" data-start=\"1131\" data-end=\"1171\">pi\u0119kny, symboliczny prezent dla mamy<\/li>\n<li data-section-id=\"1kol8qr\" data-start=\"1172\" data-end=\"1200\">elegancki design w szkle<\/li>\n<li data-section-id=\"qkvewk\" data-start=\"1201\" data-end=\"1248\">idealna na Dzie\u0144 Matki, urodziny i imieniny<\/li>\n<li data-section-id=\"i89lo5\" data-start=\"1249\" data-end=\"1304\">\u015bwieca intencyjna wspieraj\u0105ca relaks i dobre emocje<\/li>\n<\/ul>\n<p data-start=\"1306\" data-end=\"1381\">Podaruj mamie co\u015b wi\u0119cej ni\u017c prezent \u2013 podaruj jej chwil\u0119 spokoju i ciep\u0142a.<\/p>","protected":false},"excerpt":{"rendered":"<p>\u015awieca intencyjna \u201eKochanej Mamie\u201d Szukasz wyj\u0105tkowego prezentu dla mamy, kt\u00f3ry b\u0119dzie nie tylko pi\u0119kny, ale te\u017c pe\u0142en znaczenia? \u015awieca intencyjna \u201eKochanej Mamie\u201d to subtelny spos\u00f3b, by wyrazi\u0107 mi\u0142o\u015b\u0107, wdzi\u0119czno\u015b\u0107 i blisko\u015b\u0107. Ta naturalna \u015bwieca zapachowa zosta\u0142a stworzona z wysokiej jako\u015bci wosku, dzi\u0119ki czemu pali si\u0119 r\u00f3wnomiernie i d\u0142ugo, otulaj\u0105c przestrze\u0144 delikatnym aromatem. Elegancki szklany s\u0142oik [&hellip;]<\/p>\n","protected":false},"featured_media":13801,"template":"","meta":[],"product_brand":[],"product_cat":[184,449,474],"product_tag":[380,378,235,397,296,267],"class_list":{"0":"post-14091","1":"product","2":"type-product","3":"status-publish","4":"has-post-thumbnail","6":"product_cat-swiece","7":"product_cat-swiece-wg-okazji","8":"product_cat-z-intencja","9":"product_tag-swiecadomasazu","10":"product_tag-swiecearomaterapeutyczne","11":"product_tag-aromatoterapia","12":"product_tag-aromatyczne-swiece","13":"product_tag-naturalna-swieca-do-masazu-i-aromaterapii","14":"product_tag-naturalnapielegnacja","16":"first","17":"instock","18":"shipping-taxable","19":"purchasable","20":"product-type-variable"},"_links":{"self":[{"href":"https:\/\/biosensual.pl\/en\/wp-json\/wp\/v2\/product\/14091","targetHints":{"allow":["GET"]}}],"collection":[{"href":"https:\/\/biosensual.pl\/en\/wp-json\/wp\/v2\/product"}],"about":[{"href":"https:\/\/biosensual.pl\/en\/wp-json\/wp\/v2\/types\/product"}],"version-history":[{"count":1,"href":"https:\/\/biosensual.pl\/en\/wp-json\/wp\/v2\/product\/14091\/revisions"}],"predecessor-version":[{"id":14168,"href":"https:\/\/biosensual.pl\/en\/wp-json\/wp\/v2\/product\/14091\/revisions\/14168"}],"wp:featuredmedia":[{"embeddable":true,"href":"https:\/\/biosensual.pl\/en\/wp-json\/wp\/v2\/media\/13801"}],"wp:attachment":[{"href":"https:\/\/biosensual.pl\/en\/wp-json\/wp\/v2\/media?parent=14091"}],"wp:term":[{"taxonomy":"product_brand","embeddable":true,"href":"https:\/\/biosensual.pl\/en\/wp-json\/wp\/v2\/product_brand?post=14091"},{"taxonomy":"product_cat","embeddable":true,"href":"https:\/\/biosensual.pl\/en\/wp-json\/wp\/v2\/product_cat?post=14091"},{"taxonomy":"product_tag","embeddable":true,"href":"https:\/\/biosensual.pl\/en\/wp-json\/wp\/v2\/product_tag?post=14091"}],"curies":[{"name":"wp","href":"https:\/\/api.w.org\/{rel}","templated":true}]}}