{"id":14169,"date":"2026-04-17T07:35:23","date_gmt":"2026-04-17T07:35:23","guid":{"rendered":"https:\/\/biosensual.pl\/?post_type=product&#038;p=14169"},"modified":"2026-04-17T07:35:25","modified_gmt":"2026-04-17T07:35:25","slug":"swieca-intencyjna-wszystkiego-najlepszego","status":"publish","type":"product","link":"https:\/\/biosensual.pl\/en\/product\/swieca-intencyjna-wszystkiego-najlepszego\/","title":{"rendered":"\u015awieca intencyjna \u201eWszystkiego najlepszego\u201d"},"content":{"rendered":"<p data-start=\"322\" data-end=\"534\">Szukasz uniwersalnego, a jednocze\u015bnie wyj\u0105tkowego prezentu? \u015awieca intencyjna \u201eWszystkiego najlepszego\u201d to idealny wyb\u00f3r na urodziny, imieniny, rocznic\u0119 lub ka\u017cd\u0105 inn\u0105 okazj\u0119, kiedy chcesz podarowa\u0107 co\u015b od serca.<\/p>\n<p data-start=\"536\" data-end=\"852\">Ta naturalna \u015bwieca zapachowa zosta\u0142a wykonana z wysokiej jako\u015bci wosku, kt\u00f3ry zapewnia czyste i d\u0142ugie palenie. Jej subtelny aromat tworzy przytuln\u0105 atmosfer\u0119, sprzyjaj\u0105c relaksowi i wyciszeniu. Elegancki szklany s\u0142oik oraz delikatna etykieta sprawiaj\u0105, \u017ce \u015bwieca prezentuje si\u0119 stylowo i pasuje do ka\u017cdego wn\u0119trza.<\/p>\n<p data-start=\"854\" data-end=\"1033\">\u015awieca intencyjna to nie tylko pi\u0119kny dodatek, ale r\u00f3wnie\u017c symbol dobrych \u017cycze\u0144, pozytywnej energii i uwa\u017cno\u015bci. To prezent, kt\u00f3ry daje chwil\u0119 spokoju i przyjemno\u015bci na co dzie\u0144.<\/p>\n<p data-start=\"1035\" data-end=\"1071\"><strong data-start=\"1035\" data-end=\"1071\">Dlaczego warto wybra\u0107 t\u0119 \u015bwiec\u0119:<\/strong><\/p>\n<ul data-start=\"1072\" data-end=\"1262\">\n<li data-section-id=\"pfrzcc\" data-start=\"1072\" data-end=\"1102\">naturalna \u015bwieca zapachowa<\/li>\n<li data-section-id=\"1xx3okl\" data-start=\"1103\" data-end=\"1142\">uniwersalny prezent na ka\u017cd\u0105 okazj\u0119<\/li>\n<li data-section-id=\"1kol8qr\" data-start=\"1143\" data-end=\"1171\">elegancki design w szkle<\/li>\n<li data-section-id=\"1v1jcal\" data-start=\"1172\" data-end=\"1216\">idealna na urodziny, imieniny i rocznice<\/li>\n<li data-section-id=\"brdsx9\" data-start=\"1217\" data-end=\"1262\">tworzy przytulny nastr\u00f3j i wspiera relaks<\/li>\n<\/ul>\n<p data-start=\"1264\" data-end=\"1329\">Podaruj co\u015b wi\u0119cej ni\u017c prezent \u2013 podaruj emocje i dobre \u017cyczenia.<\/p>","protected":false},"excerpt":{"rendered":"<p>Szukasz uniwersalnego, a jednocze\u015bnie wyj\u0105tkowego prezentu? \u015awieca intencyjna \u201eWszystkiego najlepszego\u201d to idealny wyb\u00f3r na urodziny, imieniny, rocznic\u0119 lub ka\u017cd\u0105 inn\u0105 okazj\u0119, kiedy chcesz podarowa\u0107 co\u015b od serca. Ta naturalna \u015bwieca zapachowa zosta\u0142a wykonana z wysokiej jako\u015bci wosku, kt\u00f3ry zapewnia czyste i d\u0142ugie palenie. Jej subtelny aromat tworzy przytuln\u0105 atmosfer\u0119, sprzyjaj\u0105c relaksowi i wyciszeniu. Elegancki szklany [&hellip;]<\/p>\n","protected":false},"featured_media":13813,"template":"","meta":[],"product_brand":[],"product_cat":[184,449,474],"product_tag":[380,378,296,267,222,475],"class_list":{"0":"post-14169","1":"product","2":"type-product","3":"status-publish","4":"has-post-thumbnail","6":"product_cat-swiece","7":"product_cat-swiece-wg-okazji","8":"product_cat-z-intencja","9":"product_tag-swiecadomasazu","10":"product_tag-swiecearomaterapeutyczne","11":"product_tag-naturalna-swieca-do-masazu-i-aromaterapii","12":"product_tag-naturalnapielegnacja","13":"product_tag-naturalne-swiece","14":"product_tag-swieca-intencyjna","16":"first","17":"instock","18":"shipping-taxable","19":"purchasable","20":"product-type-variable"},"_links":{"self":[{"href":"https:\/\/biosensual.pl\/en\/wp-json\/wp\/v2\/product\/14169","targetHints":{"allow":["GET"]}}],"collection":[{"href":"https:\/\/biosensual.pl\/en\/wp-json\/wp\/v2\/product"}],"about":[{"href":"https:\/\/biosensual.pl\/en\/wp-json\/wp\/v2\/types\/product"}],"version-history":[{"count":1,"href":"https:\/\/biosensual.pl\/en\/wp-json\/wp\/v2\/product\/14169\/revisions"}],"predecessor-version":[{"id":14228,"href":"https:\/\/biosensual.pl\/en\/wp-json\/wp\/v2\/product\/14169\/revisions\/14228"}],"wp:featuredmedia":[{"embeddable":true,"href":"https:\/\/biosensual.pl\/en\/wp-json\/wp\/v2\/media\/13813"}],"wp:attachment":[{"href":"https:\/\/biosensual.pl\/en\/wp-json\/wp\/v2\/media?parent=14169"}],"wp:term":[{"taxonomy":"product_brand","embeddable":true,"href":"https:\/\/biosensual.pl\/en\/wp-json\/wp\/v2\/product_brand?post=14169"},{"taxonomy":"product_cat","embeddable":true,"href":"https:\/\/biosensual.pl\/en\/wp-json\/wp\/v2\/product_cat?post=14169"},{"taxonomy":"product_tag","embeddable":true,"href":"https:\/\/biosensual.pl\/en\/wp-json\/wp\/v2\/product_tag?post=14169"}],"curies":[{"name":"wp","href":"https:\/\/api.w.org\/{rel}","templated":true}]}}