{"id":14229,"date":"2026-04-17T08:00:58","date_gmt":"2026-04-17T08:00:58","guid":{"rendered":"https:\/\/biosensual.pl\/?post_type=product&#038;p=14229"},"modified":"2026-04-17T08:01:21","modified_gmt":"2026-04-17T08:01:21","slug":"swieca-intencyjna-najlepsze-zyczenia","status":"publish","type":"product","link":"https:\/\/biosensual.pl\/en\/product\/swieca-intencyjna-najlepsze-zyczenia\/","title":{"rendered":"\u015awieca intencyjna \u201eNajlepsze \u017cyczenia\u201d"},"content":{"rendered":"<p data-start=\"322\" data-end=\"550\">Szukasz eleganckiego i uniwersalnego prezentu, kt\u00f3ry wyrazi dobre emocje i pozytywne intencje? \u015awieca intencyjna \u201eNajlepsze \u017cyczenia\u201d to idealny wyb\u00f3r na ka\u017cd\u0105 okazj\u0119 \u2013 urodziny, imieniny, podzi\u0119kowanie czy drobny gest od serca.<\/p>\n<p data-start=\"552\" data-end=\"846\">Ta naturalna \u015bwieca zapachowa zosta\u0142a wykonana z wysokiej jako\u015bci wosku, kt\u00f3ry zapewnia d\u0142ugie i r\u00f3wnomierne palenie. Subtelny zapach tworzy przytuln\u0105 atmosfer\u0119, sprzyjaj\u0105c relaksowi i wyciszeniu. Minimalistyczny, elegancki design w szkle sprawia, \u017ce \u015bwieca doskonale pasuje do ka\u017cdego wn\u0119trza.<\/p>\n<p data-start=\"848\" data-end=\"1016\">\u015awieca intencyjna to co\u015b wi\u0119cej ni\u017c dekoracja \u2013 to symbol dobrych \u017cycze\u0144, pozytywnej energii i uwa\u017cno\u015bci. Idealna jako prezent, kt\u00f3ry niesie ze sob\u0105 emocje i znaczenie.<\/p>\n<p data-start=\"1018\" data-end=\"1054\"><strong data-start=\"1018\" data-end=\"1054\">Dlaczego warto wybra\u0107 t\u0119 \u015bwiec\u0119:<\/strong><\/p>\n<ul data-start=\"1055\" data-end=\"1253\">\n<li data-section-id=\"pfrzcc\" data-start=\"1055\" data-end=\"1085\">naturalna \u015bwieca zapachowa<\/li>\n<li data-section-id=\"1xx3okl\" data-start=\"1086\" data-end=\"1125\">uniwersalny prezent na ka\u017cd\u0105 okazj\u0119<\/li>\n<li data-section-id=\"1kol8qr\" data-start=\"1126\" data-end=\"1154\">elegancki design w szkle<\/li>\n<li data-section-id=\"1s4zoxh\" data-start=\"1155\" data-end=\"1211\">idealna na urodziny, imieniny i jako drobny upominek<\/li>\n<li data-section-id=\"mdk386\" data-start=\"1212\" data-end=\"1253\">tworzy ciep\u0142\u0105 i relaksuj\u0105c\u0105 atmosfer\u0119<\/li>\n<\/ul>\n<p data-start=\"1255\" data-end=\"1335\">Podaruj co\u015b wi\u0119cej ni\u017c prezent \u2013 podaruj najlepsze \u017cyczenia w wyj\u0105tkowej formie.<\/p>","protected":false},"excerpt":{"rendered":"<p>Szukasz eleganckiego i uniwersalnego prezentu, kt\u00f3ry wyrazi dobre emocje i pozytywne intencje? \u015awieca intencyjna \u201eNajlepsze \u017cyczenia\u201d to idealny wyb\u00f3r na ka\u017cd\u0105 okazj\u0119 \u2013 urodziny, imieniny, podzi\u0119kowanie czy drobny gest od serca. Ta naturalna \u015bwieca zapachowa zosta\u0142a wykonana z wysokiej jako\u015bci wosku, kt\u00f3ry zapewnia d\u0142ugie i r\u00f3wnomierne palenie. Subtelny zapach tworzy przytuln\u0105 atmosfer\u0119, sprzyjaj\u0105c relaksowi i [&hellip;]<\/p>\n","protected":false},"featured_media":13805,"template":"","meta":[],"product_brand":[],"product_cat":[474,184,449],"product_tag":[380,378,275,201,249,222,475],"class_list":{"0":"post-14229","1":"product","2":"type-product","3":"status-publish","4":"has-post-thumbnail","6":"product_cat-z-intencja","7":"product_cat-swiece","8":"product_cat-swiece-wg-okazji","9":"product_tag-swiecadomasazu","10":"product_tag-swiecearomaterapeutyczne","11":"product_tag-aromaterapeutyczna-swieca","12":"product_tag-aromaterapia","13":"product_tag-naturalne-produkty","14":"product_tag-naturalne-swiece","15":"product_tag-swieca-intencyjna","17":"first","18":"instock","19":"shipping-taxable","20":"purchasable","21":"product-type-variable"},"_links":{"self":[{"href":"https:\/\/biosensual.pl\/en\/wp-json\/wp\/v2\/product\/14229","targetHints":{"allow":["GET"]}}],"collection":[{"href":"https:\/\/biosensual.pl\/en\/wp-json\/wp\/v2\/product"}],"about":[{"href":"https:\/\/biosensual.pl\/en\/wp-json\/wp\/v2\/types\/product"}],"version-history":[{"count":1,"href":"https:\/\/biosensual.pl\/en\/wp-json\/wp\/v2\/product\/14229\/revisions"}],"predecessor-version":[{"id":14288,"href":"https:\/\/biosensual.pl\/en\/wp-json\/wp\/v2\/product\/14229\/revisions\/14288"}],"wp:featuredmedia":[{"embeddable":true,"href":"https:\/\/biosensual.pl\/en\/wp-json\/wp\/v2\/media\/13805"}],"wp:attachment":[{"href":"https:\/\/biosensual.pl\/en\/wp-json\/wp\/v2\/media?parent=14229"}],"wp:term":[{"taxonomy":"product_brand","embeddable":true,"href":"https:\/\/biosensual.pl\/en\/wp-json\/wp\/v2\/product_brand?post=14229"},{"taxonomy":"product_cat","embeddable":true,"href":"https:\/\/biosensual.pl\/en\/wp-json\/wp\/v2\/product_cat?post=14229"},{"taxonomy":"product_tag","embeddable":true,"href":"https:\/\/biosensual.pl\/en\/wp-json\/wp\/v2\/product_tag?post=14229"}],"curies":[{"name":"wp","href":"https:\/\/api.w.org\/{rel}","templated":true}]}}