{"id":9945,"date":"2023-12-13T23:44:38","date_gmt":"2023-12-13T23:44:38","guid":{"rendered":"http:\/\/nowy.biosensual.eu\/?post_type=product&#038;p=9945"},"modified":"2026-03-26T13:07:43","modified_gmt":"2026-03-26T13:07:43","slug":"nadzieja-wanilia-bergamota-kadzidlowiec","status":"publish","type":"product","link":"https:\/\/biosensual.pl\/en\/product\/nadzieja-wanilia-bergamota-kadzidlowiec\/","title":{"rendered":"HOPE"},"content":{"rendered":"<p>Natural candle for aromatherapy, massage and body care<br \/>\nHONEY (Vanilla, Bergamot, Frankincense)<\/p>\n<p>You can enjoy and share your favourite Biosensual aroma composition anywhere in your home - kitchen, living room, bathroom or bedroom. Take it with you to work and place it in the location of your choice. Light the wick and let the releasing aromas contained inside the candle create a pleasant atmosphere. Inhale the best of the natural essential oils. Let us introduce you to the world of health aromatherapy. Our candles can also be used without hesitation for relaxing massages of selected parts and the whole body. Your aromatic journey begins here....<\/p>\n<p>Essential oils contained:<\/p>\n<p>VANILLA<\/p>\n<p>Hypoallergenic fragrance composition, distinguished by its characteristic sweet scent. Combined with the ethereal effect of natural essential oils, it helps to relieve nervous tension, relax and unwind.<\/p>\n<p>BERGAMOTA<\/p>\n<p>It improves mood and relieves stress. Its fragrance stimulates the mind to work, refreshes and refreshes-brightens the mind. It has antiseptic, antispasmodic and analgesic properties (relieves pain, the emotional kind too).<\/p>\n<p>KADZID\u0141OWIEC<\/p>\n<p>The therapeutic effect of this oil is due to its anti-inflammatory, astringent, antiseptic properties. It is considered to be a tonic, i.e. strengthening many of the body's systems, mainly the digestive, respiratory, nervous and excretory systems. It also supports immunity. It calms the mind and restores inner peace, and helps with obsessions and anxiety. It has an antidepressant and relaxing effect.<\/p>\n<p>&nbsp;<\/p>\n<p>Ingredients\/Ingredients:<\/p>\n<p>Hydrogenated vegetable oil, Cocos Nucifera (Coconut) Oil, Helianthus annus (sunflower oil) vanilla plantifolia (vanilla oil), Boswellia Serrata Oil, Limonene, Citrus Aurantium Bergamia Fruit Oil, Linalol, Citral.<\/p>","protected":false},"excerpt":{"rendered":"<p><span style=\"color: #623413;\"><strong>Rozpalaj ten aromat zawsze wtedy gdy potrzebujesz inspiracji, gdy wszystko po ludzku zawodzi, ale Ty wiesz, \u017ce dobre rozwi\u0105zanie przyjdzie i nape\u0142ni pozytywn\u0105 nadziej\u0105. Wmasowany olejek w cia\u0142o rzeczywi\u015bcie daje nadziej\u0119.<\/strong><\/span><\/p>","protected":false},"featured_media":157,"template":"","meta":[],"product_brand":[],"product_cat":[184,450],"product_tag":[201,202,258,263,256,267,254,265,262,217,260,264,255,257,268,229,261,259,266],"class_list":{"0":"post-9945","1":"product","2":"type-product","3":"status-publish","4":"has-post-thumbnail","6":"product_cat-swiece","7":"product_cat-swiece-wg-kompozycji-zapachowej","8":"product_tag-aromaterapia","9":"product_tag-biosensual","10":"product_tag-ekoprodukty","11":"product_tag-masazterapeutyczny","12":"product_tag-masazzapachowy","13":"product_tag-naturalnapielegnacja","14":"product_tag-naturalneswiece","15":"product_tag-odpoczynek","16":"product_tag-olejkidomasazu","17":"product_tag-olejkieteryczne","18":"product_tag-olejkinaturalne","19":"product_tag-pielegnacjaciala","20":"product_tag-relaksacja","21":"product_tag-spawdomu","22":"product_tag-swiecedomasazu","23":"product_tag-wellness","24":"product_tag-wspomaganierelaksu","25":"product_tag-zdrowieiuroda","26":"product_tag-zrownowazonystylzycia","28":"first","29":"instock","30":"shipping-taxable","31":"purchasable","32":"product-type-variable"},"_links":{"self":[{"href":"https:\/\/biosensual.pl\/en\/wp-json\/wp\/v2\/product\/9945","targetHints":{"allow":["GET"]}}],"collection":[{"href":"https:\/\/biosensual.pl\/en\/wp-json\/wp\/v2\/product"}],"about":[{"href":"https:\/\/biosensual.pl\/en\/wp-json\/wp\/v2\/types\/product"}],"version-history":[{"count":3,"href":"https:\/\/biosensual.pl\/en\/wp-json\/wp\/v2\/product\/9945\/revisions"}],"predecessor-version":[{"id":13202,"href":"https:\/\/biosensual.pl\/en\/wp-json\/wp\/v2\/product\/9945\/revisions\/13202"}],"wp:featuredmedia":[{"embeddable":true,"href":"https:\/\/biosensual.pl\/en\/wp-json\/wp\/v2\/media\/157"}],"wp:attachment":[{"href":"https:\/\/biosensual.pl\/en\/wp-json\/wp\/v2\/media?parent=9945"}],"wp:term":[{"taxonomy":"product_brand","embeddable":true,"href":"https:\/\/biosensual.pl\/en\/wp-json\/wp\/v2\/product_brand?post=9945"},{"taxonomy":"product_cat","embeddable":true,"href":"https:\/\/biosensual.pl\/en\/wp-json\/wp\/v2\/product_cat?post=9945"},{"taxonomy":"product_tag","embeddable":true,"href":"https:\/\/biosensual.pl\/en\/wp-json\/wp\/v2\/product_tag?post=9945"}],"curies":[{"name":"wp","href":"https:\/\/api.w.org\/{rel}","templated":true}]}}