{"id":9949,"date":"2023-12-13T23:44:38","date_gmt":"2023-12-13T23:44:38","guid":{"rendered":"http:\/\/nowy.biosensual.eu\/?post_type=product&#038;p=9949"},"modified":"2026-03-26T13:07:06","modified_gmt":"2026-03-26T13:07:06","slug":"milosc-koper-wloski-trawa-cytrynowa-geranium","status":"publish","type":"product","link":"https:\/\/biosensual.pl\/en\/product\/milosc-koper-wloski-trawa-cytrynowa-geranium\/","title":{"rendered":"LOVE"},"content":{"rendered":"<p>Natural candle for aromatherapy, massage and body care<br \/>\nLOVE (Fennel, Lemongrass, Geranium)<\/p>\n<p>You can enjoy and share your favourite Biosensual aroma composition anywhere in your home - kitchen, living room, bathroom or bedroom. Take it with you to work and place it in the location of your choice. Light the wick and let the releasing aromas contained inside the candle create a pleasant atmosphere. Inhale the best of the natural essential oils. Let us introduce you to the world of health aromatherapy. Our candles can also be used without hesitation for relaxing massages of selected parts and the whole body. Your aromatic journey begins here....<\/p>\n<p>Essential oils contained:<\/p>\n<p>ITALIAN COPPER<\/p>\n<p>The sweet fragrance note helps to tame hormonal emotions. Its rich spectrum of activity makes it anti-inflammatory, antiseptic, diastolic (helps with menstrual pain and colic), detoxifying, expectorant, sedative, mild aphrodisiac, anti-cellulite.<\/p>\n<p>LEMONGRASS<\/p>\n<p>The beautiful exotic aroma of the oil, helps to increase self-confidence, mental strength and also lifts spirits and helps to fight depression. It can help patients who have experienced shock or trauma and are in the process of healing. Has a calming effect on the central nervous system. It is deeply relaxing and relaxing. It also has strong antibacterial and antifungal properties. In addition, it is excellent for cleansing, supporting and regenerating connective tissue, ligaments, dilates blood vessels, strengthens blood vessel walls, improves circulation, supports lymph flow in the body, is anti-inflammatory, anti-fungal.<\/p>\n<p>GERANIUM<\/p>\n<p>When applied to the skin, it promotes better detoxification of the body. It also has antiseptic, astringent and anti-acne properties. Alleviates depressive states, nervous tension, anxiety and related sexual disorders. Alleviates sexual disorders, volatile emotional states. It has a beautiful herbal and floral fragrance.<\/p>\n<p>Ingredients\/Ingredients<\/p>\n<p>Hydrogenated vegetable oil, Prunus Amygdalus Dulcis (Sweet Almond) Oil, Foeniculum Vulgare Dulce, Cananga Odorata Flower Oil, Pelargonium graveolens flower oil, Labdanum Cistus Ladanifer, Limonene, Citral, Linalool, Geraniol, Eugenol.<\/p>","protected":false},"excerpt":{"rendered":"<p><span style=\"color: #6a3b00;\"><strong>Najwa\u017cniejsza warto\u015b\u0107 i potrzeba ka\u017cdego z nas. Gdy j\u0105 palisz wszystkie my\u015bli kieruj\u0105 Ci\u0119 ku mi\u0142o\u015bci. Umi\u0142uj olejkiem ze \u015bwiecy swoje cia\u0142o.<\/strong><\/span><\/p>","protected":false},"featured_media":160,"template":"","meta":[],"product_brand":[],"product_cat":[184,450],"product_tag":[201,202,258,263,256,226,267,254,265,262,217,260,264,255,257,268,229,261,259,266],"class_list":{"0":"post-9949","1":"product","2":"type-product","3":"status-publish","4":"has-post-thumbnail","6":"product_cat-swiece","7":"product_cat-swiece-wg-kompozycji-zapachowej","8":"product_tag-aromaterapia","9":"product_tag-biosensual","10":"product_tag-ekoprodukty","11":"product_tag-masazterapeutyczny","12":"product_tag-masazzapachowy","13":"product_tag-milosc","14":"product_tag-naturalnapielegnacja","15":"product_tag-naturalneswiece","16":"product_tag-odpoczynek","17":"product_tag-olejkidomasazu","18":"product_tag-olejkieteryczne","19":"product_tag-olejkinaturalne","20":"product_tag-pielegnacjaciala","21":"product_tag-relaksacja","22":"product_tag-spawdomu","23":"product_tag-swiecedomasazu","24":"product_tag-wellness","25":"product_tag-wspomaganierelaksu","26":"product_tag-zdrowieiuroda","27":"product_tag-zrownowazonystylzycia","29":"first","30":"instock","31":"shipping-taxable","32":"purchasable","33":"product-type-variable"},"_links":{"self":[{"href":"https:\/\/biosensual.pl\/en\/wp-json\/wp\/v2\/product\/9949","targetHints":{"allow":["GET"]}}],"collection":[{"href":"https:\/\/biosensual.pl\/en\/wp-json\/wp\/v2\/product"}],"about":[{"href":"https:\/\/biosensual.pl\/en\/wp-json\/wp\/v2\/types\/product"}],"version-history":[{"count":3,"href":"https:\/\/biosensual.pl\/en\/wp-json\/wp\/v2\/product\/9949\/revisions"}],"predecessor-version":[{"id":13204,"href":"https:\/\/biosensual.pl\/en\/wp-json\/wp\/v2\/product\/9949\/revisions\/13204"}],"wp:featuredmedia":[{"embeddable":true,"href":"https:\/\/biosensual.pl\/en\/wp-json\/wp\/v2\/media\/160"}],"wp:attachment":[{"href":"https:\/\/biosensual.pl\/en\/wp-json\/wp\/v2\/media?parent=9949"}],"wp:term":[{"taxonomy":"product_brand","embeddable":true,"href":"https:\/\/biosensual.pl\/en\/wp-json\/wp\/v2\/product_brand?post=9949"},{"taxonomy":"product_cat","embeddable":true,"href":"https:\/\/biosensual.pl\/en\/wp-json\/wp\/v2\/product_cat?post=9949"},{"taxonomy":"product_tag","embeddable":true,"href":"https:\/\/biosensual.pl\/en\/wp-json\/wp\/v2\/product_tag?post=9949"}],"curies":[{"name":"wp","href":"https:\/\/api.w.org\/{rel}","templated":true}]}}