{"id":9958,"date":"2023-12-13T23:44:40","date_gmt":"2023-12-13T23:44:40","guid":{"rendered":"http:\/\/nowy.biosensual.eu\/?post_type=product&#038;p=9958"},"modified":"2026-03-26T13:03:32","modified_gmt":"2026-03-26T13:03:32","slug":"pozytywnie-nastraja-geranium-bergamota-drzewo-cedrowe","status":"publish","type":"product","link":"https:\/\/biosensual.pl\/en\/product\/pozytywnie-nastraja-geranium-bergamota-drzewo-cedrowe\/","title":{"rendered":"POSITIVELY INSPIRES"},"content":{"rendered":"<p>Natural candle for aromatherapy, massage and body care<br \/>\nPOSITIVE NASTRA (Geranium, Bergamot, Cedarwood)<\/p>\n<p>You can enjoy and share your favourite Biosensual aroma composition anywhere in your home - kitchen, living room, bathroom or bedroom. Take it with you to work and place it in the location of your choice. Light the wick and let the releasing aromas contained inside the candle create a pleasant atmosphere. Inhale the best of the natural essential oils. Let us introduce you to the world of health aromatherapy. Our candles can also be used without hesitation for relaxing massages of selected parts and the whole body. Your aromatic journey begins here....<\/p>\n<p>Essential oils contained:<\/p>\n<p>GERANIUM<\/p>\n<p>When applied to the skin, it promotes better detoxification of the body. It also has antiseptic, astringent and anti-acne properties. Alleviates depressive states, nervous tension, anxiety and related sexual disorders. Alleviates sexual disorders, volatile emotional states. It has a beautiful herbal and floral fragrance.<\/p>\n<p>BERGAMOTA<\/p>\n<p>It improves mood and relieves stress. Its fragrance stimulates the mind to work, refreshes and refreshes-brightens the mind. It has antiseptic, antispasmodic and analgesic properties (relieves pain, the emotional kind too).<\/p>\n<p>CEDAR TREE<\/p>\n<p>It shows a calming effect and can promote emotional balance. It is a good essential oil for aromatherapy when you want to create a relaxing atmosphere in a room. The soothing scent of cedarwood oil is known to reduce harmful stress and relieve tension, which in turn promotes relaxation of the body, helping to clear the mind.<\/p>\n<p>Ingredients\/Ingredients<\/p>\n<p>Hydrogenated vegetable oil, Cocos Nucifera (Coconut) Oil, Cymbopogon flexuosus herb oil, Limonene, Citral, Linalool.<\/p>","protected":false},"excerpt":{"rendered":"<p><span style=\"color: #623413;\"><strong>Rozpalaj zawsze wtedy gdy Tobie i Twoim bliskim potrzeba poprawi\u0107 nastr\u00f3j. Aromat bez s\u0142\u00f3w przyniesie i wprawi Was w dobry humor a ca\u0142o\u015bci dope\u0142ni wsp\u00f3lny masa\u017c ciep\u0142ym olejkiem ze \u015bwiecy.<\/strong><\/span><\/p>","protected":false},"featured_media":187,"template":"","meta":[],"product_brand":[],"product_cat":[184,450],"product_tag":[201,202,258,263,256,267,254,265,262,217,260,264,255,257,268,229,261,259,266],"class_list":{"0":"post-9958","1":"product","2":"type-product","3":"status-publish","4":"has-post-thumbnail","6":"product_cat-swiece","7":"product_cat-swiece-wg-kompozycji-zapachowej","8":"product_tag-aromaterapia","9":"product_tag-biosensual","10":"product_tag-ekoprodukty","11":"product_tag-masazterapeutyczny","12":"product_tag-masazzapachowy","13":"product_tag-naturalnapielegnacja","14":"product_tag-naturalneswiece","15":"product_tag-odpoczynek","16":"product_tag-olejkidomasazu","17":"product_tag-olejkieteryczne","18":"product_tag-olejkinaturalne","19":"product_tag-pielegnacjaciala","20":"product_tag-relaksacja","21":"product_tag-spawdomu","22":"product_tag-swiecedomasazu","23":"product_tag-wellness","24":"product_tag-wspomaganierelaksu","25":"product_tag-zdrowieiuroda","26":"product_tag-zrownowazonystylzycia","28":"first","29":"instock","30":"shipping-taxable","31":"purchasable","32":"product-type-variable"},"_links":{"self":[{"href":"https:\/\/biosensual.pl\/en\/wp-json\/wp\/v2\/product\/9958","targetHints":{"allow":["GET"]}}],"collection":[{"href":"https:\/\/biosensual.pl\/en\/wp-json\/wp\/v2\/product"}],"about":[{"href":"https:\/\/biosensual.pl\/en\/wp-json\/wp\/v2\/types\/product"}],"version-history":[{"count":3,"href":"https:\/\/biosensual.pl\/en\/wp-json\/wp\/v2\/product\/9958\/revisions"}],"predecessor-version":[{"id":13198,"href":"https:\/\/biosensual.pl\/en\/wp-json\/wp\/v2\/product\/9958\/revisions\/13198"}],"wp:featuredmedia":[{"embeddable":true,"href":"https:\/\/biosensual.pl\/en\/wp-json\/wp\/v2\/media\/187"}],"wp:attachment":[{"href":"https:\/\/biosensual.pl\/en\/wp-json\/wp\/v2\/media?parent=9958"}],"wp:term":[{"taxonomy":"product_brand","embeddable":true,"href":"https:\/\/biosensual.pl\/en\/wp-json\/wp\/v2\/product_brand?post=9958"},{"taxonomy":"product_cat","embeddable":true,"href":"https:\/\/biosensual.pl\/en\/wp-json\/wp\/v2\/product_cat?post=9958"},{"taxonomy":"product_tag","embeddable":true,"href":"https:\/\/biosensual.pl\/en\/wp-json\/wp\/v2\/product_tag?post=9958"}],"curies":[{"name":"wp","href":"https:\/\/api.w.org\/{rel}","templated":true}]}}