{"id":9978,"date":"2023-12-13T23:44:52","date_gmt":"2023-12-13T23:44:52","guid":{"rendered":"http:\/\/nowy.biosensual.eu\/?post_type=product&#038;p=9978"},"modified":"2026-03-26T13:00:34","modified_gmt":"2026-03-26T13:00:34","slug":"relaksuje-grejpfrut-lawenda-cynamon","status":"publish","type":"product","link":"https:\/\/biosensual.pl\/en\/product\/relaksuje-grejpfrut-lawenda-cynamon\/","title":{"rendered":"RELAXES"},"content":{"rendered":"<h2 data-start=\"242\" data-end=\"317\">RELAKSUJE \u2013 naturalna \u015bwieca do aromaterapii, masa\u017cu i piel\u0119gnacji cia\u0142a<\/h2>\n<p data-start=\"319\" data-end=\"557\">Potrzebujesz wyciszenia po intensywnym dniu? <strong data-start=\"364\" data-end=\"377\">RELAXES<\/strong> to naturalna \u015bwieca do aromaterapii i masa\u017cu, kt\u00f3ra \u0142\u0105czy \u015bwie\u017co\u015b\u0107 grejpfrutu, koj\u0105c\u0105 lawend\u0119 i ciep\u0142o cynamonu. To idealna <strong data-start=\"502\" data-end=\"534\">\u015bwieca relaksacyjna na stres<\/strong>, napi\u0119cie i zm\u0119czenie.<\/p>\n<p data-start=\"559\" data-end=\"700\">Kompozycja zapachowa zosta\u0142a stworzona z my\u015bl\u0105 o harmonii \u2013 pobudza zmys\u0142y delikatn\u0105 cytrusow\u0105 nut\u0105, a jednocze\u015bnie otula ciep\u0142em i spokojem.<\/p>\n<p data-start=\"702\" data-end=\"875\">\u015awieca doskonale sprawdzi si\u0119 w salonie, sypialni, \u0142azience czy domowym gabinecie. Mo\u017cesz r\u00f3wnie\u017c zabra\u0107 j\u0105 do pracy i stworzy\u0107 wok\u00f3\u0142 siebie atmosfer\u0119 r\u00f3wnowagi i skupienia.<\/p>\n<h2 data-start=\"882\" data-end=\"935\">\u015awieca do masa\u017cu z naturalnych olejk\u00f3w eterycznych<\/h2>\n<p data-start=\"937\" data-end=\"1117\">RELAKSUJE to nie tylko \u015bwieca zapachowa. Po rozpaleniu ro\u015blinna baza z dodatkiem oleju ze s\u0142odkich migda\u0142\u00f3w zamienia si\u0119 w ciep\u0142y, piel\u0119gnuj\u0105cy olejek, kt\u00f3ry mo\u017cesz wykorzysta\u0107 do:<\/p>\n<p data-start=\"1119\" data-end=\"1257\">\u2714 relaksacyjnego masa\u017cu karku i plec\u00f3w<br data-start=\"1157\" data-end=\"1160\" \/>\u2714 odpr\u0119\u017cenia ca\u0142ego cia\u0142a<br data-start=\"1185\" data-end=\"1188\" \/>\u2714 nawil\u017cenia i wyg\u0142adzenia sk\u00f3ry<br data-start=\"1220\" data-end=\"1223\" \/>\u2714 wieczornego rytua\u0142u wyciszenia<\/p>\n<p data-start=\"1259\" data-end=\"1316\">To naturalne po\u0142\u0105czenie aromaterapii i piel\u0119gnacji cia\u0142a.<\/p>\n<h2 data-start=\"1323\" data-end=\"1357\">W\u0142a\u015bciwo\u015bci olejk\u00f3w eterycznych<\/h2>\n<h3 data-start=\"1359\" data-end=\"1377\">\u00a0Grejpfrut<\/h3>\n<p data-start=\"1378\" data-end=\"1476\">\u015awie\u017cy, tonizuj\u0105cy zapach poprawia nastr\u00f3j i wspiera pozytywne emocje. Orze\u017awia i dodaje lekko\u015bci.<\/p>\n<h3 data-start=\"1478\" data-end=\"1494\">\u00a0Lawenda<\/h3>\n<p data-start=\"1495\" data-end=\"1583\">Znana z dzia\u0142ania uspokajaj\u0105cego. Pomaga redukowa\u0107 stres, napi\u0119cie i wspiera zdrowy sen.<\/p>\n<h3 data-start=\"1585\" data-end=\"1601\">\u00a0Cynamon<\/h3>\n<p data-start=\"1602\" data-end=\"1703\">Ciep\u0142a, korzenna nuta wprowadza przytulny klimat. Wykazuje w\u0142a\u015bciwo\u015bci antyseptyczne i oczyszczaj\u0105ce.<\/p>\n<p data-start=\"1705\" data-end=\"1813\">Po\u0142\u0105czenie tych sk\u0142adnik\u00f3w sprawia, \u017ce \u015bwieca RELAKSUJE dzia\u0142a harmonizuj\u0105co \u2013 uspokaja, ale nie przyt\u0142acza.<\/p>\n<h2 data-start=\"1820\" data-end=\"1848\">Aromaterapia w Twoim domu<\/h2>\n<p data-start=\"1850\" data-end=\"2012\">Regularne korzystanie ze \u015bwiecy wspiera:<br \/>\n\u2714 redukcj\u0119 napi\u0119cia nerwowego<br data-start=\"1920\" data-end=\"1923\" \/>\u2714 popraw\u0119 jako\u015bci snu<br data-start=\"1944\" data-end=\"1947\" \/>\u2714 budowanie spokojnej atmosfery<br data-start=\"1978\" data-end=\"1981\" \/>\u2714 naturaln\u0105 piel\u0119gnacj\u0119 sk\u00f3ry<\/p>\n<p data-start=\"2014\" data-end=\"2091\">RELAKSUJE to wi\u0119cej ni\u017c \u015bwieca \u2013 to codzienny rytua\u0142 r\u00f3wnowagi i regeneracji.<\/p>\n<h2 data-start=\"2098\" data-end=\"2113\">Sk\u0142ad (INCI)<\/h2>\n<p data-start=\"2115\" data-end=\"2332\">Hydrogenated Vegetable Oil, Prunus Amygdalus Dulcis (Sweet Almond) Oil, Citrus Grandis (Grapefruit) Peel Oil, Lavandula Angustifolia Herb Oil, Cinnamon Bark Oil, Limonene, Cinnamal, Eugenol, Linalool, Benzyl Benzoate.<\/p>","protected":false},"excerpt":{"rendered":"<p><span style=\"color: #6a3b00;\"><strong>Ka\u017cdy potrzebuje i zas\u0142uguje na chwile wytchnienia przy naturalnym aromacie, kt\u00f3r\u0105 mo\u017cna bezpiecznie wmasowa\u0107 w cia\u0142o.<\/strong><\/span><\/p>","protected":false},"featured_media":220,"template":"","meta":[],"product_brand":[],"product_cat":[184,450],"product_tag":[201,202,258,263,256,267,254,265,262,217,260,264,255,257,268,229,261,259,266],"class_list":{"0":"post-9978","1":"product","2":"type-product","3":"status-publish","4":"has-post-thumbnail","6":"product_cat-swiece","7":"product_cat-swiece-wg-kompozycji-zapachowej","8":"product_tag-aromaterapia","9":"product_tag-biosensual","10":"product_tag-ekoprodukty","11":"product_tag-masazterapeutyczny","12":"product_tag-masazzapachowy","13":"product_tag-naturalnapielegnacja","14":"product_tag-naturalneswiece","15":"product_tag-odpoczynek","16":"product_tag-olejkidomasazu","17":"product_tag-olejkieteryczne","18":"product_tag-olejkinaturalne","19":"product_tag-pielegnacjaciala","20":"product_tag-relaksacja","21":"product_tag-spawdomu","22":"product_tag-swiecedomasazu","23":"product_tag-wellness","24":"product_tag-wspomaganierelaksu","25":"product_tag-zdrowieiuroda","26":"product_tag-zrownowazonystylzycia","28":"first","29":"instock","30":"shipping-taxable","31":"purchasable","32":"product-type-variable"},"_links":{"self":[{"href":"https:\/\/biosensual.pl\/en\/wp-json\/wp\/v2\/product\/9978","targetHints":{"allow":["GET"]}}],"collection":[{"href":"https:\/\/biosensual.pl\/en\/wp-json\/wp\/v2\/product"}],"about":[{"href":"https:\/\/biosensual.pl\/en\/wp-json\/wp\/v2\/types\/product"}],"version-history":[{"count":5,"href":"https:\/\/biosensual.pl\/en\/wp-json\/wp\/v2\/product\/9978\/revisions"}],"predecessor-version":[{"id":13458,"href":"https:\/\/biosensual.pl\/en\/wp-json\/wp\/v2\/product\/9978\/revisions\/13458"}],"wp:featuredmedia":[{"embeddable":true,"href":"https:\/\/biosensual.pl\/en\/wp-json\/wp\/v2\/media\/220"}],"wp:attachment":[{"href":"https:\/\/biosensual.pl\/en\/wp-json\/wp\/v2\/media?parent=9978"}],"wp:term":[{"taxonomy":"product_brand","embeddable":true,"href":"https:\/\/biosensual.pl\/en\/wp-json\/wp\/v2\/product_brand?post=9978"},{"taxonomy":"product_cat","embeddable":true,"href":"https:\/\/biosensual.pl\/en\/wp-json\/wp\/v2\/product_cat?post=9978"},{"taxonomy":"product_tag","embeddable":true,"href":"https:\/\/biosensual.pl\/en\/wp-json\/wp\/v2\/product_tag?post=9978"}],"curies":[{"name":"wp","href":"https:\/\/api.w.org\/{rel}","templated":true}]}}