{"id":9994,"date":"2023-12-13T23:44:55","date_gmt":"2023-12-13T23:44:55","guid":{"rendered":"http:\/\/nowy.biosensual.eu\/?post_type=product&#038;p=9994"},"modified":"2026-03-26T12:53:00","modified_gmt":"2026-03-26T12:53:00","slug":"lato-bez-komarow-cytronella-lawenda-gozdzik-wanilia","status":"publish","type":"product","link":"https:\/\/biosensual.pl\/en\/product\/lato-bez-komarow-cytronella-lawenda-gozdzik-wanilia\/","title":{"rendered":"A MOSQUITO-FREE SUMMER"},"content":{"rendered":"<p>Natural candle for aromatherapy, massage and body care<br \/>\nSummer without mosquitoes (Citronella, Lavender, Clove, Vanilla)<\/p>\n<p>Immerse yourself in the summer aura with the natural \u201eSummer without mosquitoes\u201d candle. The combination of oils<br \/>\nessential oils of vanilla, lavender, clove and citronella will fill your space with a soothing aroma,<br \/>\nwhich will create a pleasant atmosphere both at home and on the terrace or gazebo. Made of vegetable wax, the candle burns cleanly and evenly without being smoky or smoky. What<br \/>\nmore, thanks to its slow combustion, you will enjoy its fragrance for as much as 30% longer than with the<br \/>\ntraditional paraffin candles. Once melted, you can use the vegetable wax from the candle for a gentle massage - nurturing<br \/>\nskin and leaves a subtle fragrance that soothes the body and mind.<\/p>\n<p>Essential oils contained:<\/p>\n<p>CYTRONELLA<\/p>\n<p>A peace of mind oil, it is characterised by a strong, sweet, citrusy and pleasant fragrance. It has antifungal, antiseptic and antiseptic properties. It has a calming effect, relieving severe nervous tension, migraines and headaches.<\/p>\n<p>LAWENDA<\/p>\n<p>The most popular essential oil. Only natural with a beautiful sensual fragrance. Eliminates headaches and migraine pains, lifts mood levels in a state of depression, increased stress, sleep problem and insomnia, irritability, tantrums. Reduces levels of microbial air pollution (destroys viruses). Eliminates nausea and vomiting reflexes has a normalising effect on the hormonal state contributes to improving the ability to focus attention and memory. Antiseptic; has strong antibacterial properties.<\/p>\n<p>GOSPEL<\/p>\n<p>It is distinguished by its pleasant, spicy fragrance. Its main active ingredient is eugenol, which has a strong bactericidal effect. It soothes upper respiratory tract infections, regulates the digestive system, strengthens the body's immune system, and reduces rheumatic complaints. It alleviates pain, stimulates mental activity, facilitates concentration and improves memory. It has anti-inflammatory, antiviral, antiseptic, antifungal and antiparasitic effects. Promotes the regeneration of skin struggling with problems such as ulcers, acne and inflammation. Repels insects. Stimulates work, improves memory and facilitates concentration.<\/p>\n<p>VANILLA<\/p>\n<p>Hypoallergenic fragrance composition, distinguished by its characteristic sweet scent. Combined with the ethereal effect of natural essential oils, it helps to relieve nervous tension, relax and unwind.<\/p>\n<p>Ingredients\/Ingredients<\/p>\n<p>Hydrogenated vegetable oil, Helianthus Annus (Sunflower Oil), Vanilla Plantifolia (Vanilla Oil), Lavandula angustifolia tea oil, Cymbopogon winterianus tea oil, Eugenia caryophyllus bud oil, Limonene, Citral, Linalool.<\/p>","protected":false},"excerpt":{"rendered":"<p><span style=\"color: #623413;\"><strong>Przyjemny dla ludzi, niezno\u015bny dla owad\u00f3w, pocz\u0119stuj swoje cia\u0142o olejkiem ze \u015bwiecy, a komar nie ugryzie.<\/strong><\/span><\/p>","protected":false},"featured_media":232,"template":"","meta":[],"product_brand":[],"product_cat":[184,450],"product_tag":[201,202,258,263,256,267,254,265,262,217,260,264,255,257,268,229,261,259,266],"class_list":{"0":"post-9994","1":"product","2":"type-product","3":"status-publish","4":"has-post-thumbnail","6":"product_cat-swiece","7":"product_cat-swiece-wg-kompozycji-zapachowej","8":"product_tag-aromaterapia","9":"product_tag-biosensual","10":"product_tag-ekoprodukty","11":"product_tag-masazterapeutyczny","12":"product_tag-masazzapachowy","13":"product_tag-naturalnapielegnacja","14":"product_tag-naturalneswiece","15":"product_tag-odpoczynek","16":"product_tag-olejkidomasazu","17":"product_tag-olejkieteryczne","18":"product_tag-olejkinaturalne","19":"product_tag-pielegnacjaciala","20":"product_tag-relaksacja","21":"product_tag-spawdomu","22":"product_tag-swiecedomasazu","23":"product_tag-wellness","24":"product_tag-wspomaganierelaksu","25":"product_tag-zdrowieiuroda","26":"product_tag-zrownowazonystylzycia","28":"first","29":"instock","30":"shipping-taxable","31":"purchasable","32":"product-type-variable"},"_links":{"self":[{"href":"https:\/\/biosensual.pl\/en\/wp-json\/wp\/v2\/product\/9994","targetHints":{"allow":["GET"]}}],"collection":[{"href":"https:\/\/biosensual.pl\/en\/wp-json\/wp\/v2\/product"}],"about":[{"href":"https:\/\/biosensual.pl\/en\/wp-json\/wp\/v2\/types\/product"}],"version-history":[{"count":4,"href":"https:\/\/biosensual.pl\/en\/wp-json\/wp\/v2\/product\/9994\/revisions"}],"predecessor-version":[{"id":13180,"href":"https:\/\/biosensual.pl\/en\/wp-json\/wp\/v2\/product\/9994\/revisions\/13180"}],"wp:featuredmedia":[{"embeddable":true,"href":"https:\/\/biosensual.pl\/en\/wp-json\/wp\/v2\/media\/232"}],"wp:attachment":[{"href":"https:\/\/biosensual.pl\/en\/wp-json\/wp\/v2\/media?parent=9994"}],"wp:term":[{"taxonomy":"product_brand","embeddable":true,"href":"https:\/\/biosensual.pl\/en\/wp-json\/wp\/v2\/product_brand?post=9994"},{"taxonomy":"product_cat","embeddable":true,"href":"https:\/\/biosensual.pl\/en\/wp-json\/wp\/v2\/product_cat?post=9994"},{"taxonomy":"product_tag","embeddable":true,"href":"https:\/\/biosensual.pl\/en\/wp-json\/wp\/v2\/product_tag?post=9994"}],"curies":[{"name":"wp","href":"https:\/\/api.w.org\/{rel}","templated":true}]}}